{"id":217267,"date":"2026-04-12T13:57:45","date_gmt":"2026-04-12T13:57:45","guid":{"rendered":"https:\/\/modesthanim.com\/product\/basak-elbise-siyah\/"},"modified":"2026-04-12T13:58:00","modified_gmt":"2026-04-12T13:58:00","slug":"basak-elbise-siyah","status":"publish","type":"product","link":"https:\/\/mod.wisdar.net\/tr\/urun\/basak-elbise-siyah\/","title":{"rendered":"Ba\u015fak Elbise Siyah"},"content":{"rendered":"<p>Elbise 1.S\u0131n\u0131f Tensel Kuma\u015ft\u0131r Elbise A\u00e7\u0131labilir D\u00fc\u011fme Detayl\u0131d\u0131r Elbise Seyyar Kemerlidir Elbise Boy:137 cm Elbise G\u00f6\u011f\u00fcs:52cm Omuz 51cm Elbise Bel:41cm<\/p>\n","protected":false},"excerpt":{"rendered":"<p>Elbise 1.S\u0131n\u0131f Tensel Kuma\u015ft\u0131r Elbise A\u00e7\u0131labilir D\u00fc\u011fme Detayl\u0131d\u0131r Elbise Seyyar Kemerlidir Elbise Boy:137 cm Elbise G\u00f6\u011f\u00fcs:52cm Omuz 51cm Elbise Bel:41cm<\/p>\n","protected":false},"featured_media":217261,"comment_status":"open","ping_status":"closed","template":"","meta":[],"product_brand":[],"product_cat":[6249,1933],"product_tag":[6937],"class_list":{"0":"post-217267","1":"product","2":"type-product","3":"status-publish","4":"has-post-thumbnail","6":"product_cat-elbiseler","7":"product_cat-gunluk-ve-gunduz-elbiseleri","8":"product_tag-siyah-elbise","9":"pa_brand-butikkolik","10":"pa_color-siyah","11":"pa_size-4706","12":"pa_size-4711","13":"pa_size-4713","14":"pa_size-4751","16":"first","17":"instock","18":"sale","19":"shipping-taxable","20":"purchasable","21":"product-type-variable"},"_links":{"self":[{"href":"https:\/\/mod.wisdar.net\/tr\/wp-json\/wp\/v2\/product\/217267","targetHints":{"allow":["GET"]}}],"collection":[{"href":"https:\/\/mod.wisdar.net\/tr\/wp-json\/wp\/v2\/product"}],"about":[{"href":"https:\/\/mod.wisdar.net\/tr\/wp-json\/wp\/v2\/types\/product"}],"replies":[{"embeddable":true,"href":"https:\/\/mod.wisdar.net\/tr\/wp-json\/wp\/v2\/comments?post=217267"}],"wp:featuredmedia":[{"embeddable":true,"href":"https:\/\/mod.wisdar.net\/tr\/wp-json\/wp\/v2\/media\/217261"}],"wp:attachment":[{"href":"https:\/\/mod.wisdar.net\/tr\/wp-json\/wp\/v2\/media?parent=217267"}],"wp:term":[{"taxonomy":"product_brand","embeddable":true,"href":"https:\/\/mod.wisdar.net\/tr\/wp-json\/wp\/v2\/product_brand?post=217267"},{"taxonomy":"product_cat","embeddable":true,"href":"https:\/\/mod.wisdar.net\/tr\/wp-json\/wp\/v2\/product_cat?post=217267"},{"taxonomy":"product_tag","embeddable":true,"href":"https:\/\/mod.wisdar.net\/tr\/wp-json\/wp\/v2\/product_tag?post=217267"}],"curies":[{"name":"wp","href":"https:\/\/api.w.org\/{rel}","templated":true}]}}