{"id":21732,"date":"2025-11-02T14:55:21","date_gmt":"2025-11-02T14:55:21","guid":{"rendered":"https:\/\/modesthanim.com\/product\/nakisli-bluz-indigo\/"},"modified":"2026-03-17T21:31:42","modified_gmt":"2026-03-17T21:31:42","slug":"nakisli-bluz-indigo","status":"publish","type":"product","link":"https:\/\/mod.wisdar.net\/tr\/urun\/nakisli-bluz-indigo\/","title":{"rendered":"Nak\u0131\u015fl\u0131 Bluz \u2013 \u0130ndigo"},"content":{"rendered":"<p>Zarif nak\u0131\u015f detaylar\u0131yla \u00f6ne \u00e7\u0131kan bu bluz, sade tasar\u0131m\u0131na \u015f\u0131kl\u0131k katar. Hafif ve d\u00f6k\u00fcml\u00fc yap\u0131s\u0131yla g\u00fcn boyu konforlu bir kullan\u0131m sunar. G\u00fcnl\u00fck kombinlerinize feminen bir dokunu\u015f ekler.<\/p>\n<p>Kuma\u015f \u0130\u00e7eri\u011fi: %100 Lyocell<br \/>\nDesen: D\u00fcz \u2013 Nak\u0131\u015fl\u0131<br \/>\nYaka Tipi: S\u0131f\u0131r Yaka<br \/>\nKol Tipi: Uzun Kol<br \/>\nCep: Cepsiz<br \/>\nAstar: Astars\u0131z<br \/>\n\u00dcr\u00fcn Boyu: 60 cm<br \/>\nKal\u0131p Tipi: Normal Kal\u0131p<br \/>\nMankenin Giydi\u011fi Beden: 38<\/p>\n<p>Manken \u00d6l\u00e7\u00fcleri: Boy: 175 cm, G\u00f6\u011f\u00fcs: 80 cm, Bel: 62 cm, Basen: 90 cm<\/p>\n<p>\u2014 Technical Details \u2014<br \/>\nDesen: D\u00fcz \u2013 Nak\u0131\u015fl\u0131<br \/>\nYaka Tipi: S\u0131f\u0131r Yaka<br \/>\nKol Tipi: Uzun Kol<br \/>\nCep: Cepsiz<br \/>\nAstar: Astars\u0131z<br \/>\n\u00dcr\u00fcn Boyu: 60 cm<br \/>\nKal\u0131p Tipi: Normal Kal\u0131p<br \/>\nMankenin Giydi\u011fi Beden: 38<br \/>\nManken \u00d6l\u00e7\u00fcleri: {&#8216;Boy&#8217;: &#8216;175 cm&#8217;, &#8216;G\u00f6\u011f\u00fcs&#8217;: &#8217;80 cm&#8217;, &#8216;Bel&#8217;: &#8217;62 cm&#8217;, &#8216;Basen&#8217;: &#8217;90 cm&#8217;}<\/p>\n","protected":false},"excerpt":{"rendered":"<p>Zarif nak\u0131\u015f detaylar\u0131yla \u00f6ne \u00e7\u0131kan bu bluz, sade tasar\u0131m\u0131na \u015f\u0131kl\u0131k katar. Hafif ve d\u00f6k\u00fcml\u00fc yap\u0131s\u0131yla g\u00fcn boyu konforlu bir kullan\u0131m sunar. G\u00fcnl\u00fck kombinlerinize feminen bir dokunu\u015f ekler. Kuma\u015f \u0130\u00e7eri\u011fi: %100 Lyocell Desen: D\u00fcz \u2013 Nak\u0131\u015fl\u0131 Yaka Tipi: S\u0131f\u0131r Yaka Kol Tipi: Uzun Kol Cep: Cepsiz Astar: Astars\u0131z \u00dcr\u00fcn Boyu: 60 cm Kal\u0131p Tipi: Normal Kal\u0131p [&hellip;]<\/p>\n","protected":false},"featured_media":0,"comment_status":"open","ping_status":"closed","template":"","meta":[],"product_brand":[],"product_cat":[1909],"product_tag":[5012,7354,6766],"class_list":{"0":"post-21732","1":"product","2":"type-product","3":"status-publish","5":"product_cat-bluzlar-ve-gomlekler","6":"product_tag-elegant","7":"product_tag-gunluk-giyim-2","8":"product_tag-hafif","9":"pa_color-indigo","10":"pa_size-4706","11":"pa_size-4711","12":"pa_size-4713","13":"pa_size-4751","14":"pa_size-4749","15":"pa_size-4747","17":"first","18":"instock","19":"sale","20":"shipping-taxable","21":"purchasable","22":"product-type-variable"},"_links":{"self":[{"href":"https:\/\/mod.wisdar.net\/tr\/wp-json\/wp\/v2\/product\/21732","targetHints":{"allow":["GET"]}}],"collection":[{"href":"https:\/\/mod.wisdar.net\/tr\/wp-json\/wp\/v2\/product"}],"about":[{"href":"https:\/\/mod.wisdar.net\/tr\/wp-json\/wp\/v2\/types\/product"}],"replies":[{"embeddable":true,"href":"https:\/\/mod.wisdar.net\/tr\/wp-json\/wp\/v2\/comments?post=21732"}],"wp:attachment":[{"href":"https:\/\/mod.wisdar.net\/tr\/wp-json\/wp\/v2\/media?parent=21732"}],"wp:term":[{"taxonomy":"product_brand","embeddable":true,"href":"https:\/\/mod.wisdar.net\/tr\/wp-json\/wp\/v2\/product_brand?post=21732"},{"taxonomy":"product_cat","embeddable":true,"href":"https:\/\/mod.wisdar.net\/tr\/wp-json\/wp\/v2\/product_cat?post=21732"},{"taxonomy":"product_tag","embeddable":true,"href":"https:\/\/mod.wisdar.net\/tr\/wp-json\/wp\/v2\/product_tag?post=21732"}],"curies":[{"name":"wp","href":"https:\/\/api.w.org\/{rel}","templated":true}]}}