{"id":217632,"date":"2026-04-12T16:56:22","date_gmt":"2026-04-12T16:56:22","guid":{"rendered":"https:\/\/modesthanim.com\/product\/mavi-baskili-erkek-cocuk-pijama-takim\/"},"modified":"2026-04-12T17:12:52","modified_gmt":"2026-04-12T17:12:52","slug":"mavi-baskili-erkek-cocuk-pijama-takim","status":"publish","type":"product","link":"https:\/\/mod.wisdar.net\/tr\/urun\/mavi-baskili-erkek-cocuk-pijama-takim\/","title":{"rendered":"Mavi Bask\u0131l\u0131 Erkek \u00c7ocuk Pijama Tak\u0131m"},"content":{"rendered":"<p>LCW Kids Mavi Bask\u0131l\u0131 Erkek \u00c7ocuk Pijama Tak\u0131m size \u00f6zel indirim, taksit ve kap\u0131da \u00f6deme avantajlar\u0131yla LCW&#8217;de! Hemen online al\u0131\u015fveri\u015f yap, \u00fcr\u00fcn kap\u0131na gelsin! \u2013 S6B094Z4-KCK<\/p>\n<p>\u2014 Technical Details \u2014<br \/>\n\u00dcr\u00fcn Tipi: Pijama Tak\u0131m<br \/>\nCinsiyet: Erkek \u00c7ocuk<br \/>\nKal\u0131p: Standart &amp; Regular<br \/>\nKuma\u015f: Penye<br \/>\nBel Fiti: Beli Lastikli<br \/>\nDesen: Bask\u0131l\u0131<br \/>\nYaka: Bisiklet Yaka<br \/>\nPa\u00e7a Fiti: Lastikli Pa\u00e7a<br \/>\nKol Boyu: K\u0131sa Kollu<br \/>\nMalzeme: %100 Pamuk<br \/>\nPar\u00e7a Say\u0131s\u0131: 2 Par\u00e7a<\/p>\n","protected":false},"excerpt":{"rendered":"<p>LCW Kids Mavi Bask\u0131l\u0131 Erkek \u00c7ocuk Pijama Tak\u0131m size \u00f6zel indirim, taksit ve kap\u0131da \u00f6deme avantajlar\u0131yla LCW&#8217;de! Hemen online al\u0131\u015fveri\u015f yap, \u00fcr\u00fcn kap\u0131na gelsin! \u2013 S6B094Z4-KCK \u2014 Technical Details \u2014 \u00dcr\u00fcn Tipi: Pijama Tak\u0131m Cinsiyet: Erkek \u00c7ocuk Kal\u0131p: Standart &amp; Regular Kuma\u015f: Penye Bel Fiti: Beli Lastikli Desen: Bask\u0131l\u0131 Yaka: Bisiklet Yaka Pa\u00e7a Fiti: Lastikli [&hellip;]<\/p>\n","protected":false},"featured_media":217624,"comment_status":"open","ping_status":"closed","template":"","meta":[],"product_brand":[],"product_cat":[8739,8694,8754],"product_tag":[12749,9790,12750,9791,9371],"class_list":{"0":"post-217632","1":"product","2":"type-product","3":"status-publish","4":"has-post-thumbnail","6":"product_cat-erkek-cocuklar-2-14-yas","7":"product_cat-cocuklar","8":"product_cat-pijama","9":"product_tag-blue-printed-pajamas","10":"product_tag-boys-pajamas","11":"product_tag-childrens-nightwear","12":"product_tag-cotton-pajama-set","13":"product_tag-kids-sleepwear","14":"pa_brand-lcw-kids","15":"pa_color-orta-mavi-2","16":"pa_size-10-11-yas","17":"pa_size-11-12-yas","18":"pa_size-12-13-yas","19":"pa_size-13-14-yas","20":"pa_size-7-8-yas","21":"pa_size-8-9-yas","22":"pa_size-9-10-yas","24":"first","25":"instock","26":"sale","27":"shipping-taxable","28":"purchasable","29":"product-type-variable"},"_links":{"self":[{"href":"https:\/\/mod.wisdar.net\/tr\/wp-json\/wp\/v2\/product\/217632","targetHints":{"allow":["GET"]}}],"collection":[{"href":"https:\/\/mod.wisdar.net\/tr\/wp-json\/wp\/v2\/product"}],"about":[{"href":"https:\/\/mod.wisdar.net\/tr\/wp-json\/wp\/v2\/types\/product"}],"replies":[{"embeddable":true,"href":"https:\/\/mod.wisdar.net\/tr\/wp-json\/wp\/v2\/comments?post=217632"}],"wp:featuredmedia":[{"embeddable":true,"href":"https:\/\/mod.wisdar.net\/tr\/wp-json\/wp\/v2\/media\/217624"}],"wp:attachment":[{"href":"https:\/\/mod.wisdar.net\/tr\/wp-json\/wp\/v2\/media?parent=217632"}],"wp:term":[{"taxonomy":"product_brand","embeddable":true,"href":"https:\/\/mod.wisdar.net\/tr\/wp-json\/wp\/v2\/product_brand?post=217632"},{"taxonomy":"product_cat","embeddable":true,"href":"https:\/\/mod.wisdar.net\/tr\/wp-json\/wp\/v2\/product_cat?post=217632"},{"taxonomy":"product_tag","embeddable":true,"href":"https:\/\/mod.wisdar.net\/tr\/wp-json\/wp\/v2\/product_tag?post=217632"}],"curies":[{"name":"wp","href":"https:\/\/api.w.org\/{rel}","templated":true}]}}