{"id":21775,"date":"2025-11-02T14:56:18","date_gmt":"2025-11-02T14:56:18","guid":{"rendered":"https:\/\/modesthanim.com\/product\/yandan-yirtmacli-gomlek-haki\/"},"modified":"2026-04-12T22:20:40","modified_gmt":"2026-04-12T22:20:40","slug":"yandan-yirtmacli-gomlek-haki","status":"publish","type":"product","link":"https:\/\/mod.wisdar.net\/tr\/urun\/yandan-yirtmacli-gomlek-haki\/","title":{"rendered":"Yandan Y\u0131rtma\u00e7l\u0131 G\u00f6mlek \u2013 Haki"},"content":{"rendered":"<p>Zamans\u0131z form, modern detaylarla yeniden yorumland\u0131\u2026 Klasik g\u00f6mlek kesimini, yan y\u0131rtma\u00e7 detaylar\u0131yla daha hareketli ve konforlu hale getiren bu tasar\u0131m; hem \u015f\u0131k hem fonksiyonel.<\/p>\n<p>\u2014 Technical Details \u2014<br \/>\nDesen: D\u00fcz<br \/>\nYaka Tipi: Hakim Yaka<br \/>\nKol Tipi: Reglan Kol<br \/>\nCep: Cepsiz<br \/>\nAstar: Astars\u0131z<br \/>\n\u00dcr\u00fcn Boyu: 70 cm<br \/>\nKal\u0131p Tipi: Normal Kal\u0131p<br \/>\nMankenin Giydi\u011fi Beden: 36<br \/>\nManken \u00d6l\u00e7\u00fcleri: {&#8216;Boy&#8217;: &#8216;177 cm&#8217;, &#8216;G\u00f6\u011f\u00fcs&#8217;: &#8217;88 cm&#8217;, &#8216;Bel&#8217;: &#8217;58 cm&#8217;, &#8216;Basen&#8217;: &#8217;93 cm&#8217;}<\/p>\n","protected":false},"excerpt":{"rendered":"<p>Zamans\u0131z form, modern detaylarla yeniden yorumland\u0131\u2026 Klasik g\u00f6mlek kesimini, yan y\u0131rtma\u00e7 detaylar\u0131yla daha hareketli ve konforlu hale getiren bu tasar\u0131m; hem \u015f\u0131k hem fonksiyonel. \u2014 Technical Details \u2014 Desen: D\u00fcz Yaka Tipi: Hakim Yaka Kol Tipi: Reglan Kol Cep: Cepsiz Astar: Astars\u0131z \u00dcr\u00fcn Boyu: 70 cm Kal\u0131p Tipi: Normal Kal\u0131p Mankenin Giydi\u011fi Beden: 36 Manken [&hellip;]<\/p>\n","protected":false},"featured_media":0,"comment_status":"open","ping_status":"closed","template":"","meta":[],"product_brand":[],"product_cat":[1909],"product_tag":[8107],"class_list":{"0":"post-21775","1":"product","2":"type-product","3":"status-publish","5":"product_cat-bluzlar-ve-gomlekler","6":"product_tag-sik","7":"pa_brand-tugba","8":"pa_color-haki","9":"pa_size-4701","10":"pa_size-4706","11":"pa_size-4711","12":"pa_size-4713","13":"pa_size-4751","15":"first","16":"instock","17":"sale","18":"shipping-taxable","19":"purchasable","20":"product-type-variable"},"_links":{"self":[{"href":"https:\/\/mod.wisdar.net\/tr\/wp-json\/wp\/v2\/product\/21775","targetHints":{"allow":["GET"]}}],"collection":[{"href":"https:\/\/mod.wisdar.net\/tr\/wp-json\/wp\/v2\/product"}],"about":[{"href":"https:\/\/mod.wisdar.net\/tr\/wp-json\/wp\/v2\/types\/product"}],"replies":[{"embeddable":true,"href":"https:\/\/mod.wisdar.net\/tr\/wp-json\/wp\/v2\/comments?post=21775"}],"wp:attachment":[{"href":"https:\/\/mod.wisdar.net\/tr\/wp-json\/wp\/v2\/media?parent=21775"}],"wp:term":[{"taxonomy":"product_brand","embeddable":true,"href":"https:\/\/mod.wisdar.net\/tr\/wp-json\/wp\/v2\/product_brand?post=21775"},{"taxonomy":"product_cat","embeddable":true,"href":"https:\/\/mod.wisdar.net\/tr\/wp-json\/wp\/v2\/product_cat?post=21775"},{"taxonomy":"product_tag","embeddable":true,"href":"https:\/\/mod.wisdar.net\/tr\/wp-json\/wp\/v2\/product_tag?post=21775"}],"curies":[{"name":"wp","href":"https:\/\/api.w.org\/{rel}","templated":true}]}}