{"id":21793,"date":"2025-11-02T14:56:28","date_gmt":"2025-11-02T14:56:28","guid":{"rendered":"https:\/\/modesthanim.com\/product\/sifir-yaka-mansetli-gomlek-bej\/"},"modified":"2026-03-17T21:42:27","modified_gmt":"2026-03-17T21:42:27","slug":"sifir-yaka-mansetli-gomlek-bej","status":"publish","type":"product","link":"https:\/\/mod.wisdar.net\/tr\/urun\/sifir-yaka-mansetli-gomlek-bej\/","title":{"rendered":"S\u0131f\u0131r Yaka Man\u015fetli G\u00f6mlek \u2013 Bej"},"content":{"rendered":"<p>S\u0131f\u0131r yaka tasar\u0131m\u0131yla modern ve sade bir g\u00f6r\u00fcn\u00fcm sunan bu g\u00f6mlek, man\u015fet detaylar\u0131yla zarif bir dokunu\u015f kazan\u0131yor.<\/p>\n<p>Kuma\u015f \u0130\u00e7eri\u011fi: %69 Viskon, %17 Keten, %14 Polyamide<br \/>\nDesen: D\u00fcz<br \/>\nYaka Tipi: S\u0131f\u0131r Yaka<br \/>\nKol Tipi: Uzun Kol<br \/>\nCep: Cepsiz<br \/>\nAstar: Astars\u0131z<br \/>\n\u00dcr\u00fcn Boyu: 75 cm<br \/>\nKal\u0131p Tipi: Normal Kal\u0131p<br \/>\nMankenin Giydi\u011fi Beden: 38<br \/>\nManken \u00d6l\u00e7\u00fcleri: Boy: 174 cm G\u00f6\u011f\u00fcs: 81 cm Bel: 61 cm Basen: 92 cm<\/p>\n<p>\u2014 Technical Details \u2014<br \/>\nDesen: D\u00fcz<br \/>\nYaka Tipi: S\u0131f\u0131r Yaka<br \/>\nKol Tipi: Uzun Kol<br \/>\nCep: Cepsiz<br \/>\nAstar: Astars\u0131z<br \/>\n\u00dcr\u00fcn Boyu: 75 cm<br \/>\nKal\u0131p Tipi: Normal Kal\u0131p<br \/>\nMankenin Giydi\u011fi Beden: 38<br \/>\nManken \u00d6l\u00e7\u00fcleri: Boy: 174 cm, G\u00f6\u011f\u00fcs: 81 cm, Bel: 61 cm, Basen: 92 cm<\/p>\n","protected":false},"excerpt":{"rendered":"<p>S\u0131f\u0131r yaka tasar\u0131m\u0131yla modern ve sade bir g\u00f6r\u00fcn\u00fcm sunan bu g\u00f6mlek, man\u015fet detaylar\u0131yla zarif bir dokunu\u015f kazan\u0131yor. Kuma\u015f \u0130\u00e7eri\u011fi: %69 Viskon, %17 Keten, %14 Polyamide Desen: D\u00fcz Yaka Tipi: S\u0131f\u0131r Yaka Kol Tipi: Uzun Kol Cep: Cepsiz Astar: Astars\u0131z \u00dcr\u00fcn Boyu: 75 cm Kal\u0131p Tipi: Normal Kal\u0131p Mankenin Giydi\u011fi Beden: 38 Manken \u00d6l\u00e7\u00fcleri: Boy: 174 [&hellip;]<\/p>\n","protected":false},"featured_media":0,"comment_status":"open","ping_status":"closed","template":"","meta":[],"product_brand":[],"product_cat":[1909],"product_tag":[5012,5013],"class_list":{"0":"post-21793","1":"product","2":"type-product","3":"status-publish","5":"product_cat-bluzlar-ve-gomlekler","6":"product_tag-elegant","7":"product_tag-modern","8":"pa_color-bej","9":"pa_size-4706","10":"pa_size-4711","11":"pa_size-4713","12":"pa_size-4751","13":"pa_size-4749","14":"pa_size-4747","16":"first","17":"instock","18":"sale","19":"shipping-taxable","20":"purchasable","21":"product-type-variable"},"_links":{"self":[{"href":"https:\/\/mod.wisdar.net\/tr\/wp-json\/wp\/v2\/product\/21793","targetHints":{"allow":["GET"]}}],"collection":[{"href":"https:\/\/mod.wisdar.net\/tr\/wp-json\/wp\/v2\/product"}],"about":[{"href":"https:\/\/mod.wisdar.net\/tr\/wp-json\/wp\/v2\/types\/product"}],"replies":[{"embeddable":true,"href":"https:\/\/mod.wisdar.net\/tr\/wp-json\/wp\/v2\/comments?post=21793"}],"wp:attachment":[{"href":"https:\/\/mod.wisdar.net\/tr\/wp-json\/wp\/v2\/media?parent=21793"}],"wp:term":[{"taxonomy":"product_brand","embeddable":true,"href":"https:\/\/mod.wisdar.net\/tr\/wp-json\/wp\/v2\/product_brand?post=21793"},{"taxonomy":"product_cat","embeddable":true,"href":"https:\/\/mod.wisdar.net\/tr\/wp-json\/wp\/v2\/product_cat?post=21793"},{"taxonomy":"product_tag","embeddable":true,"href":"https:\/\/mod.wisdar.net\/tr\/wp-json\/wp\/v2\/product_tag?post=21793"}],"curies":[{"name":"wp","href":"https:\/\/api.w.org\/{rel}","templated":true}]}}