{"id":217997,"date":"2026-04-12T17:05:15","date_gmt":"2026-04-12T17:05:15","guid":{"rendered":"https:\/\/modesthanim.com\/product\/beyaz-stumble-guys-baskili-erkek-cocuk-sortlu-pijama-takimi\/"},"modified":"2026-04-12T17:08:23","modified_gmt":"2026-04-12T17:08:23","slug":"beyaz-stumble-guys-baskili-erkek-cocuk-sortlu-pijama-takimi","status":"publish","type":"product","link":"https:\/\/mod.wisdar.net\/tr\/urun\/beyaz-stumble-guys-baskili-erkek-cocuk-sortlu-pijama-takimi\/","title":{"rendered":"Beyaz Stumble Guys Bask\u0131l\u0131 Erkek \u00c7ocuk \u015eortlu Pijama Tak\u0131m\u0131"},"content":{"rendered":"<p>LCW Kids Beyaz Stumble Guys Bask\u0131l\u0131 Erkek \u00c7ocuk \u015eortlu Pijama Tak\u0131m\u0131 size \u00f6zel indirim, taksit ve kap\u0131da \u00f6deme avantajlar\u0131yla LCW&#8217;de! Hemen online al\u0131\u015fveri\u015f yap, \u00fcr\u00fcn kap\u0131na gelsin! \u2013 S6L980Z4-LU7<\/p>\n<p>\u2014 Technical Details \u2014<br \/>\nMen\u015fei: Banglade\u015f,Turk\u0131ye<br \/>\nSat\u0131c\u0131: LC Waikiki<br \/>\nMarka: LCW Kids<br \/>\n\u00dcr\u00fcn Tipi: \u015eortlu Pijama Tak\u0131m\u0131<br \/>\nCinsiyet: Erkek \u00c7ocuk<br \/>\nDesen: Bask\u0131l\u0131<br \/>\nKal\u0131p: Standart &amp; Regular<br \/>\nKol Boyu: K\u0131sa Kollu<br \/>\nKuma\u015f: Penye<br \/>\nLisans: Stumble Guys<br \/>\nMalzeme: %100 Pamuk<br \/>\nYaka: Bisiklet Yaka<br \/>\nBel Fiti: Beli Lastikli<br \/>\nPar\u00e7a Say\u0131s\u0131: 2 Par\u00e7a<br \/>\nUzunluk: K\u0131sa<\/p>\n","protected":false},"excerpt":{"rendered":"<p>LCW Kids Beyaz Stumble Guys Bask\u0131l\u0131 Erkek \u00c7ocuk \u015eortlu Pijama Tak\u0131m\u0131 size \u00f6zel indirim, taksit ve kap\u0131da \u00f6deme avantajlar\u0131yla LCW&#8217;de! Hemen online al\u0131\u015fveri\u015f yap, \u00fcr\u00fcn kap\u0131na gelsin! \u2013 S6L980Z4-LU7 \u2014 Technical Details \u2014 Men\u015fei: Banglade\u015f,Turk\u0131ye Sat\u0131c\u0131: LC Waikiki Marka: LCW Kids \u00dcr\u00fcn Tipi: \u015eortlu Pijama Tak\u0131m\u0131 Cinsiyet: Erkek \u00c7ocuk Desen: Bask\u0131l\u0131 Kal\u0131p: Standart &amp; Regular [&hellip;]<\/p>\n","protected":false},"featured_media":217984,"comment_status":"open","ping_status":"closed","template":"","meta":[],"product_brand":[],"product_cat":[8739,8715,8694,8754],"product_tag":[9790,9791,9371,9363,8838],"class_list":{"0":"post-217997","1":"product","2":"type-product","3":"status-publish","4":"has-post-thumbnail","6":"product_cat-erkek-cocuklar-2-14-yas","7":"product_cat-kiz-cocuklari-2-14-yas","8":"product_cat-cocuklar","9":"product_cat-pijama","10":"product_tag-boys-pajamas","11":"product_tag-cotton-pajama-set","12":"product_tag-kids-sleepwear","13":"product_tag-printed-pajamas","14":"product_tag-stumble-guys","15":"pa_brand-lcw-kids","16":"pa_color-beyaz","17":"pa_size-10-11-yas","18":"pa_size-11-12-yas","19":"pa_size-12-13-yas","20":"pa_size-13-14-yas","21":"pa_size-7-8-yas","22":"pa_size-8-9-yas","23":"pa_size-9-10-yas","25":"first","26":"instock","27":"sale","28":"shipping-taxable","29":"purchasable","30":"product-type-variable"},"_links":{"self":[{"href":"https:\/\/mod.wisdar.net\/tr\/wp-json\/wp\/v2\/product\/217997","targetHints":{"allow":["GET"]}}],"collection":[{"href":"https:\/\/mod.wisdar.net\/tr\/wp-json\/wp\/v2\/product"}],"about":[{"href":"https:\/\/mod.wisdar.net\/tr\/wp-json\/wp\/v2\/types\/product"}],"replies":[{"embeddable":true,"href":"https:\/\/mod.wisdar.net\/tr\/wp-json\/wp\/v2\/comments?post=217997"}],"wp:featuredmedia":[{"embeddable":true,"href":"https:\/\/mod.wisdar.net\/tr\/wp-json\/wp\/v2\/media\/217984"}],"wp:attachment":[{"href":"https:\/\/mod.wisdar.net\/tr\/wp-json\/wp\/v2\/media?parent=217997"}],"wp:term":[{"taxonomy":"product_brand","embeddable":true,"href":"https:\/\/mod.wisdar.net\/tr\/wp-json\/wp\/v2\/product_brand?post=217997"},{"taxonomy":"product_cat","embeddable":true,"href":"https:\/\/mod.wisdar.net\/tr\/wp-json\/wp\/v2\/product_cat?post=217997"},{"taxonomy":"product_tag","embeddable":true,"href":"https:\/\/mod.wisdar.net\/tr\/wp-json\/wp\/v2\/product_tag?post=217997"}],"curies":[{"name":"wp","href":"https:\/\/api.w.org\/{rel}","templated":true}]}}