{"id":218133,"date":"2026-04-12T18:19:07","date_gmt":"2026-04-12T18:19:07","guid":{"rendered":"https:\/\/modesthanim.com\/product\/beyaz-gomlek-yaka-fiyonk-desenli-kiz-cocuk-sortlu-pijama-takimi\/"},"modified":"2026-04-12T18:19:37","modified_gmt":"2026-04-12T18:19:37","slug":"beyaz-gomlek-yaka-fiyonk-desenli-kiz-cocuk-sortlu-pijama-takimi","status":"publish","type":"product","link":"https:\/\/mod.wisdar.net\/tr\/urun\/beyaz-gomlek-yaka-fiyonk-desenli-kiz-cocuk-sortlu-pijama-takimi\/","title":{"rendered":"Beyaz G\u00f6mlek Yaka Fiyonk Desenli K\u0131z \u00c7ocuk \u015eortlu Pijama Tak\u0131m\u0131"},"content":{"rendered":"<p>LCW Kids Beyaz G\u00f6mlek Yaka Fiyonk Desenli K\u0131z \u00c7ocuk \u015eortlu Pijama Tak\u0131m\u0131 size \u00f6zel indirim, taksit ve kap\u0131da \u00f6deme avantajlar\u0131yla LCW&#8217;de! Hemen online al\u0131\u015fveri\u015f yap, \u00fcr\u00fcn kap\u0131na gelsin! \u2013 S6AH52Z4-LU7<\/p>\n<p>\u2014 Technical Details \u2014<br \/>\nMen\u015fei: Hindistan,Turk\u0131ye<br \/>\nSat\u0131c\u0131: LC Waikiki<br \/>\nMarka: LCW Kids<br \/>\n\u00dcr\u00fcn Tipi: \u015eortlu Pijama Tak\u0131m\u0131<br \/>\nCinsiyet: K\u0131z \u00c7ocuk<br \/>\nDesen: Bask\u0131l\u0131<br \/>\nKal\u0131p: Standart &amp; Regular<br \/>\nKol Boyu: K\u0131sa Kollu<br \/>\nKuma\u015f: Penye<br \/>\nMalzeme: %100 Pamuk<br \/>\nYaka: G\u00f6mlek Yaka<br \/>\nBel Fiti: Beli Lastikli<br \/>\nPar\u00e7a Say\u0131s\u0131: 2 Par\u00e7a<br \/>\nEk \u00d6zellik: D\u00fc\u011fmeli<\/p>\n","protected":false},"excerpt":{"rendered":"<p>LCW Kids Beyaz G\u00f6mlek Yaka Fiyonk Desenli K\u0131z \u00c7ocuk \u015eortlu Pijama Tak\u0131m\u0131 size \u00f6zel indirim, taksit ve kap\u0131da \u00f6deme avantajlar\u0131yla LCW&#8217;de! Hemen online al\u0131\u015fveri\u015f yap, \u00fcr\u00fcn kap\u0131na gelsin! \u2013 S6AH52Z4-LU7 \u2014 Technical Details \u2014 Men\u015fei: Hindistan,Turk\u0131ye Sat\u0131c\u0131: LC Waikiki Marka: LCW Kids \u00dcr\u00fcn Tipi: \u015eortlu Pijama Tak\u0131m\u0131 Cinsiyet: K\u0131z \u00c7ocuk Desen: Bask\u0131l\u0131 Kal\u0131p: Standart &amp; [&hellip;]<\/p>\n","protected":false},"featured_media":218120,"comment_status":"open","ping_status":"closed","template":"","meta":[],"product_brand":[],"product_cat":[8715,8694,8730],"product_tag":[6771],"class_list":{"0":"post-218133","1":"product","2":"type-product","3":"status-publish","4":"has-post-thumbnail","6":"product_cat-kiz-cocuklari-2-14-yas","7":"product_cat-cocuklar","8":"product_cat-pijama","9":"product_tag-gomlek-yaka","10":"pa_brand-lcw-kids","11":"pa_color-beyaz","12":"pa_size-10-11-yas","13":"pa_size-11-12-yas","14":"pa_size-12-13-yas","15":"pa_size-13-14-yas","16":"pa_size-7-8-yas","17":"pa_size-8-9-yas","18":"pa_size-9-10-yas","20":"first","21":"instock","22":"sale","23":"shipping-taxable","24":"purchasable","25":"product-type-variable"},"_links":{"self":[{"href":"https:\/\/mod.wisdar.net\/tr\/wp-json\/wp\/v2\/product\/218133","targetHints":{"allow":["GET"]}}],"collection":[{"href":"https:\/\/mod.wisdar.net\/tr\/wp-json\/wp\/v2\/product"}],"about":[{"href":"https:\/\/mod.wisdar.net\/tr\/wp-json\/wp\/v2\/types\/product"}],"replies":[{"embeddable":true,"href":"https:\/\/mod.wisdar.net\/tr\/wp-json\/wp\/v2\/comments?post=218133"}],"wp:featuredmedia":[{"embeddable":true,"href":"https:\/\/mod.wisdar.net\/tr\/wp-json\/wp\/v2\/media\/218120"}],"wp:attachment":[{"href":"https:\/\/mod.wisdar.net\/tr\/wp-json\/wp\/v2\/media?parent=218133"}],"wp:term":[{"taxonomy":"product_brand","embeddable":true,"href":"https:\/\/mod.wisdar.net\/tr\/wp-json\/wp\/v2\/product_brand?post=218133"},{"taxonomy":"product_cat","embeddable":true,"href":"https:\/\/mod.wisdar.net\/tr\/wp-json\/wp\/v2\/product_cat?post=218133"},{"taxonomy":"product_tag","embeddable":true,"href":"https:\/\/mod.wisdar.net\/tr\/wp-json\/wp\/v2\/product_tag?post=218133"}],"curies":[{"name":"wp","href":"https:\/\/api.w.org\/{rel}","templated":true}]}}