{"id":21829,"date":"2025-11-02T14:57:06","date_gmt":"2025-11-02T14:57:06","guid":{"rendered":"https:\/\/modesthanim.com\/product\/siyah-file-detayli-gomlek-tunik\/"},"modified":"2026-02-18T23:09:54","modified_gmt":"2026-02-18T23:09:54","slug":"siyah-file-detayli-gomlek-tunik","status":"publish","type":"product","link":"https:\/\/mod.wisdar.net\/tr\/urun\/siyah-file-detayli-gomlek-tunik\/","title":{"rendered":"Siyah File Detayl\u0131 G\u00f6mlek Tunik"},"content":{"rendered":"<p>Siyah File Cep Detayl\u0131 G\u00f6mlek Tunik ile modern ve rahat bir stil yakalay\u0131n. ALLDAY&#8217;in G\u00f6mlek Tunik kategorisindeki di\u011fer modelleri ke\u015ffedin. K\u0131yafetinizi Siyah File Cep Detayl\u0131 G\u00f6mlek Tunik ile tamamlay\u0131n!<\/p>\n<p>\u2014 Teknik Detaylar \u2014<br \/>\nMevsim: 25-Yaz Rpt<br \/>\nCep Detay\u0131: Cepli<br \/>\nYaka: G\u00f6mlek<br \/>\nKol Deseni: D\u00fc\u015f\u00fck<br \/>\nBeden \/ Boy: 80 CM<br \/>\nTasar\u0131m D\u00f6nemi: 25-Yaz<br \/>\nKal\u0131p: OVERSIZE<br \/>\nDesen: D\u00fcz<br \/>\nTema: 2.LADY<br \/>\n\u00c7izgi: ZARAFET<br \/>\n\u00dcr\u00fcn Lig: A Kalite<br \/>\nSezon Sat\u0131\u015f D\u00f6nemi: Yaz<br \/>\nMalzeme T\u00fcr\u00fc: Dokuma<\/p>\n","protected":false},"excerpt":{"rendered":"<p>Siyah File Cep Detayl\u0131 G\u00f6mlek Tunik ile modern ve rahat bir stil yakalay\u0131n. ALLDAY&#8217;in G\u00f6mlek Tunik kategorisindeki di\u011fer modelleri ke\u015ffedin. K\u0131yafetinizi Siyah File Cep Detayl\u0131 G\u00f6mlek Tunik ile tamamlay\u0131n! \u2014 Teknik Detaylar \u2014 Mevsim: 25-Yaz Rpt Cep Detay\u0131: Cepli Yaka: G\u00f6mlek Kol Deseni: D\u00fc\u015f\u00fck Beden \/ Boy: 80 CM Tasar\u0131m D\u00f6nemi: 25-Yaz Kal\u0131p: OVERSIZE Desen: [&hellip;]<\/p>\n","protected":false},"featured_media":0,"comment_status":"open","ping_status":"closed","template":"","meta":[],"product_brand":[],"product_cat":[1909],"product_tag":[4853,4861,7802,7423,7074],"class_list":{"0":"post-21829","1":"product","2":"type-product","3":"status-publish","5":"product_cat-bluzlar-ve-gomlekler","6":"product_tag-a-quality","7":"product_tag-allday","8":"product_tag-duz","9":"product_tag-oversize-2","10":"product_tag-siyah","11":"pa_brand-allday","12":"pa_color-siyah","13":"pa_size-l","14":"pa_size-m","15":"pa_size-s","17":"first","18":"instock","19":"sale","20":"shipping-taxable","21":"purchasable","22":"product-type-variable"},"_links":{"self":[{"href":"https:\/\/mod.wisdar.net\/tr\/wp-json\/wp\/v2\/product\/21829","targetHints":{"allow":["GET"]}}],"collection":[{"href":"https:\/\/mod.wisdar.net\/tr\/wp-json\/wp\/v2\/product"}],"about":[{"href":"https:\/\/mod.wisdar.net\/tr\/wp-json\/wp\/v2\/types\/product"}],"replies":[{"embeddable":true,"href":"https:\/\/mod.wisdar.net\/tr\/wp-json\/wp\/v2\/comments?post=21829"}],"wp:attachment":[{"href":"https:\/\/mod.wisdar.net\/tr\/wp-json\/wp\/v2\/media?parent=21829"}],"wp:term":[{"taxonomy":"product_brand","embeddable":true,"href":"https:\/\/mod.wisdar.net\/tr\/wp-json\/wp\/v2\/product_brand?post=21829"},{"taxonomy":"product_cat","embeddable":true,"href":"https:\/\/mod.wisdar.net\/tr\/wp-json\/wp\/v2\/product_cat?post=21829"},{"taxonomy":"product_tag","embeddable":true,"href":"https:\/\/mod.wisdar.net\/tr\/wp-json\/wp\/v2\/product_tag?post=21829"}],"curies":[{"name":"wp","href":"https:\/\/api.w.org\/{rel}","templated":true}]}}