{"id":218376,"date":"2026-04-12T18:27:18","date_gmt":"2026-04-12T18:27:18","guid":{"rendered":"https:\/\/modesthanim.com\/product\/pembe-bisiklet-yaka-kiz-cocuk-pijama-takim\/"},"modified":"2026-04-12T18:28:19","modified_gmt":"2026-04-12T18:28:19","slug":"pembe-bisiklet-yaka-kiz-cocuk-pijama-takim","status":"publish","type":"product","link":"https:\/\/mod.wisdar.net\/tr\/urun\/pembe-bisiklet-yaka-kiz-cocuk-pijama-takim\/","title":{"rendered":"Pembe Bisiklet Yaka K\u0131z \u00c7ocuk Pijama Tak\u0131m"},"content":{"rendered":"<p>LCW Kids Pembe Bisiklet Yaka K\u0131z \u00c7ocuk Pijama Tak\u0131m size \u00f6zel indirim, taksit ve kap\u0131da \u00f6deme avantajlar\u0131yla LCW&#8217;de! Hemen online al\u0131\u015fveri\u015f yap, \u00fcr\u00fcn kap\u0131na gelsin! \u2013 S5FK82Z4-FUT<\/p>\n<p>\u2014 Technical Details \u2014<br \/>\nMen\u015fei: Banglade\u015f,Turk\u0131ye<br \/>\nSat\u0131c\u0131: LC Waikiki<br \/>\nMarka: LCW Kids<br \/>\n\u00dcr\u00fcn Tipi: \u015eortlu Pijama Tak\u0131m\u0131<br \/>\nCinsiyet: K\u0131z \u00c7ocuk<br \/>\nDesen: Bask\u0131l\u0131<br \/>\nKal\u0131p: Standart &amp; Regular<br \/>\nKol Boyu: K\u0131sa Kollu<br \/>\nKuma\u015f: Penye<br \/>\nMalzeme: %100 Pamuk<br \/>\nYaka: Bisiklet Yaka<br \/>\nPar\u00e7a Say\u0131s\u0131: 2 Par\u00e7a<br \/>\nUzunluk: Diz Alt\u0131<\/p>\n","protected":false},"excerpt":{"rendered":"<p>LCW Kids Pembe Bisiklet Yaka K\u0131z \u00c7ocuk Pijama Tak\u0131m size \u00f6zel indirim, taksit ve kap\u0131da \u00f6deme avantajlar\u0131yla LCW&#8217;de! Hemen online al\u0131\u015fveri\u015f yap, \u00fcr\u00fcn kap\u0131na gelsin! \u2013 S5FK82Z4-FUT \u2014 Technical Details \u2014 Men\u015fei: Banglade\u015f,Turk\u0131ye Sat\u0131c\u0131: LC Waikiki Marka: LCW Kids \u00dcr\u00fcn Tipi: \u015eortlu Pijama Tak\u0131m\u0131 Cinsiyet: K\u0131z \u00c7ocuk Desen: Bask\u0131l\u0131 Kal\u0131p: Standart &amp; Regular Kol Boyu: [&hellip;]<\/p>\n","protected":false},"featured_media":218369,"comment_status":"open","ping_status":"closed","template":"","meta":[],"product_brand":[],"product_cat":[8715,8694,8730],"product_tag":[9364,11882,9371,12448,10087],"class_list":{"0":"post-218376","1":"product","2":"type-product","3":"status-publish","4":"has-post-thumbnail","6":"product_cat-kiz-cocuklari-2-14-yas","7":"product_cat-cocuklar","8":"product_cat-pijama","9":"product_tag-cotton-pajamas","10":"product_tag-girls-pajamas","11":"product_tag-kids-sleepwear","12":"product_tag-pink-pajama-set","13":"product_tag-round-neck-pajamas","14":"pa_brand-lcw-kids","15":"pa_color-pembe","16":"pa_size-10-11-yas","17":"pa_size-11-12-yas","18":"pa_size-12-13-yas","19":"pa_size-13-14-yas","20":"pa_size-5-6-yas","21":"pa_size-6-7-yas","22":"pa_size-7-8-yas","23":"pa_size-8-9-yas","24":"pa_size-9-10-yas","26":"first","27":"instock","28":"sale","29":"shipping-taxable","30":"purchasable","31":"product-type-variable"},"_links":{"self":[{"href":"https:\/\/mod.wisdar.net\/tr\/wp-json\/wp\/v2\/product\/218376","targetHints":{"allow":["GET"]}}],"collection":[{"href":"https:\/\/mod.wisdar.net\/tr\/wp-json\/wp\/v2\/product"}],"about":[{"href":"https:\/\/mod.wisdar.net\/tr\/wp-json\/wp\/v2\/types\/product"}],"replies":[{"embeddable":true,"href":"https:\/\/mod.wisdar.net\/tr\/wp-json\/wp\/v2\/comments?post=218376"}],"wp:featuredmedia":[{"embeddable":true,"href":"https:\/\/mod.wisdar.net\/tr\/wp-json\/wp\/v2\/media\/218369"}],"wp:attachment":[{"href":"https:\/\/mod.wisdar.net\/tr\/wp-json\/wp\/v2\/media?parent=218376"}],"wp:term":[{"taxonomy":"product_brand","embeddable":true,"href":"https:\/\/mod.wisdar.net\/tr\/wp-json\/wp\/v2\/product_brand?post=218376"},{"taxonomy":"product_cat","embeddable":true,"href":"https:\/\/mod.wisdar.net\/tr\/wp-json\/wp\/v2\/product_cat?post=218376"},{"taxonomy":"product_tag","embeddable":true,"href":"https:\/\/mod.wisdar.net\/tr\/wp-json\/wp\/v2\/product_tag?post=218376"}],"curies":[{"name":"wp","href":"https:\/\/api.w.org\/{rel}","templated":true}]}}