{"id":218416,"date":"2026-04-12T18:29:12","date_gmt":"2026-04-12T18:29:12","guid":{"rendered":"https:\/\/modesthanim.com\/product\/pembe-stitch-baskili-kiz-cocuk-gecelik\/"},"modified":"2026-04-12T18:29:45","modified_gmt":"2026-04-12T18:29:45","slug":"pembe-stitch-baskili-kiz-cocuk-gecelik","status":"publish","type":"product","link":"https:\/\/mod.wisdar.net\/tr\/urun\/pembe-stitch-baskili-kiz-cocuk-gecelik\/","title":{"rendered":"Pembe Stitch Bask\u0131l\u0131 K\u0131z \u00c7ocuk Gecelik"},"content":{"rendered":"<p>LCW Kids Pembe Stitch Bask\u0131l\u0131 K\u0131z \u00c7ocuk Gecelik size \u00f6zel indirim, taksit ve kap\u0131da \u00f6deme avantajlar\u0131yla LCW&#8217;de! Hemen online al\u0131\u015fveri\u015f yap, \u00fcr\u00fcn kap\u0131na gelsin! \u2013 S65562Z4-LT4<\/p>\n<p>\u2014 Technical Details \u2014<br \/>\nMen\u015fei: Hindistan,Turk\u0131ye<br \/>\nSat\u0131c\u0131: LC Waikiki<br \/>\nMarka: LCW Kids<br \/>\n\u00dcr\u00fcn Tipi: Gecelik<br \/>\nCinsiyet: K\u0131z \u00c7ocuk<br \/>\nKal\u0131p: Loose &amp; Bol<br \/>\nKuma\u015f: Penye<br \/>\nDesen: Bask\u0131l\u0131<br \/>\nYaka: Bisiklet Yaka<br \/>\nKol Boyu: K\u0131sa Kollu<br \/>\nLisans: Lilo &amp; Stitch<br \/>\nMalzeme: %100 Pamuk<\/p>\n","protected":false},"excerpt":{"rendered":"<p>LCW Kids Pembe Stitch Bask\u0131l\u0131 K\u0131z \u00c7ocuk Gecelik size \u00f6zel indirim, taksit ve kap\u0131da \u00f6deme avantajlar\u0131yla LCW&#8217;de! Hemen online al\u0131\u015fveri\u015f yap, \u00fcr\u00fcn kap\u0131na gelsin! \u2013 S65562Z4-LT4 \u2014 Technical Details \u2014 Men\u015fei: Hindistan,Turk\u0131ye Sat\u0131c\u0131: LC Waikiki Marka: LCW Kids \u00dcr\u00fcn Tipi: Gecelik Cinsiyet: K\u0131z \u00c7ocuk Kal\u0131p: Loose &amp; Bol Kuma\u015f: Penye Desen: Bask\u0131l\u0131 Yaka: Bisiklet Yaka [&hellip;]<\/p>\n","protected":false},"featured_media":218414,"comment_status":"open","ping_status":"closed","template":"","meta":[],"product_brand":[],"product_cat":[8715,8694,8730],"product_tag":[9364,12761,9371,9594,12238],"class_list":{"0":"post-218416","1":"product","2":"type-product","3":"status-publish","4":"has-post-thumbnail","6":"product_cat-kiz-cocuklari-2-14-yas","7":"product_cat-cocuklar","8":"product_cat-pijama","9":"product_tag-cotton-pajamas","10":"product_tag-girls-nightwear","11":"product_tag-kids-sleepwear","12":"product_tag-pink-nightgown","13":"product_tag-stitch-print","14":"pa_brand-lcw-kids","15":"pa_color-pembe","16":"pa_size-11-12-yas","17":"pa_size-13-14-yas","18":"pa_size-7-8-yas","19":"pa_size-9-10-yas","21":"first","22":"instock","23":"sale","24":"shipping-taxable","25":"purchasable","26":"product-type-variable"},"_links":{"self":[{"href":"https:\/\/mod.wisdar.net\/tr\/wp-json\/wp\/v2\/product\/218416","targetHints":{"allow":["GET"]}}],"collection":[{"href":"https:\/\/mod.wisdar.net\/tr\/wp-json\/wp\/v2\/product"}],"about":[{"href":"https:\/\/mod.wisdar.net\/tr\/wp-json\/wp\/v2\/types\/product"}],"replies":[{"embeddable":true,"href":"https:\/\/mod.wisdar.net\/tr\/wp-json\/wp\/v2\/comments?post=218416"}],"wp:featuredmedia":[{"embeddable":true,"href":"https:\/\/mod.wisdar.net\/tr\/wp-json\/wp\/v2\/media\/218414"}],"wp:attachment":[{"href":"https:\/\/mod.wisdar.net\/tr\/wp-json\/wp\/v2\/media?parent=218416"}],"wp:term":[{"taxonomy":"product_brand","embeddable":true,"href":"https:\/\/mod.wisdar.net\/tr\/wp-json\/wp\/v2\/product_brand?post=218416"},{"taxonomy":"product_cat","embeddable":true,"href":"https:\/\/mod.wisdar.net\/tr\/wp-json\/wp\/v2\/product_cat?post=218416"},{"taxonomy":"product_tag","embeddable":true,"href":"https:\/\/mod.wisdar.net\/tr\/wp-json\/wp\/v2\/product_tag?post=218416"}],"curies":[{"name":"wp","href":"https:\/\/api.w.org\/{rel}","templated":true}]}}