{"id":21858,"date":"2025-11-02T14:57:41","date_gmt":"2025-11-02T14:57:41","guid":{"rendered":"https:\/\/modesthanim.com\/product\/haki-kemerli-viskon-gomlek-tunik\/"},"modified":"2026-02-18T23:10:55","modified_gmt":"2026-02-18T23:10:55","slug":"haki-kemerli-viskon-gomlek-tunik","status":"publish","type":"product","link":"https:\/\/mod.wisdar.net\/tr\/urun\/haki-kemerli-viskon-gomlek-tunik\/","title":{"rendered":"Haki Kemerli Viskon G\u00f6mlek Tunik"},"content":{"rendered":"<p>Haki Kemerli Viskon G\u00f6mlek Tunik ile modern ve rahat bir stil yakalay\u0131n. ALLDAY&#8217;in G\u00f6mlek kategorisindeki di\u011fer modelleri ke\u015ffedin. K\u0131yafetinizi tamamlamak i\u00e7in hemen Haki Kemerli Viskon G\u00f6mlek Tunik&#8217;i ke\u015ffedin!<\/p>\n<p>\u2014 Teknik Detaylar \u2014<br \/>\nMevsim: 26-K\u0131\u015f D\u00f6ng\u00fcs\u00fc<br \/>\nKuma\u015f \u0130\u00e7eri\u011fi: %95 PAMUK, %5 EA<br \/>\nCep Detay\u0131: Cepsiz<br \/>\nYaka: Dik<br \/>\nKol Deseni: D\u00fc\u015f\u00fck<br \/>\nBoyut \/ Uzunluk: 75 CM<br \/>\nTasar\u0131m D\u00f6nemi: 25-Yaz<br \/>\nKal\u0131p: BOL KES\u0130M<br \/>\nBel: Bel<br \/>\nDesen: D\u00fcz<br \/>\nTema: 1.D\u0130NAM\u0130K<br \/>\n\u00c7izgi: GEN\u00c7<br \/>\n\u00dcr\u00fcn Lig: A Kalite<br \/>\nMevsimsel Sat\u0131\u015f D\u00f6nemi: Mevsimsiz<br \/>\nMalzeme T\u00fcr\u00fc: Dokuma<\/p>\n","protected":false},"excerpt":{"rendered":"<p>Haki Kemerli Viskon G\u00f6mlek Tunik ile modern ve rahat bir stil yakalay\u0131n. ALLDAY&#8217;in G\u00f6mlek kategorisindeki di\u011fer modelleri ke\u015ffedin. K\u0131yafetinizi tamamlamak i\u00e7in hemen Haki Kemerli Viskon G\u00f6mlek Tunik&#8217;i ke\u015ffedin! \u2014 Teknik Detaylar \u2014 Mevsim: 26-K\u0131\u015f D\u00f6ng\u00fcs\u00fc Kuma\u015f \u0130\u00e7eri\u011fi: %95 PAMUK, %5 EA Cep Detay\u0131: Cepsiz Yaka: Dik Kol Deseni: D\u00fc\u015f\u00fck Boyut \/ Uzunluk: 75 CM Tasar\u0131m [&hellip;]<\/p>\n","protected":false},"featured_media":0,"comment_status":"open","ping_status":"closed","template":"","meta":[],"product_brand":[],"product_cat":[1909,1927],"product_tag":[7668,5013,6751],"class_list":{"0":"post-21858","1":"product","2":"type-product","3":"status-publish","5":"product_cat-bluzlar-ve-gomlekler","6":"product_cat-hoodies-sweatshirtler","7":"product_tag-kemerli","8":"product_tag-modern","9":"product_tag-rahat","10":"pa_brand-allday","11":"pa_color-haki","12":"pa_size-l","13":"pa_size-m","14":"pa_size-s","16":"first","17":"instock","18":"sale","19":"shipping-taxable","20":"purchasable","21":"product-type-variable"},"_links":{"self":[{"href":"https:\/\/mod.wisdar.net\/tr\/wp-json\/wp\/v2\/product\/21858","targetHints":{"allow":["GET"]}}],"collection":[{"href":"https:\/\/mod.wisdar.net\/tr\/wp-json\/wp\/v2\/product"}],"about":[{"href":"https:\/\/mod.wisdar.net\/tr\/wp-json\/wp\/v2\/types\/product"}],"replies":[{"embeddable":true,"href":"https:\/\/mod.wisdar.net\/tr\/wp-json\/wp\/v2\/comments?post=21858"}],"wp:attachment":[{"href":"https:\/\/mod.wisdar.net\/tr\/wp-json\/wp\/v2\/media?parent=21858"}],"wp:term":[{"taxonomy":"product_brand","embeddable":true,"href":"https:\/\/mod.wisdar.net\/tr\/wp-json\/wp\/v2\/product_brand?post=21858"},{"taxonomy":"product_cat","embeddable":true,"href":"https:\/\/mod.wisdar.net\/tr\/wp-json\/wp\/v2\/product_cat?post=21858"},{"taxonomy":"product_tag","embeddable":true,"href":"https:\/\/mod.wisdar.net\/tr\/wp-json\/wp\/v2\/product_tag?post=21858"}],"curies":[{"name":"wp","href":"https:\/\/api.w.org\/{rel}","templated":true}]}}