{"id":218614,"date":"2026-04-12T18:39:05","date_gmt":"2026-04-12T18:39:05","guid":{"rendered":"https:\/\/modesthanim.com\/product\/ekru-stitch-baskili-kiz-cocuk-sortlu-pijama-takimi\/"},"modified":"2026-04-12T18:39:28","modified_gmt":"2026-04-12T18:39:28","slug":"ekru-stitch-baskili-kiz-cocuk-sortlu-pijama-takimi","status":"publish","type":"product","link":"https:\/\/mod.wisdar.net\/tr\/urun\/ekru-stitch-baskili-kiz-cocuk-sortlu-pijama-takimi\/","title":{"rendered":"Ekru Stitch Bask\u0131l\u0131 K\u0131z \u00c7ocuk \u015eortlu Pijama Tak\u0131m\u0131"},"content":{"rendered":"<p>LCW Kids Ekru Stitch Bask\u0131l\u0131 K\u0131z \u00c7ocuk \u015eortlu Pijama Tak\u0131m\u0131 size \u00f6zel indirim, taksit ve kap\u0131da \u00f6deme avantajlar\u0131yla LCW&#8217;de! Hemen online al\u0131\u015fveri\u015f yap, \u00fcr\u00fcn kap\u0131na gelsin! \u2013 S6OB98Z1-FDU<\/p>\n<p>\u2014 Technical Details \u2014<br \/>\nDesen: Bask\u0131l\u0131<br \/>\nKal\u0131p: Standart &amp; Regular<br \/>\nKol Boyu: K\u0131sa Kollu<br \/>\nKuma\u015f: Penye<br \/>\nLisans: Lilo &amp; Stitch<br \/>\nMalzeme: %100 Pamuk<br \/>\nYaka: Bisiklet Yaka<br \/>\nBel Fiti: Beli Lastikli<br \/>\nPar\u00e7a Say\u0131s\u0131: 2 Par\u00e7a<br \/>\nUzunluk: K\u0131sa<\/p>\n","protected":false},"excerpt":{"rendered":"<p>LCW Kids Ekru Stitch Bask\u0131l\u0131 K\u0131z \u00c7ocuk \u015eortlu Pijama Tak\u0131m\u0131 size \u00f6zel indirim, taksit ve kap\u0131da \u00f6deme avantajlar\u0131yla LCW&#8217;de! Hemen online al\u0131\u015fveri\u015f yap, \u00fcr\u00fcn kap\u0131na gelsin! \u2013 S6OB98Z1-FDU \u2014 Technical Details \u2014 Desen: Bask\u0131l\u0131 Kal\u0131p: Standart &amp; Regular Kol Boyu: K\u0131sa Kollu Kuma\u015f: Penye Lisans: Lilo &amp; Stitch Malzeme: %100 Pamuk Yaka: Bisiklet Yaka Bel [&hellip;]<\/p>\n","protected":false},"featured_media":218606,"comment_status":"open","ping_status":"closed","template":"","meta":[],"product_brand":[],"product_cat":[8715,8694,8730],"product_tag":[4579,4560,8022,8110,7444,6778,6765,8244],"class_list":{"0":"post-218614","1":"product","2":"type-product","3":"status-publish","4":"has-post-thumbnail","6":"product_cat-kiz-cocuklari-2-14-yas","7":"product_cat-cocuklar","8":"product_cat-pijama","9":"product_tag-100-cotton","10":"product_tag-2-pieces","11":"product_tag-baskili-2","12":"product_tag-bisiklet-yaka-2","13":"product_tag-jarse","14":"product_tag-kisa","15":"product_tag-lastikli-bel","16":"product_tag-standart-normal","17":"pa_brand-lcw-kids","18":"pa_color-ekru","19":"pa_size-2-3-yas","20":"pa_size-3-4-yas","21":"pa_size-4-5-yas","22":"pa_size-5-6-yas","23":"pa_size-6-7-yas","24":"pa_size-7-8-yas","26":"first","27":"instock","28":"sale","29":"shipping-taxable","30":"purchasable","31":"product-type-variable"},"_links":{"self":[{"href":"https:\/\/mod.wisdar.net\/tr\/wp-json\/wp\/v2\/product\/218614","targetHints":{"allow":["GET"]}}],"collection":[{"href":"https:\/\/mod.wisdar.net\/tr\/wp-json\/wp\/v2\/product"}],"about":[{"href":"https:\/\/mod.wisdar.net\/tr\/wp-json\/wp\/v2\/types\/product"}],"replies":[{"embeddable":true,"href":"https:\/\/mod.wisdar.net\/tr\/wp-json\/wp\/v2\/comments?post=218614"}],"wp:featuredmedia":[{"embeddable":true,"href":"https:\/\/mod.wisdar.net\/tr\/wp-json\/wp\/v2\/media\/218606"}],"wp:attachment":[{"href":"https:\/\/mod.wisdar.net\/tr\/wp-json\/wp\/v2\/media?parent=218614"}],"wp:term":[{"taxonomy":"product_brand","embeddable":true,"href":"https:\/\/mod.wisdar.net\/tr\/wp-json\/wp\/v2\/product_brand?post=218614"},{"taxonomy":"product_cat","embeddable":true,"href":"https:\/\/mod.wisdar.net\/tr\/wp-json\/wp\/v2\/product_cat?post=218614"},{"taxonomy":"product_tag","embeddable":true,"href":"https:\/\/mod.wisdar.net\/tr\/wp-json\/wp\/v2\/product_tag?post=218614"}],"curies":[{"name":"wp","href":"https:\/\/api.w.org\/{rel}","templated":true}]}}