{"id":218719,"date":"2026-04-12T18:44:25","date_gmt":"2026-04-12T18:44:25","guid":{"rendered":"https:\/\/modesthanim.com\/product\/beyaz-baskili-kiz-cocuk-sortlu-pijama-takim\/"},"modified":"2026-04-12T18:51:20","modified_gmt":"2026-04-12T18:51:20","slug":"beyaz-baskili-kiz-cocuk-sortlu-pijama-takim","status":"publish","type":"product","link":"https:\/\/mod.wisdar.net\/tr\/urun\/beyaz-baskili-kiz-cocuk-sortlu-pijama-takim\/","title":{"rendered":"Beyaz Bask\u0131l\u0131 K\u0131z \u00c7ocuk \u015eortlu Pijama Tak\u0131m"},"content":{"rendered":"<p>LCW Kids Beyaz Bask\u0131l\u0131 K\u0131z \u00c7ocuk \u015eortlu Pijama Tak\u0131m size \u00f6zel indirim, taksit ve kap\u0131da \u00f6deme avantajlar\u0131yla LCW&#8217;de! Hemen online al\u0131\u015fveri\u015f yap, \u00fcr\u00fcn kap\u0131na gelsin! \u2013 S5I655Z1-Q6K<\/p>\n<p>\u2014 Technical Details \u2014<br \/>\nMen\u015fei: Banglade\u015f,Turk\u0131ye<br \/>\nSat\u0131c\u0131: LC Waikiki<br \/>\nMarka: LCW Kids<br \/>\n\u00dcr\u00fcn Tipi: \u015eortlu Pijama Tak\u0131m\u0131<br \/>\nCinsiyet: K\u0131z \u00c7ocuk<br \/>\nDesen: Bask\u0131l\u0131<br \/>\nKal\u0131p: Standart &amp; Regular<br \/>\nKol Boyu: K\u0131sa Kollu<br \/>\nKuma\u015f: Penye<br \/>\nMalzeme: %100 Pamuk<br \/>\nYaka: Bisiklet Yaka<br \/>\nBel Fiti: Beli Lastikli<br \/>\nPar\u00e7a Say\u0131s\u0131: 2 Par\u00e7a<\/p>\n","protected":false},"excerpt":{"rendered":"<p>LCW Kids Beyaz Bask\u0131l\u0131 K\u0131z \u00c7ocuk \u015eortlu Pijama Tak\u0131m size \u00f6zel indirim, taksit ve kap\u0131da \u00f6deme avantajlar\u0131yla LCW&#8217;de! Hemen online al\u0131\u015fveri\u015f yap, \u00fcr\u00fcn kap\u0131na gelsin! \u2013 S5I655Z1-Q6K \u2014 Technical Details \u2014 Men\u015fei: Banglade\u015f,Turk\u0131ye Sat\u0131c\u0131: LC Waikiki Marka: LCW Kids \u00dcr\u00fcn Tipi: \u015eortlu Pijama Tak\u0131m\u0131 Cinsiyet: K\u0131z \u00c7ocuk Desen: Bask\u0131l\u0131 Kal\u0131p: Standart &amp; Regular Kol Boyu: [&hellip;]<\/p>\n","protected":false},"featured_media":218710,"comment_status":"open","ping_status":"closed","template":"","meta":[],"product_brand":[],"product_cat":[8715,8694,8730],"product_tag":[4579,8022,8110,7444,6765],"class_list":{"0":"post-218719","1":"product","2":"type-product","3":"status-publish","4":"has-post-thumbnail","6":"product_cat-kiz-cocuklari-2-14-yas","7":"product_cat-cocuklar","8":"product_cat-pijama","9":"product_tag-100-cotton","10":"product_tag-baskili-2","11":"product_tag-bisiklet-yaka-2","12":"product_tag-jarse","13":"product_tag-lastikli-bel","14":"pa_brand-lcw-kids","15":"pa_color-buxe-beyazi","16":"pa_size-2-3-yas","17":"pa_size-3-4-yas","18":"pa_size-4-5-yas","19":"pa_size-5-6-yas","20":"pa_size-6-7-yas","22":"first","23":"instock","24":"sale","25":"shipping-taxable","26":"purchasable","27":"product-type-variable"},"_links":{"self":[{"href":"https:\/\/mod.wisdar.net\/tr\/wp-json\/wp\/v2\/product\/218719","targetHints":{"allow":["GET"]}}],"collection":[{"href":"https:\/\/mod.wisdar.net\/tr\/wp-json\/wp\/v2\/product"}],"about":[{"href":"https:\/\/mod.wisdar.net\/tr\/wp-json\/wp\/v2\/types\/product"}],"replies":[{"embeddable":true,"href":"https:\/\/mod.wisdar.net\/tr\/wp-json\/wp\/v2\/comments?post=218719"}],"wp:featuredmedia":[{"embeddable":true,"href":"https:\/\/mod.wisdar.net\/tr\/wp-json\/wp\/v2\/media\/218710"}],"wp:attachment":[{"href":"https:\/\/mod.wisdar.net\/tr\/wp-json\/wp\/v2\/media?parent=218719"}],"wp:term":[{"taxonomy":"product_brand","embeddable":true,"href":"https:\/\/mod.wisdar.net\/tr\/wp-json\/wp\/v2\/product_brand?post=218719"},{"taxonomy":"product_cat","embeddable":true,"href":"https:\/\/mod.wisdar.net\/tr\/wp-json\/wp\/v2\/product_cat?post=218719"},{"taxonomy":"product_tag","embeddable":true,"href":"https:\/\/mod.wisdar.net\/tr\/wp-json\/wp\/v2\/product_tag?post=218719"}],"curies":[{"name":"wp","href":"https:\/\/api.w.org\/{rel}","templated":true}]}}