{"id":21873,"date":"2025-11-02T14:57:51","date_gmt":"2025-11-02T14:57:51","guid":{"rendered":"https:\/\/modesthanim.com\/product\/koyu-mavi-kot-uzun-gomlek-tunik\/"},"modified":"2026-02-18T23:11:29","modified_gmt":"2026-02-18T23:11:29","slug":"koyu-mavi-kot-uzun-gomlek-tunik","status":"publish","type":"product","link":"https:\/\/mod.wisdar.net\/tr\/urun\/koyu-mavi-kot-uzun-gomlek-tunik\/","title":{"rendered":"Koyu Mavi Kot Uzun G\u00f6mlek Tunik"},"content":{"rendered":"<p>Koyu Mavi Kot Uzun G\u00f6mlek Tunik ile modern ve rahat bir stil yakalay\u0131n. ALLDAY&#8217;in G\u00f6mlek Tunik kategorisindeki di\u011fer modelleri ke\u015ffedin. Koyu Mavi Kot Uzun G\u00f6mlek Tunik ile k\u0131yafetinizi tamamlay\u0131n!<\/p>\n<p>\u2014 Teknik Detaylar \u2014<br \/>\nMevsim: 25-Yaz Rpt<br \/>\nKuma\u015f \u0130\u00e7eri\u011fi: %100 Tencel<br \/>\nKuma\u015f Grubu: Tencel<br \/>\nYaka: G\u00f6mlek<br \/>\nKol Modeli: Set-in<br \/>\nTasar\u0131m D\u00f6nemi: 24-Yaz<br \/>\nKal\u0131p: REGULAR<br \/>\nBel: Y\u0131rtma\u00e7<br \/>\nDesen: D\u00fcz<br \/>\nTema: 2.EASY<br \/>\n\u00c7izgi: CASUAL<br \/>\n\u00dcr\u00fcn Lig: A Kalite<br \/>\nMevsimsel Sat\u0131\u015f D\u00f6nemi: Yaz<br \/>\nY\u0131kama Talimatlar\u0131: 40\u00b0&#8217;ye kadar y\u0131kanabilir<br \/>\nMateryal T\u00fcr\u00fc: Kot<\/p>\n","protected":false},"excerpt":{"rendered":"<p>Koyu Mavi Kot Uzun G\u00f6mlek Tunik ile modern ve rahat bir stil yakalay\u0131n. ALLDAY&#8217;in G\u00f6mlek Tunik kategorisindeki di\u011fer modelleri ke\u015ffedin. Koyu Mavi Kot Uzun G\u00f6mlek Tunik ile k\u0131yafetinizi tamamlay\u0131n! \u2014 Teknik Detaylar \u2014 Mevsim: 25-Yaz Rpt Kuma\u015f \u0130\u00e7eri\u011fi: %100 Tencel Kuma\u015f Grubu: Tencel Yaka: G\u00f6mlek Kol Modeli: Set-in Tasar\u0131m D\u00f6nemi: 24-Yaz Kal\u0131p: REGULAR Bel: Y\u0131rtma\u00e7 [&hellip;]<\/p>\n","protected":false},"featured_media":0,"comment_status":"open","ping_status":"closed","template":"","meta":[],"product_brand":[],"product_cat":[1909],"product_tag":[4861,7844,5013,6751],"class_list":{"0":"post-21873","1":"product","2":"type-product","3":"status-publish","5":"product_cat-bluzlar-ve-gomlekler","6":"product_tag-allday","7":"product_tag-denim","8":"product_tag-modern","9":"product_tag-rahat","10":"pa_brand-allday","11":"pa_color-koyu-mavi","12":"pa_size-4701","13":"pa_size-4706","14":"pa_size-4711","15":"pa_size-4713","16":"pa_size-4751","17":"pa_size-4749","18":"pa_size-4747","20":"first","21":"instock","22":"sale","23":"shipping-taxable","24":"purchasable","25":"product-type-variable"},"_links":{"self":[{"href":"https:\/\/mod.wisdar.net\/tr\/wp-json\/wp\/v2\/product\/21873","targetHints":{"allow":["GET"]}}],"collection":[{"href":"https:\/\/mod.wisdar.net\/tr\/wp-json\/wp\/v2\/product"}],"about":[{"href":"https:\/\/mod.wisdar.net\/tr\/wp-json\/wp\/v2\/types\/product"}],"replies":[{"embeddable":true,"href":"https:\/\/mod.wisdar.net\/tr\/wp-json\/wp\/v2\/comments?post=21873"}],"wp:attachment":[{"href":"https:\/\/mod.wisdar.net\/tr\/wp-json\/wp\/v2\/media?parent=21873"}],"wp:term":[{"taxonomy":"product_brand","embeddable":true,"href":"https:\/\/mod.wisdar.net\/tr\/wp-json\/wp\/v2\/product_brand?post=21873"},{"taxonomy":"product_cat","embeddable":true,"href":"https:\/\/mod.wisdar.net\/tr\/wp-json\/wp\/v2\/product_cat?post=21873"},{"taxonomy":"product_tag","embeddable":true,"href":"https:\/\/mod.wisdar.net\/tr\/wp-json\/wp\/v2\/product_tag?post=21873"}],"curies":[{"name":"wp","href":"https:\/\/api.w.org\/{rel}","templated":true}]}}