{"id":218784,"date":"2026-04-13T11:05:39","date_gmt":"2026-04-13T11:05:39","guid":{"rendered":"https:\/\/modesthanim.com\/product\/sari-kiz-cocuk-hello-kitty-baskili-boxer-3lu\/"},"modified":"2026-04-13T11:07:54","modified_gmt":"2026-04-13T11:07:54","slug":"sari-kiz-cocuk-hello-kitty-baskili-boxer-3lu","status":"publish","type":"product","link":"https:\/\/mod.wisdar.net\/tr\/urun\/sari-kiz-cocuk-hello-kitty-baskili-boxer-3lu\/","title":{"rendered":"Sar\u0131 K\u0131z \u00c7ocuk Hello Kitty Bask\u0131l\u0131 Boxer 3&#8217;l\u00fc"},"content":{"rendered":"<p>LCW Kids Sar\u0131 K\u0131z \u00c7ocuk Hello Kitty Bask\u0131l\u0131 Boxer 3&#8217;l\u00fc size \u00f6zel indirim, taksit ve kap\u0131da \u00f6deme avantajlar\u0131yla LCW&#8217;de! Hemen online al\u0131\u015fveri\u015f yap, \u00fcr\u00fcn kap\u0131na gelsin! \u2013 S6HJ26Z1-LU9<\/p>\n<p>\u2014 Technical Details \u2014<br \/>\nMen\u015fei: Turk\u0131ye<br \/>\nSat\u0131c\u0131: LC Waikiki<br \/>\nMarka: LCW Kids<br \/>\n\u00dcr\u00fcn Tipi: Boxer<br \/>\nCinsiyet: K\u0131z \u00c7ocuk<br \/>\nKal\u0131p: Standart &amp; Regular<br \/>\nDesen: Bask\u0131l\u0131<br \/>\nLisans: Hello Kitty<br \/>\nPaket \u0130\u00e7eri\u011fi: 3&#8217;l\u00fc Paket<br \/>\nMalzeme: Y\u00fcksek Pamuk \u0130\u00e7erir<br \/>\nPar\u00e7a Say\u0131s\u0131: 3 Par\u00e7a<\/p>\n","protected":false},"excerpt":{"rendered":"<p>LCW Kids Sar\u0131 K\u0131z \u00c7ocuk Hello Kitty Bask\u0131l\u0131 Boxer 3&#8217;l\u00fc size \u00f6zel indirim, taksit ve kap\u0131da \u00f6deme avantajlar\u0131yla LCW&#8217;de! Hemen online al\u0131\u015fveri\u015f yap, \u00fcr\u00fcn kap\u0131na gelsin! \u2013 S6HJ26Z1-LU9 \u2014 Technical Details \u2014 Men\u015fei: Turk\u0131ye Sat\u0131c\u0131: LC Waikiki Marka: LCW Kids \u00dcr\u00fcn Tipi: Boxer Cinsiyet: K\u0131z \u00c7ocuk Kal\u0131p: Standart &amp; Regular Desen: Bask\u0131l\u0131 Lisans: Hello Kitty [&hellip;]<\/p>\n","protected":false},"featured_media":218777,"comment_status":"open","ping_status":"closed","template":"","meta":[],"product_brand":[],"product_cat":[8733,8715,8694],"product_tag":[8926,9639,12634,10355,9201],"class_list":{"0":"post-218784","1":"product","2":"type-product","3":"status-publish","4":"has-post-thumbnail","6":"product_cat-ic-giyim","7":"product_cat-kiz-cocuklari-2-14-yas","8":"product_cat-cocuklar","9":"product_tag-3-pack","10":"product_tag-cotton-underwear","11":"product_tag-girls-boxers-2","12":"product_tag-hello-kitty","13":"product_tag-kids-fashion","14":"pa_brand-lcw-kids","15":"pa_color-sari","16":"pa_size-2-3-yas","17":"pa_size-3-4-yas","18":"pa_size-5-6-yas","19":"pa_size-7-8-yas","21":"first","22":"instock","23":"sale","24":"shipping-taxable","25":"purchasable","26":"product-type-variable"},"_links":{"self":[{"href":"https:\/\/mod.wisdar.net\/tr\/wp-json\/wp\/v2\/product\/218784","targetHints":{"allow":["GET"]}}],"collection":[{"href":"https:\/\/mod.wisdar.net\/tr\/wp-json\/wp\/v2\/product"}],"about":[{"href":"https:\/\/mod.wisdar.net\/tr\/wp-json\/wp\/v2\/types\/product"}],"replies":[{"embeddable":true,"href":"https:\/\/mod.wisdar.net\/tr\/wp-json\/wp\/v2\/comments?post=218784"}],"wp:featuredmedia":[{"embeddable":true,"href":"https:\/\/mod.wisdar.net\/tr\/wp-json\/wp\/v2\/media\/218777"}],"wp:attachment":[{"href":"https:\/\/mod.wisdar.net\/tr\/wp-json\/wp\/v2\/media?parent=218784"}],"wp:term":[{"taxonomy":"product_brand","embeddable":true,"href":"https:\/\/mod.wisdar.net\/tr\/wp-json\/wp\/v2\/product_brand?post=218784"},{"taxonomy":"product_cat","embeddable":true,"href":"https:\/\/mod.wisdar.net\/tr\/wp-json\/wp\/v2\/product_cat?post=218784"},{"taxonomy":"product_tag","embeddable":true,"href":"https:\/\/mod.wisdar.net\/tr\/wp-json\/wp\/v2\/product_tag?post=218784"}],"curies":[{"name":"wp","href":"https:\/\/api.w.org\/{rel}","templated":true}]}}