{"id":218865,"date":"2026-04-13T11:07:06","date_gmt":"2026-04-13T11:07:06","guid":{"rendered":"https:\/\/modesthanim.com\/product\/bej-kiz-cocuk-kulot-3lu\/"},"modified":"2026-04-13T11:07:45","modified_gmt":"2026-04-13T11:07:45","slug":"bej-kiz-cocuk-kulot-3lu","status":"publish","type":"product","link":"https:\/\/mod.wisdar.net\/tr\/urun\/bej-kiz-cocuk-kulot-3lu\/","title":{"rendered":"Bej K\u0131z \u00c7ocuk K\u00fclot 3&#8217;l\u00fc"},"content":{"rendered":"<p>LCW Kids Bej K\u0131z \u00c7ocuk K\u00fclot 3&#8217;l\u00fc size \u00f6zel indirim, taksit ve kap\u0131da \u00f6deme avantajlar\u0131yla LCW&#8217;de! Hemen online al\u0131\u015fveri\u015f yap, \u00fcr\u00fcn kap\u0131na gelsin! \u2013 S6KL87Z4-FVU<\/p>\n<p>\u2014 Technical Details \u2014<br \/>\nMen\u015fei: Turk\u0131ye<br \/>\nSat\u0131c\u0131: LC Waikiki<br \/>\nMarka: LCW Kids<br \/>\n\u00dcr\u00fcn Tipi: K\u00fclot<br \/>\nCinsiyet: K\u0131z \u00c7ocuk<br \/>\nKuma\u015f: Ribana<br \/>\nDesen: D\u00fcz<br \/>\nPaket \u0130\u00e7eri\u011fi: 3&#8217;l\u00fc Paket<br \/>\nPar\u00e7a Say\u0131s\u0131: 3 Par\u00e7a<br \/>\nMalzeme: Y\u00fcksek Pamuk \u0130\u00e7erir<br \/>\nKal\u0131p: Standart &amp; Regular<\/p>\n","protected":false},"excerpt":{"rendered":"<p>LCW Kids Bej K\u0131z \u00c7ocuk K\u00fclot 3&#8217;l\u00fc size \u00f6zel indirim, taksit ve kap\u0131da \u00f6deme avantajlar\u0131yla LCW&#8217;de! Hemen online al\u0131\u015fveri\u015f yap, \u00fcr\u00fcn kap\u0131na gelsin! \u2013 S6KL87Z4-FVU \u2014 Technical Details \u2014 Men\u015fei: Turk\u0131ye Sat\u0131c\u0131: LC Waikiki Marka: LCW Kids \u00dcr\u00fcn Tipi: K\u00fclot Cinsiyet: K\u0131z \u00c7ocuk Kuma\u015f: Ribana Desen: D\u00fcz Paket \u0130\u00e7eri\u011fi: 3&#8217;l\u00fc Paket Par\u00e7a Say\u0131s\u0131: 3 Par\u00e7a [&hellip;]<\/p>\n","protected":false},"featured_media":218860,"comment_status":"open","ping_status":"closed","template":"","meta":[],"product_brand":[],"product_cat":[8733,8715,8694],"product_tag":[8926,12765,9637,12626,9986],"class_list":{"0":"post-218865","1":"product","2":"type-product","3":"status-publish","4":"has-post-thumbnail","6":"product_cat-ic-giyim","7":"product_cat-kiz-cocuklari-2-14-yas","8":"product_cat-cocuklar","9":"product_tag-3-pack","10":"product_tag-beige-underwear","11":"product_tag-cotton-panties","12":"product_tag-girls-panties","13":"product_tag-kids-underwear","14":"pa_brand-lcw-kids","15":"pa_color-acik-bej","16":"pa_size-11-12-yas","17":"pa_size-13-14-yas","18":"pa_size-7-8-yas","19":"pa_size-9-10-yas","21":"first","22":"instock","23":"sale","24":"shipping-taxable","25":"purchasable","26":"product-type-variable"},"_links":{"self":[{"href":"https:\/\/mod.wisdar.net\/tr\/wp-json\/wp\/v2\/product\/218865","targetHints":{"allow":["GET"]}}],"collection":[{"href":"https:\/\/mod.wisdar.net\/tr\/wp-json\/wp\/v2\/product"}],"about":[{"href":"https:\/\/mod.wisdar.net\/tr\/wp-json\/wp\/v2\/types\/product"}],"replies":[{"embeddable":true,"href":"https:\/\/mod.wisdar.net\/tr\/wp-json\/wp\/v2\/comments?post=218865"}],"wp:featuredmedia":[{"embeddable":true,"href":"https:\/\/mod.wisdar.net\/tr\/wp-json\/wp\/v2\/media\/218860"}],"wp:attachment":[{"href":"https:\/\/mod.wisdar.net\/tr\/wp-json\/wp\/v2\/media?parent=218865"}],"wp:term":[{"taxonomy":"product_brand","embeddable":true,"href":"https:\/\/mod.wisdar.net\/tr\/wp-json\/wp\/v2\/product_brand?post=218865"},{"taxonomy":"product_cat","embeddable":true,"href":"https:\/\/mod.wisdar.net\/tr\/wp-json\/wp\/v2\/product_cat?post=218865"},{"taxonomy":"product_tag","embeddable":true,"href":"https:\/\/mod.wisdar.net\/tr\/wp-json\/wp\/v2\/product_tag?post=218865"}],"curies":[{"name":"wp","href":"https:\/\/api.w.org\/{rel}","templated":true}]}}