{"id":218941,"date":"2026-04-13T14:55:55","date_gmt":"2026-04-13T14:55:55","guid":{"rendered":"https:\/\/modesthanim.com\/product\/flera-balon-tas-etek\/"},"modified":"2026-04-13T18:13:46","modified_gmt":"2026-04-13T18:13:46","slug":"flera-balon-tas-etek","status":"publish","type":"product","link":"https:\/\/mod.wisdar.net\/tr\/urun\/flera-balon-tas-etek\/","title":{"rendered":"Flera Balon Ta\u015f Etek"},"content":{"rendered":"<p>FLERA BALON TA\u015e ETEK \u00d6ZELL\u0130KLER\u0130 Orta bel, b\u00fczg\u00fcl\u00fc, arkadan gizli fermuarl\u0131, yanlardan cepli, premium telalanm\u0131\u015f hacimli duran kuma\u015ftan i\u00e7 belli etmeyen astars\u0131z balon etek. Kuma\u015f \u0130\u00e7eri\u011fi ve Y\u0131kama Talimat: %100 Pes Yaln\u0131zca kuru temizleme yap\u0131n\u0131z. Manken \u00dcr\u00fcn Bedeni: S Manken \u00d6l\u00e7\u00fcleri: Boy: 1.74 cm, G\u00f6\u011f\u00fcs: 78 cm, Bel: 58 cm, Basen: 87 cm<\/p>\n","protected":false},"excerpt":{"rendered":"<p>FLERA BALON TA\u015e ETEK \u00d6ZELL\u0130KLER\u0130 Orta bel, b\u00fczg\u00fcl\u00fc, arkadan gizli fermuarl\u0131, yanlardan cepli, premium telalanm\u0131\u015f hacimli duran kuma\u015ftan i\u00e7 belli etmeyen astars\u0131z balon etek. Kuma\u015f \u0130\u00e7eri\u011fi ve Y\u0131kama Talimat: %100 Pes Yaln\u0131zca kuru temizleme yap\u0131n\u0131z. Manken \u00dcr\u00fcn Bedeni: S Manken \u00d6l\u00e7\u00fcleri: Boy: 1.74 cm, G\u00f6\u011f\u00fcs: 78 cm, Bel: 58 cm, Basen: 87 cm<\/p>\n","protected":false},"featured_media":218934,"comment_status":"open","ping_status":"closed","template":"","meta":[],"product_brand":[],"product_cat":[1969,5632],"product_tag":[6744,7621],"class_list":{"0":"post-218941","1":"product","2":"type-product","3":"status-publish","4":"has-post-thumbnail","6":"product_cat-etekler","7":"product_cat-kadin-modasi","8":"product_tag-kadin-modasi","9":"product_tag-midi-etek","10":"pa_brand-hooopstore","11":"pa_color-tas-rengi","12":"pa_size-large","13":"pa_size-medium","14":"pa_size-small","15":"pa_size-xsmall","17":"first","18":"instock","19":"sale","20":"shipping-taxable","21":"purchasable","22":"product-type-variable"},"_links":{"self":[{"href":"https:\/\/mod.wisdar.net\/tr\/wp-json\/wp\/v2\/product\/218941","targetHints":{"allow":["GET"]}}],"collection":[{"href":"https:\/\/mod.wisdar.net\/tr\/wp-json\/wp\/v2\/product"}],"about":[{"href":"https:\/\/mod.wisdar.net\/tr\/wp-json\/wp\/v2\/types\/product"}],"replies":[{"embeddable":true,"href":"https:\/\/mod.wisdar.net\/tr\/wp-json\/wp\/v2\/comments?post=218941"}],"wp:featuredmedia":[{"embeddable":true,"href":"https:\/\/mod.wisdar.net\/tr\/wp-json\/wp\/v2\/media\/218934"}],"wp:attachment":[{"href":"https:\/\/mod.wisdar.net\/tr\/wp-json\/wp\/v2\/media?parent=218941"}],"wp:term":[{"taxonomy":"product_brand","embeddable":true,"href":"https:\/\/mod.wisdar.net\/tr\/wp-json\/wp\/v2\/product_brand?post=218941"},{"taxonomy":"product_cat","embeddable":true,"href":"https:\/\/mod.wisdar.net\/tr\/wp-json\/wp\/v2\/product_cat?post=218941"},{"taxonomy":"product_tag","embeddable":true,"href":"https:\/\/mod.wisdar.net\/tr\/wp-json\/wp\/v2\/product_tag?post=218941"}],"curies":[{"name":"wp","href":"https:\/\/api.w.org\/{rel}","templated":true}]}}