{"id":218983,"date":"2026-04-15T20:07:05","date_gmt":"2026-04-15T20:07:05","guid":{"rendered":"https:\/\/modesthanim.com\/product\/kisa-kollu-kemer-detayli-modal-tulum-yesil-9342\/"},"modified":"2026-04-15T20:07:23","modified_gmt":"2026-04-15T20:07:23","slug":"kisa-kollu-kemer-detayli-modal-tulum-yesil-9342","status":"publish","type":"product","link":"https:\/\/mod.wisdar.net\/tr\/urun\/kisa-kollu-kemer-detayli-modal-tulum-yesil-9342\/","title":{"rendered":"K\u0131sa Kollu Kemer Detayl\u0131 Modal Tulum YE\u015e\u0130L 9342"},"content":{"rendered":"<p>Kuma\u015f Bilgisi: %90 MODAL %10 POLYESTER<br \/>\n\u00dcr\u00fcn Boyu: 150 CM<br \/>\nModelin \u00d6l\u00e7\u00fcleri: 176 cm. G\u00f6\u011f\u00fcs: 82 cm, Bel: 61 cm, Basen: 88 cm.<\/p>\n<p>Mankenin \u00fczerindeki \u00fcr\u00fcn ve \u00f6l\u00e7\u00fcleri: S beden. G\u00f6\u011f\u00fcs: 104cm, Bel: 80 cm, Basen: 100cm.<br \/>\n\u00dcr\u00fcn Bilgisi: Astars\u0131zd\u0131r. Tam kal\u0131pt\u0131r. Bedenler aras\u0131ndaki fark 4 cm\u2019 dir.<\/p>\n<p>\u2014 Technical Details \u2014<br \/>\nBoy \/ \u00d6l\u00e7\u00fc: Uzun<br \/>\nKOL T\u0130P\u0130: Uzun<br \/>\nKOL BOYU: Uzun<br \/>\nKapama \u015eekli: Fermuarl\u0131<br \/>\nAstar Durumu: Astars\u0131zd\u0131r.<br \/>\nG\u00f6g\u00fcs: 104<br \/>\nBasen: 100<br \/>\nBel: 80<br \/>\nMateryal: Polyester Kar\u0131\u015f\u0131ml\u0131<br \/>\nYaka Tipi: Kruvaze<br \/>\n\u0130\u00e7erik: %90 Modal %10 Polyester<br \/>\nKal\u0131p: Regular<br \/>\nModel: Uzun<br \/>\nKuma\u015f Tipi: Dokuma<br \/>\nKal\u0131nl\u0131k: \u0130nce<br \/>\nSiluet: Regular<br \/>\nKemer Durumu: Kemerli<br \/>\nY\u0131l Sezon: 2025 \u0130LKBAHAR\/YAZ<br \/>\nBoy: 150 CM<\/p>\n","protected":false},"excerpt":{"rendered":"<p>Kuma\u015f Bilgisi: %90 MODAL %10 POLYESTER \u00dcr\u00fcn Boyu: 150 CM Modelin \u00d6l\u00e7\u00fcleri: 176 cm. G\u00f6\u011f\u00fcs: 82 cm, Bel: 61 cm, Basen: 88 cm. Mankenin \u00fczerindeki \u00fcr\u00fcn ve \u00f6l\u00e7\u00fcleri: S beden. G\u00f6\u011f\u00fcs: 104cm, Bel: 80 cm, Basen: 100cm. \u00dcr\u00fcn Bilgisi: Astars\u0131zd\u0131r. Tam kal\u0131pt\u0131r. Bedenler aras\u0131ndaki fark 4 cm\u2019 dir. \u2014 Technical Details \u2014 Boy \/ \u00d6l\u00e7\u00fc: [&hellip;]<\/p>\n","protected":false},"featured_media":218978,"comment_status":"open","ping_status":"closed","template":"","meta":[],"product_brand":[],"product_cat":[12479,5632],"product_tag":[6824,7376,7825],"class_list":{"0":"post-218983","1":"product","2":"type-product","3":"status-publish","4":"has-post-thumbnail","6":"product_cat-gunluk-giyim","7":"product_cat-kadin-modasi","8":"product_tag-kemer-detayi","9":"product_tag-modal","10":"product_tag-yesil","11":"pa_brand-olcay","12":"pa_color-yesil","13":"pa_size-l","14":"pa_size-m","15":"pa_size-s","17":"first","18":"instock","19":"sale","20":"shipping-taxable","21":"purchasable","22":"product-type-variable"},"_links":{"self":[{"href":"https:\/\/mod.wisdar.net\/tr\/wp-json\/wp\/v2\/product\/218983","targetHints":{"allow":["GET"]}}],"collection":[{"href":"https:\/\/mod.wisdar.net\/tr\/wp-json\/wp\/v2\/product"}],"about":[{"href":"https:\/\/mod.wisdar.net\/tr\/wp-json\/wp\/v2\/types\/product"}],"replies":[{"embeddable":true,"href":"https:\/\/mod.wisdar.net\/tr\/wp-json\/wp\/v2\/comments?post=218983"}],"wp:featuredmedia":[{"embeddable":true,"href":"https:\/\/mod.wisdar.net\/tr\/wp-json\/wp\/v2\/media\/218978"}],"wp:attachment":[{"href":"https:\/\/mod.wisdar.net\/tr\/wp-json\/wp\/v2\/media?parent=218983"}],"wp:term":[{"taxonomy":"product_brand","embeddable":true,"href":"https:\/\/mod.wisdar.net\/tr\/wp-json\/wp\/v2\/product_brand?post=218983"},{"taxonomy":"product_cat","embeddable":true,"href":"https:\/\/mod.wisdar.net\/tr\/wp-json\/wp\/v2\/product_cat?post=218983"},{"taxonomy":"product_tag","embeddable":true,"href":"https:\/\/mod.wisdar.net\/tr\/wp-json\/wp\/v2\/product_tag?post=218983"}],"curies":[{"name":"wp","href":"https:\/\/api.w.org\/{rel}","templated":true}]}}