{"id":21902,"date":"2025-11-02T14:58:24","date_gmt":"2025-11-02T14:58:24","guid":{"rendered":"https:\/\/modesthanim.com\/product\/siyah-fisto-yaka-detayli-buzgulu-bluz\/"},"modified":"2026-02-18T23:11:57","modified_gmt":"2026-02-18T23:11:57","slug":"siyah-fisto-yaka-detayli-buzgulu-bluz","status":"publish","type":"product","link":"https:\/\/mod.wisdar.net\/tr\/urun\/siyah-fisto-yaka-detayli-buzgulu-bluz\/","title":{"rendered":"Siyah Fisto Yaka Detayl\u0131 B\u00fczg\u00fcl\u00fc Bluz"},"content":{"rendered":"<p>Siyah Kravat Beli Viskon G\u00f6mlek Tunik ile modern ve rahat bir stil yakalay\u0131n. ALLDAY&#8217;in G\u00f6mlek Tunik kategorisindeki di\u011fer modelleri ke\u015ffedin. K\u0131yafetinizi Siyah Kravat Beli Viskon G\u00f6mlek Tunik ile tamamlamak i\u00e7in \u015fimdi ke\u015ffedin!<\/p>\n<p>\u2014 Teknik Detaylar \u2014<br \/>\nMevsim: 25-Yaz Rpt<br \/>\nCep Detay\u0131: Cepsiz<br \/>\nYaka: G\u00f6mlek<br \/>\nKol Tasar\u0131m\u0131: Ekli<br \/>\nBoyut \/ Uzunluk: 70 CM<br \/>\nTasar\u0131m D\u00f6nemi: 25-Yaz<br \/>\nKal\u0131p: RAHAT<br \/>\nBel: Bel<br \/>\nDesen: D\u00fcz<br \/>\nTema: 1.G\u00dcNL\u00dcK<br \/>\n\u00c7izgi: ZARAFET<br \/>\n\u00dcr\u00fcn Lig: A Kalite<br \/>\nSat\u0131\u015f Sezonu: Yaz<br \/>\nMateryal T\u00fcr\u00fc: Dokuma<\/p>\n","protected":false},"excerpt":{"rendered":"<p>Siyah Kravat Beli Viskon G\u00f6mlek Tunik ile modern ve rahat bir stil yakalay\u0131n. ALLDAY&#8217;in G\u00f6mlek Tunik kategorisindeki di\u011fer modelleri ke\u015ffedin. K\u0131yafetinizi Siyah Kravat Beli Viskon G\u00f6mlek Tunik ile tamamlamak i\u00e7in \u015fimdi ke\u015ffedin! \u2014 Teknik Detaylar \u2014 Mevsim: 25-Yaz Rpt Cep Detay\u0131: Cepsiz Yaka: G\u00f6mlek Kol Tasar\u0131m\u0131: Ekli Boyut \/ Uzunluk: 70 CM Tasar\u0131m D\u00f6nemi: 25-Yaz [&hellip;]<\/p>\n","protected":false},"featured_media":0,"comment_status":"open","ping_status":"closed","template":"","meta":[],"product_brand":[],"product_cat":[],"product_tag":[],"class_list":{"0":"post-21902","1":"product","2":"type-product","3":"status-publish","6":"first","7":"instock","8":"sale","9":"shipping-taxable","10":"purchasable","11":"product-type-variable"},"_links":{"self":[{"href":"https:\/\/mod.wisdar.net\/tr\/wp-json\/wp\/v2\/product\/21902","targetHints":{"allow":["GET"]}}],"collection":[{"href":"https:\/\/mod.wisdar.net\/tr\/wp-json\/wp\/v2\/product"}],"about":[{"href":"https:\/\/mod.wisdar.net\/tr\/wp-json\/wp\/v2\/types\/product"}],"replies":[{"embeddable":true,"href":"https:\/\/mod.wisdar.net\/tr\/wp-json\/wp\/v2\/comments?post=21902"}],"wp:attachment":[{"href":"https:\/\/mod.wisdar.net\/tr\/wp-json\/wp\/v2\/media?parent=21902"}],"wp:term":[{"taxonomy":"product_brand","embeddable":true,"href":"https:\/\/mod.wisdar.net\/tr\/wp-json\/wp\/v2\/product_brand?post=21902"},{"taxonomy":"product_cat","embeddable":true,"href":"https:\/\/mod.wisdar.net\/tr\/wp-json\/wp\/v2\/product_cat?post=21902"},{"taxonomy":"product_tag","embeddable":true,"href":"https:\/\/mod.wisdar.net\/tr\/wp-json\/wp\/v2\/product_tag?post=21902"}],"curies":[{"name":"wp","href":"https:\/\/api.w.org\/{rel}","templated":true}]}}