{"id":219043,"date":"2026-04-15T20:08:03","date_gmt":"2026-04-15T20:08:03","guid":{"rendered":"https:\/\/modesthanim.com\/product\/salas-kisa-gomlekli-ikili-muslin-takim-haki-9355-tk\/"},"modified":"2026-04-15T20:08:31","modified_gmt":"2026-04-15T20:08:31","slug":"salas-kisa-gomlekli-ikili-muslin-takim-haki-9355-tk","status":"publish","type":"product","link":"https:\/\/mod.wisdar.net\/tr\/urun\/salas-kisa-gomlekli-ikili-muslin-takim-haki-9355-tk\/","title":{"rendered":"Sala\u015f K\u0131sa G\u00f6mlekli \u0130kili M\u00fcslin Tak\u0131m HAK\u0130 9355-TK"},"content":{"rendered":"<p>Kuma\u015f Bilgisi: %100 Pamuk<br \/>\n\u00dcr\u00fcn Boyu: G\u00f6mlek 49 cm Pantolon 105 cm<br \/>\nModelin \u00d6l\u00e7\u00fcleri: 1.70 Cm. G\u00f6\u011f\u00fcs: 80 Cm, Bel: 60 Cm, Basen: 90 Cm.<\/p>\n<p>Mankenin \u00fczerindeki \u00fcr\u00fcn ve \u00f6l\u00e7\u00fcleri: S beden. G\u00f6\u011f\u00fcs: cm, Bel: 56 cm, Basen: 88cm.<br \/>\n\u00dcr\u00fcn Bilgisi: Astars\u0131zd\u0131r. Tam kal\u0131pt\u0131r. Bedenler aras\u0131ndaki fark 4 cm\u2019 dir.<\/p>\n<p>\u2014 Technical Details \u2014<br \/>\n\u0130\u00e7erik: %100 Pamuk<br \/>\nBoy: G\u00f6mlek 49 cm Pantolon 105 cm<br \/>\nY\u0131l Sezon: 2025 \u0130LKBAHAR\/YAZ<br \/>\nSiluet: Regular<br \/>\nKal\u0131nl\u0131k: \u0130nce<br \/>\nKuma\u015f Tipi: Dokuma<br \/>\nKal\u0131p: Regular<br \/>\nMateryal: Pamuklu<br \/>\nBel: 56<br \/>\nBasen: 88<br \/>\nAstar Durumu: Astars\u0131zd\u0131r.<\/p>\n","protected":false},"excerpt":{"rendered":"<p>Kuma\u015f Bilgisi: %100 Pamuk \u00dcr\u00fcn Boyu: G\u00f6mlek 49 cm Pantolon 105 cm Modelin \u00d6l\u00e7\u00fcleri: 1.70 Cm. G\u00f6\u011f\u00fcs: 80 Cm, Bel: 60 Cm, Basen: 90 Cm. Mankenin \u00fczerindeki \u00fcr\u00fcn ve \u00f6l\u00e7\u00fcleri: S beden. G\u00f6\u011f\u00fcs: cm, Bel: 56 cm, Basen: 88cm. \u00dcr\u00fcn Bilgisi: Astars\u0131zd\u0131r. Tam kal\u0131pt\u0131r. Bedenler aras\u0131ndaki fark 4 cm\u2019 dir. \u2014 Technical Details \u2014 \u0130\u00e7erik: [&hellip;]<\/p>\n","protected":false},"featured_media":219032,"comment_status":"open","ping_status":"closed","template":"","meta":[],"product_brand":[],"product_cat":[12479,5632],"product_tag":[7426,6882],"class_list":{"0":"post-219043","1":"product","2":"type-product","3":"status-publish","4":"has-post-thumbnail","6":"product_cat-gunluk-giyim","7":"product_cat-kadin-modasi","8":"product_tag-gunluk-giyim-3","9":"product_tag-rahat-kesim-2","10":"pa_brand-olcay","11":"pa_color-haki","12":"pa_size-l","13":"pa_size-m","14":"pa_size-s","16":"first","17":"instock","18":"sale","19":"shipping-taxable","20":"purchasable","21":"product-type-variable"},"_links":{"self":[{"href":"https:\/\/mod.wisdar.net\/tr\/wp-json\/wp\/v2\/product\/219043","targetHints":{"allow":["GET"]}}],"collection":[{"href":"https:\/\/mod.wisdar.net\/tr\/wp-json\/wp\/v2\/product"}],"about":[{"href":"https:\/\/mod.wisdar.net\/tr\/wp-json\/wp\/v2\/types\/product"}],"replies":[{"embeddable":true,"href":"https:\/\/mod.wisdar.net\/tr\/wp-json\/wp\/v2\/comments?post=219043"}],"wp:featuredmedia":[{"embeddable":true,"href":"https:\/\/mod.wisdar.net\/tr\/wp-json\/wp\/v2\/media\/219032"}],"wp:attachment":[{"href":"https:\/\/mod.wisdar.net\/tr\/wp-json\/wp\/v2\/media?parent=219043"}],"wp:term":[{"taxonomy":"product_brand","embeddable":true,"href":"https:\/\/mod.wisdar.net\/tr\/wp-json\/wp\/v2\/product_brand?post=219043"},{"taxonomy":"product_cat","embeddable":true,"href":"https:\/\/mod.wisdar.net\/tr\/wp-json\/wp\/v2\/product_cat?post=219043"},{"taxonomy":"product_tag","embeddable":true,"href":"https:\/\/mod.wisdar.net\/tr\/wp-json\/wp\/v2\/product_tag?post=219043"}],"curies":[{"name":"wp","href":"https:\/\/api.w.org\/{rel}","templated":true}]}}