{"id":219099,"date":"2026-04-15T20:09:05","date_gmt":"2026-04-15T20:09:05","guid":{"rendered":"https:\/\/modesthanim.com\/product\/beli-lastikli-tasli-cit-citli-ceket-etek-denim-takim-lacivert-9445-tk\/"},"modified":"2026-04-15T20:09:22","modified_gmt":"2026-04-15T20:09:22","slug":"beli-lastikli-tasli-cit-citli-ceket-etek-denim-takim-lacivert-9445-tk","status":"publish","type":"product","link":"https:\/\/mod.wisdar.net\/tr\/urun\/beli-lastikli-tasli-cit-citli-ceket-etek-denim-takim-lacivert-9445-tk\/","title":{"rendered":"Beli Lastikli Ta\u015fl\u0131 \u00c7\u0131t \u00c7\u0131tl\u0131 Ceket Etek Denim Tak\u0131m LAC\u0130VERT 9445-TK"},"content":{"rendered":"<p>Kuma\u015f Bilgisi: %100 Pamuk<br \/>\n\u00dcr\u00fcn Boyu: Ceket 66 cm Etek 95 cm<br \/>\nModelin \u00d6l\u00e7\u00fcleri: 1.78 Cm. G\u00f6\u011f\u00fcs:82 Cm, Bel: 62 Cm, Basen: 90 Cm.<\/p>\n<p>Mankenin \u00fczerindeki \u00fcr\u00fcn ve \u00f6l\u00e7\u00fcleri: S-M beden. G\u00f6\u011f\u00fcs: Ceket 104 cmcm, Bel: Ceket: 74 cm, Etek: 76 cm cm, Basen: Ceket: 110 cm, Etek: 95 cmcm.<br \/>\n\u00dcr\u00fcn Bilgisi: Astars\u0131zd\u0131r. Tam kal\u0131pt\u0131r. Bedenler aras\u0131ndaki fark 4 cm\u2019 dir.<\/p>\n<p>\u2014 Technical Details \u2014<br \/>\nBoy \/ \u00d6l\u00e7\u00fc: Uzun<br \/>\nKOL T\u0130P\u0130: Uzun<br \/>\nKOL BOYU: Uzun<br \/>\nKapama \u015eekli: Lastikli<br \/>\nAstar Durumu: Astars\u0131zd\u0131r.<br \/>\nG\u00f6g\u00fcs: Ceket 104 cm<br \/>\nBasen: Ceket: 110 cm, Etek: 95 cm<br \/>\nBel: Ceket: 74 cm, Etek: 76 cm<br \/>\nMateryal: Pamuklu<br \/>\nYaka Tipi: V Yaka<br \/>\n\u0130\u00e7erik: %100 Pamuk<br \/>\nKal\u0131p: Regular<br \/>\nModel: Uzun<br \/>\nKuma\u015f Tipi: Dokuma<br \/>\nKal\u0131nl\u0131k: \u0130nce<br \/>\nSiluet: Regular<br \/>\nKemer Durumu: Kemersiz<br \/>\nY\u0131l Sezon: 2026 \u0130LKBAHAR\/YAZ<br \/>\nBoy: Ceket 66 cm Etek 95 cm<\/p>\n","protected":false},"excerpt":{"rendered":"<p>Kuma\u015f Bilgisi: %100 Pamuk \u00dcr\u00fcn Boyu: Ceket 66 cm Etek 95 cm Modelin \u00d6l\u00e7\u00fcleri: 1.78 Cm. G\u00f6\u011f\u00fcs:82 Cm, Bel: 62 Cm, Basen: 90 Cm. Mankenin \u00fczerindeki \u00fcr\u00fcn ve \u00f6l\u00e7\u00fcleri: S-M beden. G\u00f6\u011f\u00fcs: Ceket 104 cmcm, Bel: Ceket: 74 cm, Etek: 76 cm cm, Basen: Ceket: 110 cm, Etek: 95 cmcm. \u00dcr\u00fcn Bilgisi: Astars\u0131zd\u0131r. Tam kal\u0131pt\u0131r. [&hellip;]<\/p>\n","protected":false},"featured_media":219086,"comment_status":"open","ping_status":"closed","template":"","meta":[],"product_brand":[],"product_cat":[5632,1900],"product_tag":[9857,3122],"class_list":{"0":"post-219099","1":"product","2":"type-product","3":"status-publish","4":"has-post-thumbnail","6":"product_cat-kadin-modasi","7":"product_cat-koordinatlar-setler","8":"product_tag-discount","9":"product_tag-sale","10":"pa_brand-olcay","11":"pa_color-lacivert","12":"pa_size-l-xl","13":"pa_size-s-m-2","15":"first","16":"instock","17":"sale","18":"shipping-taxable","19":"purchasable","20":"product-type-variable"},"_links":{"self":[{"href":"https:\/\/mod.wisdar.net\/tr\/wp-json\/wp\/v2\/product\/219099","targetHints":{"allow":["GET"]}}],"collection":[{"href":"https:\/\/mod.wisdar.net\/tr\/wp-json\/wp\/v2\/product"}],"about":[{"href":"https:\/\/mod.wisdar.net\/tr\/wp-json\/wp\/v2\/types\/product"}],"replies":[{"embeddable":true,"href":"https:\/\/mod.wisdar.net\/tr\/wp-json\/wp\/v2\/comments?post=219099"}],"wp:featuredmedia":[{"embeddable":true,"href":"https:\/\/mod.wisdar.net\/tr\/wp-json\/wp\/v2\/media\/219086"}],"wp:attachment":[{"href":"https:\/\/mod.wisdar.net\/tr\/wp-json\/wp\/v2\/media?parent=219099"}],"wp:term":[{"taxonomy":"product_brand","embeddable":true,"href":"https:\/\/mod.wisdar.net\/tr\/wp-json\/wp\/v2\/product_brand?post=219099"},{"taxonomy":"product_cat","embeddable":true,"href":"https:\/\/mod.wisdar.net\/tr\/wp-json\/wp\/v2\/product_cat?post=219099"},{"taxonomy":"product_tag","embeddable":true,"href":"https:\/\/mod.wisdar.net\/tr\/wp-json\/wp\/v2\/product_tag?post=219099"}],"curies":[{"name":"wp","href":"https:\/\/api.w.org\/{rel}","templated":true}]}}