{"id":219113,"date":"2026-04-15T20:09:10","date_gmt":"2026-04-15T20:09:10","guid":{"rendered":"https:\/\/modesthanim.com\/product\/fermuar-ve-pens-detayli-ceket-pantolon-denim-ikili-takim-gri-9396-tk\/"},"modified":"2026-04-15T20:09:30","modified_gmt":"2026-04-15T20:09:30","slug":"fermuar-ve-pens-detayli-ceket-pantolon-denim-ikili-takim-gri-9396-tk","status":"publish","type":"product","link":"https:\/\/mod.wisdar.net\/tr\/urun\/fermuar-ve-pens-detayli-ceket-pantolon-denim-ikili-takim-gri-9396-tk\/","title":{"rendered":"Fermuar ve Pens Detayl\u0131 Ceket Pantolon Denim \u0130kili Tak\u0131m GR\u0130 9396-TK"},"content":{"rendered":"<p>Kuma\u015f Bilgisi: %100 Pamuk<br \/>\n\u00dcr\u00fcn Boyu: Ceket 75 cm Pantolon 105 cm<br \/>\nModelin \u00d6l\u00e7\u00fcleri: 178 cm. G\u00f6\u011f\u00fcs: 86 cm, Bel: 58 cm, Basen: 91 cm.<\/p>\n<p>Mankenin \u00fczerindeki \u00fcr\u00fcn ve \u00f6l\u00e7\u00fcleri: S beden. G\u00f6\u011f\u00fcs: Ceket: 112 cmcm, Bel: Ceket: 86 cm, Pantolon: 74 cm cm, Basen: Ceket: 128 cm, Pantolon: 102 cmcm.<br \/>\n\u00dcr\u00fcn Bilgisi: Astars\u0131zd\u0131r. Tam kal\u0131pt\u0131r. Bedenler aras\u0131ndaki fark 4 cm\u2019 dir.<\/p>\n<p>\u2014 Technical Details \u2014<br \/>\nBoy \/ \u00d6l\u00e7\u00fc: Uzun<br \/>\nKOL T\u0130P\u0130: Uzun<br \/>\nKOL BOYU: Uzun<br \/>\nKapama \u015eekli: Fermuarl\u0131<br \/>\nAstar Durumu: Astars\u0131zd\u0131r.<br \/>\nG\u00f6g\u00fcs: Ceket: 112 cm<br \/>\nBasen: Ceket: 128 cm, Pantolon: 102 cm<br \/>\nBel: Ceket: 86 cm, Pantolon: 74 cm<br \/>\nMateryal: Pamuk<br \/>\nYaka Tipi: G\u00f6mlek Yaka<br \/>\n\u0130\u00e7erik: %100 Pamuk<br \/>\nKal\u0131p: Regular<br \/>\nModel: Uzun<br \/>\nKuma\u015f Tipi: Dokuma<br \/>\nKal\u0131nl\u0131k: \u0130nce<br \/>\nSiluet: Regular<br \/>\nKemer Durumu: Kemersiz<br \/>\nY\u0131l Sezon: 2026 \u0130LKBAHAR\/YAZ<br \/>\nBoy: Ceket 75 cm Pantolon 105 cm<\/p>\n","protected":false},"excerpt":{"rendered":"<p>Kuma\u015f Bilgisi: %100 Pamuk \u00dcr\u00fcn Boyu: Ceket 75 cm Pantolon 105 cm Modelin \u00d6l\u00e7\u00fcleri: 178 cm. G\u00f6\u011f\u00fcs: 86 cm, Bel: 58 cm, Basen: 91 cm. Mankenin \u00fczerindeki \u00fcr\u00fcn ve \u00f6l\u00e7\u00fcleri: S beden. G\u00f6\u011f\u00fcs: Ceket: 112 cmcm, Bel: Ceket: 86 cm, Pantolon: 74 cm cm, Basen: Ceket: 128 cm, Pantolon: 102 cmcm. \u00dcr\u00fcn Bilgisi: Astars\u0131zd\u0131r. Tam [&hellip;]<\/p>\n","protected":false},"featured_media":219098,"comment_status":"open","ping_status":"closed","template":"","meta":[],"product_brand":[],"product_cat":[5632,1900],"product_tag":[7428],"class_list":{"0":"post-219113","1":"product","2":"type-product","3":"status-publish","4":"has-post-thumbnail","6":"product_cat-kadin-modasi","7":"product_cat-koordinatlar-setler","8":"product_tag-fermuar-detayi","9":"pa_brand-olcay","10":"pa_color-gri","11":"pa_size-l","12":"pa_size-m","13":"pa_size-s","15":"first","16":"instock","17":"sale","18":"shipping-taxable","19":"purchasable","20":"product-type-variable"},"_links":{"self":[{"href":"https:\/\/mod.wisdar.net\/tr\/wp-json\/wp\/v2\/product\/219113","targetHints":{"allow":["GET"]}}],"collection":[{"href":"https:\/\/mod.wisdar.net\/tr\/wp-json\/wp\/v2\/product"}],"about":[{"href":"https:\/\/mod.wisdar.net\/tr\/wp-json\/wp\/v2\/types\/product"}],"replies":[{"embeddable":true,"href":"https:\/\/mod.wisdar.net\/tr\/wp-json\/wp\/v2\/comments?post=219113"}],"wp:featuredmedia":[{"embeddable":true,"href":"https:\/\/mod.wisdar.net\/tr\/wp-json\/wp\/v2\/media\/219098"}],"wp:attachment":[{"href":"https:\/\/mod.wisdar.net\/tr\/wp-json\/wp\/v2\/media?parent=219113"}],"wp:term":[{"taxonomy":"product_brand","embeddable":true,"href":"https:\/\/mod.wisdar.net\/tr\/wp-json\/wp\/v2\/product_brand?post=219113"},{"taxonomy":"product_cat","embeddable":true,"href":"https:\/\/mod.wisdar.net\/tr\/wp-json\/wp\/v2\/product_cat?post=219113"},{"taxonomy":"product_tag","embeddable":true,"href":"https:\/\/mod.wisdar.net\/tr\/wp-json\/wp\/v2\/product_tag?post=219113"}],"curies":[{"name":"wp","href":"https:\/\/api.w.org\/{rel}","templated":true}]}}