{"id":219191,"date":"2026-04-15T20:10:07","date_gmt":"2026-04-15T20:10:07","guid":{"rendered":"https:\/\/modesthanim.com\/product\/fermuar-kapamali-ceket-etek-denim-takim-lacivert-9447-tk\/"},"modified":"2026-04-15T20:10:30","modified_gmt":"2026-04-15T20:10:30","slug":"fermuar-kapamali-ceket-etek-denim-takim-lacivert-9447-tk","status":"publish","type":"product","link":"https:\/\/mod.wisdar.net\/tr\/urun\/fermuar-kapamali-ceket-etek-denim-takim-lacivert-9447-tk\/","title":{"rendered":"Fermuar Kapamal\u0131 Ceket Etek Denim Tak\u0131m LAC\u0130VERT 9447-TK"},"content":{"rendered":"<p>Kuma\u015f Bilgisi: %100 Pamuk<br \/>\n\u00dcr\u00fcn Boyu: Ceket 58 cm Etek 94 cm<br \/>\nModelin \u00d6l\u00e7\u00fcleri: 1.78 Cm. G\u00f6\u011f\u00fcs:82 Cm, Bel: 62 Cm, Basen: 90 Cm.<\/p>\n<p>Mankenin \u00fczerindeki \u00fcr\u00fcn ve \u00f6l\u00e7\u00fcleri: S-M beden. G\u00f6\u011f\u00fcs: Ceket: 112 cmcm, Bel: Ceket: 110 cm, Etek: 80 cm cm, Basen: Etek:114 cmcm.<br \/>\n\u00dcr\u00fcn Bilgisi: Astars\u0131zd\u0131r. Rahat kal\u0131pt\u0131r. Bedenler aras\u0131ndaki fark 4 cm\u2019 dir.<\/p>\n<p>\u2014 Technical Details \u2014<br \/>\nBoy \/ \u00d6l\u00e7\u00fc: Uzun<br \/>\nKOL T\u0130P\u0130: Uzun<br \/>\nKOL BOYU: Uzun<br \/>\nKapama \u015eekli: Fermuarl\u0131<br \/>\nAstar Durumu: Astars\u0131zd\u0131r.<br \/>\nG\u00f6g\u00fcs: Ceket: 112 cm<br \/>\nBasen: Etek:114 cm<br \/>\nBel: Ceket: 110 cm, Etek: 80 cm<br \/>\nMateryal: Pamuklu<br \/>\nYaka Tipi: G\u00f6mlek Yaka<br \/>\n\u0130\u00e7erik: %100 Pamuk<br \/>\nKal\u0131p: Relaxed<br \/>\nModel: Uzun<br \/>\nKuma\u015f Tipi: Dokuma<br \/>\nKal\u0131nl\u0131k: \u0130nce<br \/>\nSiluet: Relaxed<br \/>\nKemer Durumu: Kemersiz<br \/>\nY\u0131l Sezon: 2026 \u0130LKBAHAR\/YAZ<br \/>\nBoy: Ceket 58 cm Etek 94 cm<\/p>\n","protected":false},"excerpt":{"rendered":"<p>Kuma\u015f Bilgisi: %100 Pamuk \u00dcr\u00fcn Boyu: Ceket 58 cm Etek 94 cm Modelin \u00d6l\u00e7\u00fcleri: 1.78 Cm. G\u00f6\u011f\u00fcs:82 Cm, Bel: 62 Cm, Basen: 90 Cm. Mankenin \u00fczerindeki \u00fcr\u00fcn ve \u00f6l\u00e7\u00fcleri: S-M beden. G\u00f6\u011f\u00fcs: Ceket: 112 cmcm, Bel: Ceket: 110 cm, Etek: 80 cm cm, Basen: Etek:114 cmcm. \u00dcr\u00fcn Bilgisi: Astars\u0131zd\u0131r. Rahat kal\u0131pt\u0131r. Bedenler aras\u0131ndaki fark 4 [&hellip;]<\/p>\n","protected":false},"featured_media":219174,"comment_status":"open","ping_status":"closed","template":"","meta":[],"product_brand":[],"product_cat":[5632,1900],"product_tag":[7000,7238,7488,6882],"class_list":{"0":"post-219191","1":"product","2":"type-product","3":"status-publish","4":"has-post-thumbnail","6":"product_cat-kadin-modasi","7":"product_cat-koordinatlar-setler","8":"product_tag-fermuarli-kapama","9":"product_tag-lacivert","10":"product_tag-pamuk","11":"product_tag-rahat-kesim-2","12":"pa_brand-olcay","13":"pa_color-lacivert","14":"pa_size-l","15":"pa_size-m","16":"pa_size-s","17":"pa_size-xl","19":"first","20":"instock","21":"sale","22":"shipping-taxable","23":"purchasable","24":"product-type-variable"},"_links":{"self":[{"href":"https:\/\/mod.wisdar.net\/tr\/wp-json\/wp\/v2\/product\/219191","targetHints":{"allow":["GET"]}}],"collection":[{"href":"https:\/\/mod.wisdar.net\/tr\/wp-json\/wp\/v2\/product"}],"about":[{"href":"https:\/\/mod.wisdar.net\/tr\/wp-json\/wp\/v2\/types\/product"}],"replies":[{"embeddable":true,"href":"https:\/\/mod.wisdar.net\/tr\/wp-json\/wp\/v2\/comments?post=219191"}],"wp:featuredmedia":[{"embeddable":true,"href":"https:\/\/mod.wisdar.net\/tr\/wp-json\/wp\/v2\/media\/219174"}],"wp:attachment":[{"href":"https:\/\/mod.wisdar.net\/tr\/wp-json\/wp\/v2\/media?parent=219191"}],"wp:term":[{"taxonomy":"product_brand","embeddable":true,"href":"https:\/\/mod.wisdar.net\/tr\/wp-json\/wp\/v2\/product_brand?post=219191"},{"taxonomy":"product_cat","embeddable":true,"href":"https:\/\/mod.wisdar.net\/tr\/wp-json\/wp\/v2\/product_cat?post=219191"},{"taxonomy":"product_tag","embeddable":true,"href":"https:\/\/mod.wisdar.net\/tr\/wp-json\/wp\/v2\/product_tag?post=219191"}],"curies":[{"name":"wp","href":"https:\/\/api.w.org\/{rel}","templated":true}]}}