{"id":219336,"date":"2026-04-15T20:12:06","date_gmt":"2026-04-15T20:12:06","guid":{"rendered":"https:\/\/modesthanim.com\/product\/gogus-cepli-beli-lastikli-poplin-elbise-mavi-beyaz-9286-e\/"},"modified":"2026-04-15T20:12:24","modified_gmt":"2026-04-15T20:12:24","slug":"gogus-cepli-beli-lastikli-poplin-elbise-mavi-beyaz-9286-e","status":"publish","type":"product","link":"https:\/\/mod.wisdar.net\/tr\/urun\/gogus-cepli-beli-lastikli-poplin-elbise-mavi-beyaz-9286-e\/","title":{"rendered":"G\u00f6\u011f\u00fcs Cepli Beli Lastikli Poplin Elbise MAV\u0130-BEYAZ 9286-E"},"content":{"rendered":"<p>Kuma\u015f Bilgisi: %58 Pamuk %42 Polyester<br \/>\n\u00dcr\u00fcn Boyu: Enseden 128 CM<br \/>\nModelin \u00d6l\u00e7\u00fcleri: 174 cm. G\u00f6\u011f\u00fcs: 81 cm, Bel: 61cm, Basen: 92 cm.<\/p>\n<p>Mankenin \u00fczerindeki \u00fcr\u00fcn ve \u00f6l\u00e7\u00fcleri: 38 beden. G\u00f6\u011f\u00fcs: 94cm, Bel: 66 cm, Basen: cm.<br \/>\n\u00dcr\u00fcn Bilgisi: Astars\u0131z Tam kal\u0131pt\u0131r. Bedenler aras\u0131ndaki fark 4 cm\u2019 dir.<\/p>\n<p>\u2014 Technical Details \u2014<br \/>\nKal\u0131p: Regular<br \/>\nKOL T\u0130P\u0130: Uzun Kol<br \/>\nKOL BOYU: Uzun Kol<br \/>\nAstar Durumu: Astars\u0131z<br \/>\nG\u00f6g\u00fcs: 94<br \/>\nBel: 66<br \/>\nMateryal: Pamuk Polyester<br \/>\nYaka Tipi: G\u00f6mlek Yaka<br \/>\nBoy \/ \u00d6l\u00e7\u00fc: Maxi<br \/>\n\u0130\u00e7erik: %58 Pamuk %42 Polyester<br \/>\nModel: Uzun Kol<br \/>\nKuma\u015f Tipi: Dokuma<br \/>\nKal\u0131nl\u0131k: Orta<br \/>\nSiluet: Regular<br \/>\nKemer Durumu: Kemersiz<br \/>\nY\u0131l Sezon: 2026 \u0130LKBAHAR\/YAZ<br \/>\nBoy: 128 CM<\/p>\n","protected":false},"excerpt":{"rendered":"<p>Kuma\u015f Bilgisi: %58 Pamuk %42 Polyester \u00dcr\u00fcn Boyu: Enseden 128 CM Modelin \u00d6l\u00e7\u00fcleri: 174 cm. G\u00f6\u011f\u00fcs: 81 cm, Bel: 61cm, Basen: 92 cm. Mankenin \u00fczerindeki \u00fcr\u00fcn ve \u00f6l\u00e7\u00fcleri: 38 beden. G\u00f6\u011f\u00fcs: 94cm, Bel: 66 cm, Basen: cm. \u00dcr\u00fcn Bilgisi: Astars\u0131z Tam kal\u0131pt\u0131r. Bedenler aras\u0131ndaki fark 4 cm\u2019 dir. \u2014 Technical Details \u2014 Kal\u0131p: Regular KOL [&hellip;]<\/p>\n","protected":false},"featured_media":219324,"comment_status":"open","ping_status":"closed","template":"","meta":[],"product_brand":[],"product_cat":[6249,1933,5632],"product_tag":[6765,6768],"class_list":{"0":"post-219336","1":"product","2":"type-product","3":"status-publish","4":"has-post-thumbnail","6":"product_cat-elbiseler","7":"product_cat-gunluk-ve-gunduz-elbiseleri","8":"product_cat-kadin-modasi","9":"product_tag-lastikli-bel","10":"product_tag-uzun-kol","11":"pa_brand-olcay","12":"pa_color-mavi-beyaz","13":"pa_size-4701","14":"pa_size-4706","15":"pa_size-4711","17":"first","18":"instock","19":"sale","20":"shipping-taxable","21":"purchasable","22":"product-type-variable"},"_links":{"self":[{"href":"https:\/\/mod.wisdar.net\/tr\/wp-json\/wp\/v2\/product\/219336","targetHints":{"allow":["GET"]}}],"collection":[{"href":"https:\/\/mod.wisdar.net\/tr\/wp-json\/wp\/v2\/product"}],"about":[{"href":"https:\/\/mod.wisdar.net\/tr\/wp-json\/wp\/v2\/types\/product"}],"replies":[{"embeddable":true,"href":"https:\/\/mod.wisdar.net\/tr\/wp-json\/wp\/v2\/comments?post=219336"}],"wp:featuredmedia":[{"embeddable":true,"href":"https:\/\/mod.wisdar.net\/tr\/wp-json\/wp\/v2\/media\/219324"}],"wp:attachment":[{"href":"https:\/\/mod.wisdar.net\/tr\/wp-json\/wp\/v2\/media?parent=219336"}],"wp:term":[{"taxonomy":"product_brand","embeddable":true,"href":"https:\/\/mod.wisdar.net\/tr\/wp-json\/wp\/v2\/product_brand?post=219336"},{"taxonomy":"product_cat","embeddable":true,"href":"https:\/\/mod.wisdar.net\/tr\/wp-json\/wp\/v2\/product_cat?post=219336"},{"taxonomy":"product_tag","embeddable":true,"href":"https:\/\/mod.wisdar.net\/tr\/wp-json\/wp\/v2\/product_tag?post=219336"}],"curies":[{"name":"wp","href":"https:\/\/api.w.org\/{rel}","templated":true}]}}