{"id":219415,"date":"2026-04-15T20:13:05","date_gmt":"2026-04-15T20:13:05","guid":{"rendered":"https:\/\/modesthanim.com\/product\/beli-lastikli-bagcik-detayli-yarim-kol-muslin-elbise-kahve-9331-e\/"},"modified":"2026-04-15T20:13:24","modified_gmt":"2026-04-15T20:13:24","slug":"beli-lastikli-bagcik-detayli-yarim-kol-muslin-elbise-kahve-9331-e","status":"publish","type":"product","link":"https:\/\/mod.wisdar.net\/tr\/urun\/beli-lastikli-bagcik-detayli-yarim-kol-muslin-elbise-kahve-9331-e\/","title":{"rendered":"Beli Lastikli Ba\u011fc\u0131k Detayl\u0131 Yar\u0131m Kol M\u00fcslin Elbise KAHVE 9331-E"},"content":{"rendered":"<p>Kuma\u015f Bilgisi: %100 Pamuk<br \/>\n\u00dcr\u00fcn Boyu: Enseden 125 CM<br \/>\nModelin \u00d6l\u00e7\u00fcleri: 1.75 cm. G\u00f6\u011f\u00fcs: 76 cm, Bel: 60 cm, Basen: 89 cm.<\/p>\n<p>Mankenin \u00fczerindeki \u00fcr\u00fcn ve \u00f6l\u00e7\u00fcleri: S beden. G\u00f6\u011f\u00fcs: 92cm, Bel: 58 cm, Basen: 126cm.<br \/>\n\u00dcr\u00fcn Bilgisi: Astars\u0131zd\u0131r. Tam kal\u0131pt\u0131r. Bedenler aras\u0131ndaki fark 4 cm\u2019 dir.<\/p>\n<p>Kahve renkli m\u00fcslin elbise, do\u011fal tonlar\u0131 sevenler i\u00e7in ideal bir se\u00e7imdir. Rahat kesimi sayesinde g\u00fcn boyu konfor sa\u011flar. G\u00fcnl\u00fck ve yazl\u0131k kombinlerde rahatl\u0131kla tercih edilebilir.<\/p>\n<p>\u2014 Technical Details \u2014<br \/>\nBoy \/ \u00d6l\u00e7\u00fc: Midi<br \/>\nKOL T\u0130P\u0130: Uzun<br \/>\nKOL BOYU: Uzun<br \/>\nAstar Durumu: Astars\u0131zd\u0131r.<br \/>\nG\u00f6g\u00fcs: 92<br \/>\nBasen: 126<br \/>\nBel: 58<br \/>\nMateryal: Pamuklu<br \/>\nYaka Tipi: V Yaka<br \/>\n\u0130\u00e7erik: %100 Pamuk<br \/>\nKal\u0131p: Regular<br \/>\nModel: Uzun<br \/>\nKuma\u015f Tipi: Dokuma<br \/>\nKal\u0131nl\u0131k: Orta<br \/>\nSiluet: Regular<br \/>\nKemer Durumu: Kemersiz<br \/>\nY\u0131l Sezon: 2026 \u0130LKBAHAR\/YAZ<br \/>\nBoy: 125 CM<\/p>\n","protected":false},"excerpt":{"rendered":"<p>Kuma\u015f Bilgisi: %100 Pamuk \u00dcr\u00fcn Boyu: Enseden 125 CM Modelin \u00d6l\u00e7\u00fcleri: 1.75 cm. G\u00f6\u011f\u00fcs: 76 cm, Bel: 60 cm, Basen: 89 cm. Mankenin \u00fczerindeki \u00fcr\u00fcn ve \u00f6l\u00e7\u00fcleri: S beden. G\u00f6\u011f\u00fcs: 92cm, Bel: 58 cm, Basen: 126cm. \u00dcr\u00fcn Bilgisi: Astars\u0131zd\u0131r. Tam kal\u0131pt\u0131r. Bedenler aras\u0131ndaki fark 4 cm\u2019 dir. Kahve renkli m\u00fcslin elbise, do\u011fal tonlar\u0131 sevenler i\u00e7in [&hellip;]<\/p>\n","protected":false},"featured_media":219401,"comment_status":"open","ping_status":"closed","template":"","meta":[],"product_brand":[],"product_cat":[12479,5632],"product_tag":[7426,6840,7578,7591],"class_list":{"0":"post-219415","1":"product","2":"type-product","3":"status-publish","4":"has-post-thumbnail","6":"product_cat-gunluk-giyim","7":"product_cat-kadin-modasi","8":"product_tag-gunluk-giyim-3","9":"product_tag-kahve-rengi","10":"product_tag-midi-elbise","11":"product_tag-muslin-elbise","12":"pa_brand-olcay","13":"pa_color-kahve","14":"pa_size-l","15":"pa_size-m","16":"pa_size-s","18":"first","19":"instock","20":"sale","21":"shipping-taxable","22":"purchasable","23":"product-type-variable"},"_links":{"self":[{"href":"https:\/\/mod.wisdar.net\/tr\/wp-json\/wp\/v2\/product\/219415","targetHints":{"allow":["GET"]}}],"collection":[{"href":"https:\/\/mod.wisdar.net\/tr\/wp-json\/wp\/v2\/product"}],"about":[{"href":"https:\/\/mod.wisdar.net\/tr\/wp-json\/wp\/v2\/types\/product"}],"replies":[{"embeddable":true,"href":"https:\/\/mod.wisdar.net\/tr\/wp-json\/wp\/v2\/comments?post=219415"}],"wp:featuredmedia":[{"embeddable":true,"href":"https:\/\/mod.wisdar.net\/tr\/wp-json\/wp\/v2\/media\/219401"}],"wp:attachment":[{"href":"https:\/\/mod.wisdar.net\/tr\/wp-json\/wp\/v2\/media?parent=219415"}],"wp:term":[{"taxonomy":"product_brand","embeddable":true,"href":"https:\/\/mod.wisdar.net\/tr\/wp-json\/wp\/v2\/product_brand?post=219415"},{"taxonomy":"product_cat","embeddable":true,"href":"https:\/\/mod.wisdar.net\/tr\/wp-json\/wp\/v2\/product_cat?post=219415"},{"taxonomy":"product_tag","embeddable":true,"href":"https:\/\/mod.wisdar.net\/tr\/wp-json\/wp\/v2\/product_tag?post=219415"}],"curies":[{"name":"wp","href":"https:\/\/api.w.org\/{rel}","templated":true}]}}