{"id":219490,"date":"2026-04-15T20:14:03","date_gmt":"2026-04-15T20:14:03","guid":{"rendered":"https:\/\/modesthanim.com\/product\/bagcik-detayli-beli-buzgulu-muslin-elbise-pembe-9362-e\/"},"modified":"2026-04-15T20:14:19","modified_gmt":"2026-04-15T20:14:19","slug":"bagcik-detayli-beli-buzgulu-muslin-elbise-pembe-9362-e","status":"publish","type":"product","link":"https:\/\/mod.wisdar.net\/tr\/urun\/bagcik-detayli-beli-buzgulu-muslin-elbise-pembe-9362-e\/","title":{"rendered":"Ba\u011fc\u0131k Detayl\u0131 Beli B\u00fczg\u00fcl\u00fc M\u00fcslin Elbise PEMBE 9362-E"},"content":{"rendered":"<p>Kuma\u015f Bilgisi: %100 Pamuk<br \/>\n\u00dcr\u00fcn Boyu:Enseden 122 CM<br \/>\nModelin \u00d6l\u00e7\u00fcleri: 175 cm. G\u00f6\u011f\u00fcs: 84 cm, Bel: 64 cm, Basen: 92 cm.<\/p>\n<p>Mankenin \u00fczerindeki \u00fcr\u00fcn ve \u00f6l\u00e7\u00fcleri: S beden. G\u00f6\u011f\u00fcs: 86cm, Bel: 60 cm, Basen: 120cm.<br \/>\n\u00dcr\u00fcn Bilgisi: Astarl\u0131d\u0131r. Tam kal\u0131pt\u0131r. Bedenler aras\u0131ndaki fark 4 cm\u2019 dir.<\/p>\n<p>\u2014 Technical Details \u2014<br \/>\n\u0130\u00e7erik: %100 Pamuk<br \/>\nBoy: 122 CM<br \/>\nY\u0131l Sezon: 2025 \u0130LKBAHAR\/YAZ<br \/>\nKemer Durumu: Kemersiz<br \/>\nSiluet: Regular<br \/>\nKal\u0131nl\u0131k: \u0130nce<br \/>\nKuma\u015f Tipi: Dokuma<br \/>\nKal\u0131p: Regular<br \/>\nBoy \/ \u00d6l\u00e7\u00fc: Midi<br \/>\nYaka Tipi: Bebe Yaka<br \/>\nMateryal: Pamuklu<br \/>\nBel: 60<br \/>\nBasen: 120<br \/>\nG\u00f6g\u00fcs: 86<br \/>\nAstar Durumu: Astarl\u0131d\u0131r.<br \/>\nKapama \u015eekli: Ba\u011flamal\u0131<\/p>\n","protected":false},"excerpt":{"rendered":"<p>Kuma\u015f Bilgisi: %100 Pamuk \u00dcr\u00fcn Boyu:Enseden 122 CM Modelin \u00d6l\u00e7\u00fcleri: 175 cm. G\u00f6\u011f\u00fcs: 84 cm, Bel: 64 cm, Basen: 92 cm. Mankenin \u00fczerindeki \u00fcr\u00fcn ve \u00f6l\u00e7\u00fcleri: S beden. G\u00f6\u011f\u00fcs: 86cm, Bel: 60 cm, Basen: 120cm. \u00dcr\u00fcn Bilgisi: Astarl\u0131d\u0131r. Tam kal\u0131pt\u0131r. Bedenler aras\u0131ndaki fark 4 cm\u2019 dir. \u2014 Technical Details \u2014 \u0130\u00e7erik: %100 Pamuk Boy: 122 [&hellip;]<\/p>\n","protected":false},"featured_media":219478,"comment_status":"open","ping_status":"closed","template":"","meta":[],"product_brand":[],"product_cat":[12479,5632],"product_tag":[8281,6773,7578,7591],"class_list":{"0":"post-219490","1":"product","2":"type-product","3":"status-publish","4":"has-post-thumbnail","6":"product_cat-gunluk-giyim","7":"product_cat-kadin-modasi","8":"product_tag-bagcikli-bel","9":"product_tag-buzgulu-elbise","10":"product_tag-midi-elbise","11":"product_tag-muslin-elbise","12":"pa_brand-olcay","13":"pa_color-pembe","14":"pa_size-l","15":"pa_size-m","16":"pa_size-s","18":"first","19":"instock","20":"sale","21":"shipping-taxable","22":"purchasable","23":"product-type-variable"},"_links":{"self":[{"href":"https:\/\/mod.wisdar.net\/tr\/wp-json\/wp\/v2\/product\/219490","targetHints":{"allow":["GET"]}}],"collection":[{"href":"https:\/\/mod.wisdar.net\/tr\/wp-json\/wp\/v2\/product"}],"about":[{"href":"https:\/\/mod.wisdar.net\/tr\/wp-json\/wp\/v2\/types\/product"}],"replies":[{"embeddable":true,"href":"https:\/\/mod.wisdar.net\/tr\/wp-json\/wp\/v2\/comments?post=219490"}],"wp:featuredmedia":[{"embeddable":true,"href":"https:\/\/mod.wisdar.net\/tr\/wp-json\/wp\/v2\/media\/219478"}],"wp:attachment":[{"href":"https:\/\/mod.wisdar.net\/tr\/wp-json\/wp\/v2\/media?parent=219490"}],"wp:term":[{"taxonomy":"product_brand","embeddable":true,"href":"https:\/\/mod.wisdar.net\/tr\/wp-json\/wp\/v2\/product_brand?post=219490"},{"taxonomy":"product_cat","embeddable":true,"href":"https:\/\/mod.wisdar.net\/tr\/wp-json\/wp\/v2\/product_cat?post=219490"},{"taxonomy":"product_tag","embeddable":true,"href":"https:\/\/mod.wisdar.net\/tr\/wp-json\/wp\/v2\/product_tag?post=219490"}],"curies":[{"name":"wp","href":"https:\/\/api.w.org\/{rel}","templated":true}]}}