{"id":219551,"date":"2026-04-15T20:14:49","date_gmt":"2026-04-15T20:14:49","guid":{"rendered":"https:\/\/modesthanim.com\/product\/onu-aksesuarli-orme-elbise-antrasit-9367-e\/"},"modified":"2026-04-15T20:15:11","modified_gmt":"2026-04-15T20:15:11","slug":"onu-aksesuarli-orme-elbise-antrasit-9367-e","status":"publish","type":"product","link":"https:\/\/mod.wisdar.net\/tr\/urun\/onu-aksesuarli-orme-elbise-antrasit-9367-e\/","title":{"rendered":"\u00d6n\u00fc Aksesuarl\u0131 \u00d6rme Elbise ANTRAS\u0130T 9367-E"},"content":{"rendered":"<p>Kuma\u015f Bilgisi: %100 Polyester<br \/>\n\u00dcr\u00fcn Boyu: Enseden 122 CM<br \/>\nModelin \u00d6l\u00e7\u00fcleri: 172 cm. G\u00f6\u011f\u00fcs: 85 cm, Bel: 66 cm, Basen: 90cm.<\/p>\n<p>Mankenin \u00fczerindeki \u00fcr\u00fcn ve \u00f6l\u00e7\u00fcleri: S beden. G\u00f6\u011f\u00fcs: 76cm, Bel: 58 cm, Basen: 94cm.\u00dcr\u00fcn Bilgisi: Astars\u0131zd\u0131r. Dar kal\u0131pt\u0131r. Bedenler aras\u0131ndaki fark 4 cm\u2019 dir.<\/p>\n<p>\u2014 Technical Details \u2014<br \/>\nBoy \/ \u00d6l\u00e7\u00fc: Uzun<br \/>\nKOL T\u0130P\u0130: Uzun Kol<br \/>\nKOL BOYU: Uzun Kol<br \/>\nAstar Durumu: Astars\u0131zd\u0131r.<br \/>\nG\u00f6g\u00fcs: 76<br \/>\nBasen: 94<br \/>\nBel: 58<br \/>\nMateryal: Polyester<br \/>\nYaka Tipi: V Yaka<br \/>\n\u0130\u00e7erik: %100 Polyester<br \/>\nKal\u0131p: Regular<br \/>\nModel: Uzun Kol<br \/>\nKuma\u015f Tipi: \u00d6rme<br \/>\nKal\u0131nl\u0131k: Kal\u0131n<br \/>\nSiluet: Regular<br \/>\nKemer Durumu: Kemerli<br \/>\nY\u0131l Sezon: 2025 SONBAHAR\/KI\u015e<br \/>\nBoy: 122 CM<\/p>\n","protected":false},"excerpt":{"rendered":"<p>Kuma\u015f Bilgisi: %100 Polyester \u00dcr\u00fcn Boyu: Enseden 122 CM Modelin \u00d6l\u00e7\u00fcleri: 172 cm. G\u00f6\u011f\u00fcs: 85 cm, Bel: 66 cm, Basen: 90cm. Mankenin \u00fczerindeki \u00fcr\u00fcn ve \u00f6l\u00e7\u00fcleri: S beden. G\u00f6\u011f\u00fcs: 76cm, Bel: 58 cm, Basen: 94cm.\u00dcr\u00fcn Bilgisi: Astars\u0131zd\u0131r. Dar kal\u0131pt\u0131r. Bedenler aras\u0131ndaki fark 4 cm\u2019 dir. \u2014 Technical Details \u2014 Boy \/ \u00d6l\u00e7\u00fc: Uzun KOL T\u0130P\u0130: [&hellip;]<\/p>\n","protected":false},"featured_media":219541,"comment_status":"open","ping_status":"closed","template":"","meta":[],"product_brand":[],"product_cat":[12479,5632],"product_tag":[6777,8299,6750,7310,6768],"class_list":{"0":"post-219551","1":"product","2":"type-product","3":"status-publish","4":"has-post-thumbnail","6":"product_cat-gunluk-giyim","7":"product_cat-kadin-modasi","8":"product_tag-antrasit","9":"product_tag-kemerli-elbise","10":"product_tag-polyester-elbise","11":"product_tag-slim-fit","12":"product_tag-uzun-kol","13":"pa_brand-olcay","14":"pa_color-antrasit","15":"pa_size-l","16":"pa_size-m","17":"pa_size-s","19":"first","20":"instock","21":"shipping-taxable","22":"purchasable","23":"product-type-variable"},"_links":{"self":[{"href":"https:\/\/mod.wisdar.net\/tr\/wp-json\/wp\/v2\/product\/219551","targetHints":{"allow":["GET"]}}],"collection":[{"href":"https:\/\/mod.wisdar.net\/tr\/wp-json\/wp\/v2\/product"}],"about":[{"href":"https:\/\/mod.wisdar.net\/tr\/wp-json\/wp\/v2\/types\/product"}],"replies":[{"embeddable":true,"href":"https:\/\/mod.wisdar.net\/tr\/wp-json\/wp\/v2\/comments?post=219551"}],"wp:featuredmedia":[{"embeddable":true,"href":"https:\/\/mod.wisdar.net\/tr\/wp-json\/wp\/v2\/media\/219541"}],"wp:attachment":[{"href":"https:\/\/mod.wisdar.net\/tr\/wp-json\/wp\/v2\/media?parent=219551"}],"wp:term":[{"taxonomy":"product_brand","embeddable":true,"href":"https:\/\/mod.wisdar.net\/tr\/wp-json\/wp\/v2\/product_brand?post=219551"},{"taxonomy":"product_cat","embeddable":true,"href":"https:\/\/mod.wisdar.net\/tr\/wp-json\/wp\/v2\/product_cat?post=219551"},{"taxonomy":"product_tag","embeddable":true,"href":"https:\/\/mod.wisdar.net\/tr\/wp-json\/wp\/v2\/product_tag?post=219551"}],"curies":[{"name":"wp","href":"https:\/\/api.w.org\/{rel}","templated":true}]}}