{"id":219695,"date":"2026-04-15T20:16:49","date_gmt":"2026-04-15T20:16:49","guid":{"rendered":"https:\/\/modesthanim.com\/product\/yarasa-kol-dugme-detayli-muslin-salas-elbise-kahve-9330-e\/"},"modified":"2026-04-15T20:17:08","modified_gmt":"2026-04-15T20:17:08","slug":"yarasa-kol-dugme-detayli-muslin-salas-elbise-kahve-9330-e","status":"publish","type":"product","link":"https:\/\/mod.wisdar.net\/tr\/urun\/yarasa-kol-dugme-detayli-muslin-salas-elbise-kahve-9330-e\/","title":{"rendered":"Yarasa Kol D\u00fc\u011fme Detayl\u0131 M\u00fcslin Sala\u015f Elbise KAHVE 9330-E"},"content":{"rendered":"<p>Kuma\u015f Bilgisi: %100 Pamuk<br \/>\n\u00dcr\u00fcn Boyu: Enseden 134 CM<br \/>\nModelin \u00d6l\u00e7\u00fcleri: 175 cm. G\u00f6\u011f\u00fcs: 86 cm, Bel: 59 cm, Basen: 90 cm.<\/p>\n<p>Mankenin \u00fczerindeki \u00fcr\u00fcn ve \u00f6l\u00e7\u00fcleri: S beden. G\u00f6\u011f\u00fcs: 108cm, Bel: 122 cm, Basen: 144cm.<br \/>\n\u00dcr\u00fcn Bilgisi: Yar\u0131m astarl\u0131d\u0131r. Tam kal\u0131pt\u0131r. Bedenler aras\u0131ndaki fark 4 cm\u2019 dir.<\/p>\n<p>\u2014 Technical Details \u2014<br \/>\nBoy \/ \u00d6l\u00e7\u00fc: Uzun<br \/>\nKOL T\u0130P\u0130: Uzun<br \/>\nKOL BOYU: Uzun<br \/>\nKapama \u015eekli: D\u00fc\u011fmeli<br \/>\nAstar Durumu: Yar\u0131m astarl\u0131d\u0131r.<br \/>\nG\u00f6g\u00fcs: 108<br \/>\nBasen: 144<br \/>\nBel: 122<br \/>\nMateryal: Pamuklu<br \/>\nYaka Tipi: V Yaka<br \/>\n\u0130\u00e7erik: %100 Pamuk<br \/>\nKal\u0131p: Relaxed<br \/>\nModel: Uzun<br \/>\nKuma\u015f Tipi: Dokuma<br \/>\nKal\u0131nl\u0131k: \u0130nce<br \/>\nSiluet: Regular<br \/>\nKemer Durumu: Kemersiz<br \/>\nY\u0131l Sezon: 2026 \u0130LKBAHAR\/YAZ<br \/>\nBoy: 134 CM<\/p>\n","protected":false},"excerpt":{"rendered":"<p>Kuma\u015f Bilgisi: %100 Pamuk \u00dcr\u00fcn Boyu: Enseden 134 CM Modelin \u00d6l\u00e7\u00fcleri: 175 cm. G\u00f6\u011f\u00fcs: 86 cm, Bel: 59 cm, Basen: 90 cm. Mankenin \u00fczerindeki \u00fcr\u00fcn ve \u00f6l\u00e7\u00fcleri: S beden. G\u00f6\u011f\u00fcs: 108cm, Bel: 122 cm, Basen: 144cm. \u00dcr\u00fcn Bilgisi: Yar\u0131m astarl\u0131d\u0131r. Tam kal\u0131pt\u0131r. Bedenler aras\u0131ndaki fark 4 cm\u2019 dir. \u2014 Technical Details \u2014 Boy \/ \u00d6l\u00e7\u00fc: [&hellip;]<\/p>\n","protected":false},"featured_media":219684,"comment_status":"open","ping_status":"closed","template":"","meta":[],"product_brand":[],"product_cat":[6249,1933,5632],"product_tag":[7326,7591,6882,8409],"class_list":{"0":"post-219695","1":"product","2":"type-product","3":"status-publish","4":"has-post-thumbnail","6":"product_cat-elbiseler","7":"product_cat-gunluk-ve-gunduz-elbiseleri","8":"product_cat-kadin-modasi","9":"product_tag-bol-kesim","10":"product_tag-muslin-elbise","11":"product_tag-rahat-kesim-2","12":"product_tag-uzun-elbise","13":"pa_brand-olcay","14":"pa_color-kahve","15":"pa_size-l","16":"pa_size-m","17":"pa_size-s","19":"first","20":"instock","21":"sale","22":"shipping-taxable","23":"purchasable","24":"product-type-variable"},"_links":{"self":[{"href":"https:\/\/mod.wisdar.net\/tr\/wp-json\/wp\/v2\/product\/219695","targetHints":{"allow":["GET"]}}],"collection":[{"href":"https:\/\/mod.wisdar.net\/tr\/wp-json\/wp\/v2\/product"}],"about":[{"href":"https:\/\/mod.wisdar.net\/tr\/wp-json\/wp\/v2\/types\/product"}],"replies":[{"embeddable":true,"href":"https:\/\/mod.wisdar.net\/tr\/wp-json\/wp\/v2\/comments?post=219695"}],"wp:featuredmedia":[{"embeddable":true,"href":"https:\/\/mod.wisdar.net\/tr\/wp-json\/wp\/v2\/media\/219684"}],"wp:attachment":[{"href":"https:\/\/mod.wisdar.net\/tr\/wp-json\/wp\/v2\/media?parent=219695"}],"wp:term":[{"taxonomy":"product_brand","embeddable":true,"href":"https:\/\/mod.wisdar.net\/tr\/wp-json\/wp\/v2\/product_brand?post=219695"},{"taxonomy":"product_cat","embeddable":true,"href":"https:\/\/mod.wisdar.net\/tr\/wp-json\/wp\/v2\/product_cat?post=219695"},{"taxonomy":"product_tag","embeddable":true,"href":"https:\/\/mod.wisdar.net\/tr\/wp-json\/wp\/v2\/product_tag?post=219695"}],"curies":[{"name":"wp","href":"https:\/\/api.w.org\/{rel}","templated":true}]}}