{"id":219709,"date":"2026-04-15T20:16:53","date_gmt":"2026-04-15T20:16:53","guid":{"rendered":"https:\/\/modesthanim.com\/product\/fisto-detayli-kollari-gupurlu-elbise-cagla-9429-e\/"},"modified":"2026-04-15T20:17:15","modified_gmt":"2026-04-15T20:17:15","slug":"fisto-detayli-kollari-gupurlu-elbise-cagla-9429-e","status":"publish","type":"product","link":"https:\/\/mod.wisdar.net\/tr\/urun\/fisto-detayli-kollari-gupurlu-elbise-cagla-9429-e\/","title":{"rendered":"Fisto Detayl\u0131 Kollar\u0131 G\u00fcp\u00fcrl\u00fc Elbise \u00c7A\u011eLA 9429-E"},"content":{"rendered":"<p>Kuma\u015f Bilgisi: %50 PAMUK %47 POLYESTER %3 ELASTAN<br \/>\n\u00dcr\u00fcn Boyu:Enseden 137 CM<br \/>\nModelin \u00d6l\u00e7\u00fcleri: 1.78 Cm. G\u00f6\u011f\u00fcs:82 Cm, Bel: 62 Cm, Basen: 90 Cm.<\/p>\n<p>Mankenin \u00fczerindeki \u00fcr\u00fcn ve \u00f6l\u00e7\u00fcleri: 38 beden. G\u00f6\u011f\u00fcs: 100cm, Bel: 114 cm, Basen: 126cm.<br \/>\n\u00dcr\u00fcn Bilgisi: Astarl\u0131d\u0131r. Rahat kal\u0131pt\u0131r. Bedenler aras\u0131ndaki fark 4 cm\u2019 dir.<\/p>\n<p>\u2014 Technical Details \u2014<br \/>\nBoy \/ \u00d6l\u00e7\u00fc: Uzun<br \/>\nKOL T\u0130P\u0130: Uzun<br \/>\nKOL BOYU: Uzun<br \/>\nKapama \u015eekli: D\u00fc\u011fmeli<br \/>\nAstar Durumu: Astarl\u0131d\u0131r.<br \/>\nG\u00f6g\u00fcs: 100<br \/>\nBasen: 126<br \/>\nBel: 114<br \/>\nMateryal: Pamuk Kar\u0131\u015f\u0131ml\u0131<br \/>\nYaka Tipi: S\u0131f\u0131r Yaka<br \/>\n\u0130\u00e7erik: %50 Pamuk %47 Polyester %3 Elastan<br \/>\nKal\u0131p: Relaxed<br \/>\nModel: Uzun<br \/>\nKuma\u015f Tipi: Dokuma<br \/>\nKal\u0131nl\u0131k: \u0130nce<br \/>\nSiluet: Relaxed<br \/>\nKemer Durumu: Kemerli<br \/>\nY\u0131l Sezon: 2026 \u0130LKBAHAR\/YAZ<br \/>\nBoy: 137 CM<\/p>\n","protected":false},"excerpt":{"rendered":"<p>Kuma\u015f Bilgisi: %50 PAMUK %47 POLYESTER %3 ELASTAN \u00dcr\u00fcn Boyu:Enseden 137 CM Modelin \u00d6l\u00e7\u00fcleri: 1.78 Cm. G\u00f6\u011f\u00fcs:82 Cm, Bel: 62 Cm, Basen: 90 Cm. Mankenin \u00fczerindeki \u00fcr\u00fcn ve \u00f6l\u00e7\u00fcleri: 38 beden. G\u00f6\u011f\u00fcs: 100cm, Bel: 114 cm, Basen: 126cm. \u00dcr\u00fcn Bilgisi: Astarl\u0131d\u0131r. Rahat kal\u0131pt\u0131r. Bedenler aras\u0131ndaki fark 4 cm\u2019 dir. \u2014 Technical Details \u2014 Boy \/ [&hellip;]<\/p>\n","protected":false},"featured_media":219693,"comment_status":"open","ping_status":"closed","template":"","meta":[],"product_brand":[],"product_cat":[6249,1933,5632],"product_tag":[7425,6882,8409],"class_list":{"0":"post-219709","1":"product","2":"type-product","3":"status-publish","4":"has-post-thumbnail","6":"product_cat-elbiseler","7":"product_cat-gunluk-ve-gunduz-elbiseleri","8":"product_cat-kadin-modasi","9":"product_tag-pamuk-karisimi","10":"product_tag-rahat-kesim-2","11":"product_tag-uzun-elbise","12":"pa_brand-olcay","13":"pa_color-cagla","14":"pa_size-4701","15":"pa_size-4706","16":"pa_size-4711","17":"pa_size-4713","18":"pa_size-4751","20":"first","21":"instock","22":"sale","23":"shipping-taxable","24":"purchasable","25":"product-type-variable"},"_links":{"self":[{"href":"https:\/\/mod.wisdar.net\/tr\/wp-json\/wp\/v2\/product\/219709","targetHints":{"allow":["GET"]}}],"collection":[{"href":"https:\/\/mod.wisdar.net\/tr\/wp-json\/wp\/v2\/product"}],"about":[{"href":"https:\/\/mod.wisdar.net\/tr\/wp-json\/wp\/v2\/types\/product"}],"replies":[{"embeddable":true,"href":"https:\/\/mod.wisdar.net\/tr\/wp-json\/wp\/v2\/comments?post=219709"}],"wp:featuredmedia":[{"embeddable":true,"href":"https:\/\/mod.wisdar.net\/tr\/wp-json\/wp\/v2\/media\/219693"}],"wp:attachment":[{"href":"https:\/\/mod.wisdar.net\/tr\/wp-json\/wp\/v2\/media?parent=219709"}],"wp:term":[{"taxonomy":"product_brand","embeddable":true,"href":"https:\/\/mod.wisdar.net\/tr\/wp-json\/wp\/v2\/product_brand?post=219709"},{"taxonomy":"product_cat","embeddable":true,"href":"https:\/\/mod.wisdar.net\/tr\/wp-json\/wp\/v2\/product_cat?post=219709"},{"taxonomy":"product_tag","embeddable":true,"href":"https:\/\/mod.wisdar.net\/tr\/wp-json\/wp\/v2\/product_tag?post=219709"}],"curies":[{"name":"wp","href":"https:\/\/api.w.org\/{rel}","templated":true}]}}