{"id":219936,"date":"2026-04-15T20:19:42","date_gmt":"2026-04-15T20:19:42","guid":{"rendered":"https:\/\/modesthanim.com\/product\/buzgu-detayli-yarim-kol-soft-elbise-saks-9418-e\/"},"modified":"2026-04-15T20:20:04","modified_gmt":"2026-04-15T20:20:04","slug":"buzgu-detayli-yarim-kol-soft-elbise-saks-9418-e","status":"publish","type":"product","link":"https:\/\/mod.wisdar.net\/tr\/urun\/buzgu-detayli-yarim-kol-soft-elbise-saks-9418-e\/","title":{"rendered":"B\u00fczg\u00fc Detayl\u0131 Yar\u0131m Kol Soft Elbise SAKS 9418-E"},"content":{"rendered":"<p>Kuma\u015f Bilgisi: %100 Viskon<br \/>\n\u00dcr\u00fcn Boyu:Enseden 130 CM<br \/>\nModelin \u00d6l\u00e7\u00fcleri: 1.78 Cm. G\u00f6\u011f\u00fcs:82 Cm, Bel: 62 Cm, Basen: 90 Cm.<\/p>\n<p>Mankenin \u00fczerindeki \u00fcr\u00fcn ve \u00f6l\u00e7\u00fcleri: S beden. G\u00f6\u011f\u00fcs: 104cm, Bel: 116 cm, Basen: 136cm.<br \/>\n\u00dcr\u00fcn Bilgisi: Astars\u0131zd\u0131r. Rahat kal\u0131pt\u0131r. Bedenler aras\u0131ndaki fark 4 cm\u2019 dir.<\/p>\n<p>\u2014 Technical Details \u2014<br \/>\nBoy \/ \u00d6l\u00e7\u00fc: Uzun<br \/>\nKOL T\u0130P\u0130: Uzun<br \/>\nKOL BOYU: Uzun<br \/>\nKapama \u015eekli: D\u00fc\u011fmeli<br \/>\nAstar Durumu: Astars\u0131zd\u0131r.<br \/>\nG\u00f6g\u00fcs: 104<br \/>\nBasen: 136<br \/>\nBel: 116<br \/>\nMateryal: Viskon<br \/>\nYaka Tipi: G\u00f6mlek Yaka<br \/>\n\u0130\u00e7erik: %100 Viskon<br \/>\nKal\u0131p: Relaxed<br \/>\nModel: Uzun<br \/>\nKuma\u015f Tipi: Dokuma<br \/>\nKal\u0131nl\u0131k: \u0130nce<br \/>\nSiluet: Relaxed<br \/>\nKemer Durumu: Kemersiz<br \/>\nY\u0131l Sezon: 2026 \u0130LKBAHAR\/YAZ<br \/>\nBoy: 130 CM<\/p>\n","protected":false},"excerpt":{"rendered":"<p>Kuma\u015f Bilgisi: %100 Viskon \u00dcr\u00fcn Boyu:Enseden 130 CM Modelin \u00d6l\u00e7\u00fcleri: 1.78 Cm. G\u00f6\u011f\u00fcs:82 Cm, Bel: 62 Cm, Basen: 90 Cm. Mankenin \u00fczerindeki \u00fcr\u00fcn ve \u00f6l\u00e7\u00fcleri: S beden. G\u00f6\u011f\u00fcs: 104cm, Bel: 116 cm, Basen: 136cm. \u00dcr\u00fcn Bilgisi: Astars\u0131zd\u0131r. Rahat kal\u0131pt\u0131r. Bedenler aras\u0131ndaki fark 4 cm\u2019 dir. \u2014 Technical Details \u2014 Boy \/ \u00d6l\u00e7\u00fc: Uzun KOL T\u0130P\u0130: [&hellip;]<\/p>\n","protected":false},"featured_media":219920,"comment_status":"open","ping_status":"closed","template":"","meta":[],"product_brand":[],"product_cat":[12479,5632],"product_tag":[6773,6771,6882],"class_list":{"0":"post-219936","1":"product","2":"type-product","3":"status-publish","4":"has-post-thumbnail","6":"product_cat-gunluk-giyim","7":"product_cat-kadin-modasi","8":"product_tag-buzgulu-elbise","9":"product_tag-gomlek-yaka","10":"product_tag-rahat-kesim-2","11":"pa_brand-olcay","12":"pa_color-saks","13":"pa_size-l","14":"pa_size-m","15":"pa_size-s","17":"first","18":"instock","19":"sale","20":"shipping-taxable","21":"purchasable","22":"product-type-variable"},"_links":{"self":[{"href":"https:\/\/mod.wisdar.net\/tr\/wp-json\/wp\/v2\/product\/219936","targetHints":{"allow":["GET"]}}],"collection":[{"href":"https:\/\/mod.wisdar.net\/tr\/wp-json\/wp\/v2\/product"}],"about":[{"href":"https:\/\/mod.wisdar.net\/tr\/wp-json\/wp\/v2\/types\/product"}],"replies":[{"embeddable":true,"href":"https:\/\/mod.wisdar.net\/tr\/wp-json\/wp\/v2\/comments?post=219936"}],"wp:featuredmedia":[{"embeddable":true,"href":"https:\/\/mod.wisdar.net\/tr\/wp-json\/wp\/v2\/media\/219920"}],"wp:attachment":[{"href":"https:\/\/mod.wisdar.net\/tr\/wp-json\/wp\/v2\/media?parent=219936"}],"wp:term":[{"taxonomy":"product_brand","embeddable":true,"href":"https:\/\/mod.wisdar.net\/tr\/wp-json\/wp\/v2\/product_brand?post=219936"},{"taxonomy":"product_cat","embeddable":true,"href":"https:\/\/mod.wisdar.net\/tr\/wp-json\/wp\/v2\/product_cat?post=219936"},{"taxonomy":"product_tag","embeddable":true,"href":"https:\/\/mod.wisdar.net\/tr\/wp-json\/wp\/v2\/product_tag?post=219936"}],"curies":[{"name":"wp","href":"https:\/\/api.w.org\/{rel}","templated":true}]}}