{"id":219960,"date":"2026-04-15T20:19:54","date_gmt":"2026-04-15T20:19:54","guid":{"rendered":"https:\/\/modesthanim.com\/product\/nervur-detayli-etegi-firfirli-soft-kumas-elbise-lacivert-9441-e\/"},"modified":"2026-04-15T20:20:18","modified_gmt":"2026-04-15T20:20:18","slug":"nervur-detayli-etegi-firfirli-soft-kumas-elbise-lacivert-9441-e","status":"publish","type":"product","link":"https:\/\/mod.wisdar.net\/tr\/urun\/nervur-detayli-etegi-firfirli-soft-kumas-elbise-lacivert-9441-e\/","title":{"rendered":"Nerv\u00fcr Detayl\u0131 Ete\u011fi F\u0131rf\u0131rl\u0131 Soft Kuma\u015f Elbise LAC\u0130VERT 9441-E"},"content":{"rendered":"<p>Kuma\u015f Bilgisi: %70 Polyester %30 Pamuk<br \/>\n\u00dcr\u00fcn Boyu: Enseden 139 CM<br \/>\nModelin \u00d6l\u00e7\u00fcleri: 1.78 Cm. G\u00f6\u011f\u00fcs:82 Cm, Bel: 62 Cm, Basen: 90 Cm.<\/p>\n<p>Mankenin \u00fczerindeki \u00fcr\u00fcn ve \u00f6l\u00e7\u00fcleri: 38 beden. G\u00f6\u011f\u00fcs: 104cm, Bel: 106 cm, Basen: 120cm.<br \/>\n\u00dcr\u00fcn Bilgisi: Astars\u0131zd\u0131r. Rahat kal\u0131pt\u0131r. Bedenler aras\u0131ndaki fark 4 cm\u2019 dir.<\/p>\n<p>\u2014 Technical Details \u2014<br \/>\nBoy \/ \u00d6l\u00e7\u00fc: Uzun<br \/>\nKOL T\u0130P\u0130: Uzun<br \/>\nKOL BOYU: Uzun<br \/>\nKapama \u015eekli: D\u00fc\u011fmeli<br \/>\nAstar Durumu: Astars\u0131zd\u0131r.<br \/>\nG\u00f6g\u00fcs: 104<br \/>\nBasen: 120<br \/>\nBel: 106<br \/>\nMateryal: Polyester Kar\u0131\u015f\u0131ml\u0131<br \/>\nYaka Tipi: G\u00f6mlek Yaka<br \/>\n\u0130\u00e7erik: %70 Polyester %30 Pamuk<br \/>\nKal\u0131p: Relaxed<br \/>\nModel: Uzun<br \/>\nKuma\u015f Tipi: Dokuma<br \/>\nKal\u0131nl\u0131k: \u0130nce<br \/>\nSiluet: Relaxed<br \/>\nKemer Durumu: Kemerli<br \/>\nY\u0131l Sezon: 2026 \u0130LKBAHAR\/YAZ<br \/>\nBoy: 139 CM<\/p>\n","protected":false},"excerpt":{"rendered":"<p>Kuma\u015f Bilgisi: %70 Polyester %30 Pamuk \u00dcr\u00fcn Boyu: Enseden 139 CM Modelin \u00d6l\u00e7\u00fcleri: 1.78 Cm. G\u00f6\u011f\u00fcs:82 Cm, Bel: 62 Cm, Basen: 90 Cm. Mankenin \u00fczerindeki \u00fcr\u00fcn ve \u00f6l\u00e7\u00fcleri: 38 beden. G\u00f6\u011f\u00fcs: 104cm, Bel: 106 cm, Basen: 120cm. \u00dcr\u00fcn Bilgisi: Astars\u0131zd\u0131r. Rahat kal\u0131pt\u0131r. Bedenler aras\u0131ndaki fark 4 cm\u2019 dir. \u2014 Technical Details \u2014 Boy \/ \u00d6l\u00e7\u00fc: [&hellip;]<\/p>\n","protected":false},"featured_media":219941,"comment_status":"open","ping_status":"closed","template":"","meta":[],"product_brand":[],"product_cat":[6249,1933,5632],"product_tag":[8247,6882,8409],"class_list":{"0":"post-219960","1":"product","2":"type-product","3":"status-publish","4":"has-post-thumbnail","6":"product_cat-elbiseler","7":"product_cat-gunluk-ve-gunduz-elbiseleri","8":"product_cat-kadin-modasi","9":"product_tag-klos-etek","10":"product_tag-rahat-kesim-2","11":"product_tag-uzun-elbise","12":"pa_brand-olcay","13":"pa_color-lacivert","14":"pa_size-4701","15":"pa_size-4706","16":"pa_size-4711","17":"pa_size-4713","19":"first","20":"instock","21":"sale","22":"shipping-taxable","23":"purchasable","24":"product-type-variable"},"_links":{"self":[{"href":"https:\/\/mod.wisdar.net\/tr\/wp-json\/wp\/v2\/product\/219960","targetHints":{"allow":["GET"]}}],"collection":[{"href":"https:\/\/mod.wisdar.net\/tr\/wp-json\/wp\/v2\/product"}],"about":[{"href":"https:\/\/mod.wisdar.net\/tr\/wp-json\/wp\/v2\/types\/product"}],"replies":[{"embeddable":true,"href":"https:\/\/mod.wisdar.net\/tr\/wp-json\/wp\/v2\/comments?post=219960"}],"wp:featuredmedia":[{"embeddable":true,"href":"https:\/\/mod.wisdar.net\/tr\/wp-json\/wp\/v2\/media\/219941"}],"wp:attachment":[{"href":"https:\/\/mod.wisdar.net\/tr\/wp-json\/wp\/v2\/media?parent=219960"}],"wp:term":[{"taxonomy":"product_brand","embeddable":true,"href":"https:\/\/mod.wisdar.net\/tr\/wp-json\/wp\/v2\/product_brand?post=219960"},{"taxonomy":"product_cat","embeddable":true,"href":"https:\/\/mod.wisdar.net\/tr\/wp-json\/wp\/v2\/product_cat?post=219960"},{"taxonomy":"product_tag","embeddable":true,"href":"https:\/\/mod.wisdar.net\/tr\/wp-json\/wp\/v2\/product_tag?post=219960"}],"curies":[{"name":"wp","href":"https:\/\/api.w.org\/{rel}","templated":true}]}}