{"id":220021,"date":"2026-04-15T20:20:58","date_gmt":"2026-04-15T20:20:58","guid":{"rendered":"https:\/\/modesthanim.com\/product\/bisiklet-yaka-kalin-fitilli-uzun-triko-elbise-siyah-9363-e\/"},"modified":"2026-04-15T20:21:13","modified_gmt":"2026-04-15T20:21:13","slug":"bisiklet-yaka-kalin-fitilli-uzun-triko-elbise-siyah-9363-e","status":"publish","type":"product","link":"https:\/\/mod.wisdar.net\/tr\/urun\/bisiklet-yaka-kalin-fitilli-uzun-triko-elbise-siyah-9363-e\/","title":{"rendered":"Bisiklet Yaka Kal\u0131n Fitilli Uzun Triko Elbise S\u0130YAH 9363-E"},"content":{"rendered":"<p>Kuma\u015f Bilgisi: %100 Akrilik<br \/>\n\u00dcr\u00fcn Boyu: Enseden 133 CM<br \/>\nModelin \u00d6l\u00e7\u00fcleri: 170 cm. G\u00f6\u011f\u00fcs: 79 cm, Bel: 57 cm, Basen: 84 cm.<\/p>\n<p>Mankenin \u00fczerindeki \u00fcr\u00fcn ve \u00f6l\u00e7\u00fcleri: STANDART beden. G\u00f6\u011f\u00fcs: 80cm, Bel: 76 cm, Basen: cm.<br \/>\n\u00dcr\u00fcn Bilgisi: Astars\u0131zd\u0131r. Tam kal\u0131pt\u0131r. Bedenler aras\u0131ndaki fark 0 cm\u2019 dir.<\/p>\n<p>\u2014 Technical Details \u2014<br \/>\nBoy \/ \u00d6l\u00e7\u00fc: Uzun<br \/>\nKOL T\u0130P\u0130: Uzun<br \/>\nKOL BOYU: Uzun<br \/>\nKapama \u015eekli: Ba\u011flamal\u0131<br \/>\nAstar Durumu: Astars\u0131zd\u0131r.<br \/>\nG\u00f6g\u00fcs: 80<br \/>\nBel: 76<br \/>\nMateryal: Akrilik<br \/>\nYaka Tipi: Bisiklet Yaka<br \/>\n\u0130\u00e7erik: %100 Akrilik<br \/>\nKal\u0131p: Regular<br \/>\nModel: Uzun<br \/>\nKuma\u015f Tipi: Triko<br \/>\nKal\u0131nl\u0131k: Kal\u0131n<br \/>\nSiluet: Regular<br \/>\nKemer Durumu: Kemersiz<br \/>\nY\u0131l Sezon: 2025 SONBAHAR\/KI\u015e<br \/>\nBoy: 133 CM<\/p>\n","protected":false},"excerpt":{"rendered":"<p>Kuma\u015f Bilgisi: %100 Akrilik \u00dcr\u00fcn Boyu: Enseden 133 CM Modelin \u00d6l\u00e7\u00fcleri: 170 cm. G\u00f6\u011f\u00fcs: 79 cm, Bel: 57 cm, Basen: 84 cm. Mankenin \u00fczerindeki \u00fcr\u00fcn ve \u00f6l\u00e7\u00fcleri: STANDART beden. G\u00f6\u011f\u00fcs: 80cm, Bel: 76 cm, Basen: cm. \u00dcr\u00fcn Bilgisi: Astars\u0131zd\u0131r. Tam kal\u0131pt\u0131r. Bedenler aras\u0131ndaki fark 0 cm\u2019 dir. \u2014 Technical Details \u2014 Boy \/ \u00d6l\u00e7\u00fc: Uzun [&hellip;]<\/p>\n","protected":false},"featured_media":220007,"comment_status":"open","ping_status":"closed","template":"","meta":[],"product_brand":[],"product_cat":[12479,5632],"product_tag":[8117,7643,7895,6937,8409],"class_list":{"0":"post-220021","1":"product","2":"type-product","3":"status-publish","4":"has-post-thumbnail","6":"product_cat-gunluk-giyim","7":"product_cat-kadin-modasi","8":"product_tag-bogazli-2","9":"product_tag-fitilli","10":"product_tag-kis-modasi","11":"product_tag-siyah-elbise","12":"product_tag-uzun-elbise","13":"pa_brand-olcay","14":"pa_color-siyah","15":"pa_size-std","17":"first","18":"instock","19":"shipping-taxable","20":"purchasable","21":"product-type-variable"},"_links":{"self":[{"href":"https:\/\/mod.wisdar.net\/tr\/wp-json\/wp\/v2\/product\/220021","targetHints":{"allow":["GET"]}}],"collection":[{"href":"https:\/\/mod.wisdar.net\/tr\/wp-json\/wp\/v2\/product"}],"about":[{"href":"https:\/\/mod.wisdar.net\/tr\/wp-json\/wp\/v2\/types\/product"}],"replies":[{"embeddable":true,"href":"https:\/\/mod.wisdar.net\/tr\/wp-json\/wp\/v2\/comments?post=220021"}],"wp:featuredmedia":[{"embeddable":true,"href":"https:\/\/mod.wisdar.net\/tr\/wp-json\/wp\/v2\/media\/220007"}],"wp:attachment":[{"href":"https:\/\/mod.wisdar.net\/tr\/wp-json\/wp\/v2\/media?parent=220021"}],"wp:term":[{"taxonomy":"product_brand","embeddable":true,"href":"https:\/\/mod.wisdar.net\/tr\/wp-json\/wp\/v2\/product_brand?post=220021"},{"taxonomy":"product_cat","embeddable":true,"href":"https:\/\/mod.wisdar.net\/tr\/wp-json\/wp\/v2\/product_cat?post=220021"},{"taxonomy":"product_tag","embeddable":true,"href":"https:\/\/mod.wisdar.net\/tr\/wp-json\/wp\/v2\/product_tag?post=220021"}],"curies":[{"name":"wp","href":"https:\/\/api.w.org\/{rel}","templated":true}]}}