{"id":22043,"date":"2025-11-02T15:05:17","date_gmt":"2025-11-02T15:05:17","guid":{"rendered":"https:\/\/modesthanim.com\/product\/islemeli-kollu-elbise-indigo\/"},"modified":"2026-04-02T20:15:38","modified_gmt":"2026-04-02T20:15:38","slug":"islemeli-kollu-elbise-indigo","status":"publish","type":"product","link":"https:\/\/mod.wisdar.net\/tr\/urun\/islemeli-kollu-elbise-indigo\/","title":{"rendered":"\u0130\u015flemeli Kollu Elbise \u2013 \u0130ndigo"},"content":{"rendered":"<p>Minimal kesimiyle \u00f6ne \u00e7\u0131kan bu elbise, kollar\u0131ndaki \u015f\u0131k i\u015flemelerle fark yarat\u0131yor. \u0130nce i\u015f\u00e7ilikle haz\u0131rlanan motifler, tasar\u0131ma sanatsal bir hava kat\u0131yor ve elbiseye feminen ve \u00f6zg\u00fcn bir karakter veriyor.<\/p>\n<p>\u2014 Teknik Detaylar \u2014<br \/>\nDesen: D\u00fcz<br \/>\nYaka Tipi: Bisiklet Yaka<br \/>\nKol Tipi: Uzun Kol<br \/>\nCep: Gizli Cep<br \/>\nAstar: Astars\u0131z<br \/>\n\u00dcr\u00fcn Uzunlu\u011fu: 140 cm<br \/>\nKal\u0131p T\u00fcr\u00fc: Normal Kal\u0131p<br \/>\nModelin Giydi\u011fi Beden: 38<br \/>\nModel \u00d6l\u00e7\u00fcleri: {&#8216;Boy&#8217;: &#8216;176 cm&#8217;, &#8216;G\u00f6\u011f\u00fcs&#8217;: &#8217;80 cm&#8217;, &#8216;Bel&#8217;: &#8217;60 cm&#8217;, &#8216;Kal\u00e7a&#8217;: &#8217;90 cm&#8217;}<br \/>\nBeden Tablosu: {&#8217;38&#8217;: {&#8216;OMUZ&#8217;: 40, &#8216;G\u00d6\u011e\u00dcS&#8217;: 99, &#8216;BEL&#8217;: 106, &#8216;BASEN&#8217;: 118, &#8216;BOY&#8217;: 140, &#8216;KOL BOYU&#8217;: 62}, &#8217;40&#8217;: {&#8216;OMUZ&#8217;: 41, &#8216;G\u00d6\u011e\u00dcS&#8217;: 103, &#8216;BEL&#8217;: 110, &#8216;BASEN&#8217;: 122, &#8216;BOY&#8217;: 140.5, &#8216;KOL BOYU&#8217;: 62.5}, &#8217;42&#8217;: {&#8216;OMUZ&#8217;: 42, &#8216;G\u00d6\u011e\u00dcS&#8217;: 107, &#8216;BEL&#8217;: 114, &#8216;BASEN&#8217;: 126, &#8216;BOY&#8217;: 141, &#8216;KOL BOYU&#8217;: 63}, &#8217;44&#8217;: {&#8216;OMUZ&#8217;: 43, &#8216;G\u00d6\u011e\u00dcS&#8217;: 111, &#8216;BEL&#8217;: 118, &#8216;BASEN&#8217;: 130, &#8216;BOY&#8217;: 141.5, &#8216;KOL BOYU&#8217;: 63.5}, &#8217;46&#8217;: {&#8216;OMUZ&#8217;: 44, &#8216;G\u00d6\u011e\u00dcS&#8217;: 117, &#8216;BEL&#8217;: 124, &#8216;BASEN&#8217;: 136, &#8216;BOY&#8217;: 142, &#8216;KOL BOYU&#8217;: 64}, &#8217;48&#8217;: {&#8216;OMUZ&#8217;: 45, &#8216;G\u00d6\u011e\u00dcS&#8217;: 121, &#8216;BEL&#8217;: 128, &#8216;BASEN&#8217;: 140, &#8216;BOY&#8217;: 142.5, &#8216;KOL BOYU&#8217;: 64.5}}<\/p>\n","protected":false},"excerpt":{"rendered":"<p>Minimal kesimiyle \u00f6ne \u00e7\u0131kan bu elbise, kollar\u0131ndaki \u015f\u0131k i\u015flemelerle fark yarat\u0131yor. \u0130nce i\u015f\u00e7ilikle haz\u0131rlanan motifler, tasar\u0131ma sanatsal bir hava kat\u0131yor ve elbiseye feminen ve \u00f6zg\u00fcn bir karakter veriyor. \u2014 Teknik Detaylar \u2014 Desen: D\u00fcz Yaka Tipi: Bisiklet Yaka Kol Tipi: Uzun Kol Cep: Gizli Cep Astar: Astars\u0131z \u00dcr\u00fcn Uzunlu\u011fu: 140 cm Kal\u0131p T\u00fcr\u00fc: Normal Kal\u0131p [&hellip;]<\/p>\n","protected":false},"featured_media":51900,"comment_status":"open","ping_status":"closed","template":"","meta":[],"product_brand":[],"product_cat":[6249,1933],"product_tag":[],"class_list":{"0":"post-22043","1":"product","2":"type-product","3":"status-publish","4":"has-post-thumbnail","6":"product_cat-elbiseler","7":"product_cat-gunluk-ve-gunduz-elbiseleri","8":"pa_brand-tugba","9":"pa_color-indigo","10":"pa_size-4706","11":"pa_size-4711","12":"pa_size-4713","13":"pa_size-4751","14":"pa_size-4749","15":"pa_size-4747","17":"first","18":"outofstock","19":"shipping-taxable","20":"product-type-variable"},"_links":{"self":[{"href":"https:\/\/mod.wisdar.net\/tr\/wp-json\/wp\/v2\/product\/22043","targetHints":{"allow":["GET"]}}],"collection":[{"href":"https:\/\/mod.wisdar.net\/tr\/wp-json\/wp\/v2\/product"}],"about":[{"href":"https:\/\/mod.wisdar.net\/tr\/wp-json\/wp\/v2\/types\/product"}],"replies":[{"embeddable":true,"href":"https:\/\/mod.wisdar.net\/tr\/wp-json\/wp\/v2\/comments?post=22043"}],"wp:featuredmedia":[{"embeddable":true,"href":"https:\/\/mod.wisdar.net\/tr\/wp-json\/wp\/v2\/media\/51900"}],"wp:attachment":[{"href":"https:\/\/mod.wisdar.net\/tr\/wp-json\/wp\/v2\/media?parent=22043"}],"wp:term":[{"taxonomy":"product_brand","embeddable":true,"href":"https:\/\/mod.wisdar.net\/tr\/wp-json\/wp\/v2\/product_brand?post=22043"},{"taxonomy":"product_cat","embeddable":true,"href":"https:\/\/mod.wisdar.net\/tr\/wp-json\/wp\/v2\/product_cat?post=22043"},{"taxonomy":"product_tag","embeddable":true,"href":"https:\/\/mod.wisdar.net\/tr\/wp-json\/wp\/v2\/product_tag?post=22043"}],"curies":[{"name":"wp","href":"https:\/\/api.w.org\/{rel}","templated":true}]}}