{"id":22723,"date":"2025-11-02T16:08:42","date_gmt":"2025-11-02T16:08:42","guid":{"rendered":"https:\/\/modesthanim.com\/product\/tarcin-renkli-kemerli-palto-ve-dik-yaka\/"},"modified":"2026-01-15T08:31:22","modified_gmt":"2026-01-15T08:31:22","slug":"tarcin-renkli-kemerli-palto-ve-dik-yaka","status":"publish","type":"product","link":"https:\/\/mod.wisdar.net\/tr\/urun\/tarcin-renkli-kemerli-palto-ve-dik-yaka\/","title":{"rendered":"Tar\u00e7\u0131n Renkli Kemerli Palto ve Dik Yaka"},"content":{"rendered":"<p>\u015e\u0131k dik yaka detay\u0131 ve belde ba\u011flanan kemer ile bu palto, modern ve g\u00fc\u00e7l\u00fc bir duru\u015f sergiler. D\u00fcz formu, en basit k\u0131yafetleri bile \u00f6ne \u00e7\u0131kar\u0131r. G\u00fcnl\u00fck stilinize sofistike bir dokunu\u015f eklemek i\u00e7in ideal bir par\u00e7a!<\/p>\n<p>\u2014 Teknik Detaylar \u2014<br \/>\nDesen: D\u00fcz<br \/>\nYaka Tipi: Dik Yaka<br \/>\nKol Tipi: D\u00f6k\u00fcml\u00fc Kol<br \/>\nCep: Yama Cep<br \/>\nAstar: Astars\u0131z<br \/>\n\u00dcr\u00fcn Uzunlu\u011fu: 120 cm<br \/>\nKal\u0131p: Normal Kal\u0131p<br \/>\nModelin Giydi\u011fi Beden: 36<br \/>\nModel \u00d6l\u00e7\u00fcleri: Boy: 179 cm, G\u00f6\u011f\u00fcs: 84 cm, Bel: 62 cm, Kal\u00e7a: 90 cm<\/p>\n","protected":false},"excerpt":{"rendered":"<p>\u015e\u0131k dik yaka detay\u0131 ve belde ba\u011flanan kemer ile bu palto, modern ve g\u00fc\u00e7l\u00fc bir duru\u015f sergiler. D\u00fcz formu, en basit k\u0131yafetleri bile \u00f6ne \u00e7\u0131kar\u0131r. G\u00fcnl\u00fck stilinize sofistike bir dokunu\u015f eklemek i\u00e7in ideal bir par\u00e7a! \u2014 Teknik Detaylar \u2014 Desen: D\u00fcz Yaka Tipi: Dik Yaka Kol Tipi: D\u00f6k\u00fcml\u00fc Kol Cep: Yama Cep Astar: Astars\u0131z \u00dcr\u00fcn [&hellip;]<\/p>\n","protected":false},"featured_media":51966,"comment_status":"open","ping_status":"closed","template":"","meta":[],"product_brand":[],"product_cat":[2047],"product_tag":[5012,5013],"class_list":{"0":"post-22723","1":"product","2":"type-product","3":"status-publish","4":"has-post-thumbnail","6":"product_cat-paltolar","7":"product_tag-elegant","8":"product_tag-modern","9":"pa_color-tarcin","10":"pa_size-4701","11":"pa_size-4706","12":"pa_size-4711","13":"pa_size-4713","14":"pa_size-4751","15":"pa_size-4749","17":"first","18":"instock","19":"sale","20":"shipping-taxable","21":"purchasable","22":"product-type-variable"},"_links":{"self":[{"href":"https:\/\/mod.wisdar.net\/tr\/wp-json\/wp\/v2\/product\/22723","targetHints":{"allow":["GET"]}}],"collection":[{"href":"https:\/\/mod.wisdar.net\/tr\/wp-json\/wp\/v2\/product"}],"about":[{"href":"https:\/\/mod.wisdar.net\/tr\/wp-json\/wp\/v2\/types\/product"}],"replies":[{"embeddable":true,"href":"https:\/\/mod.wisdar.net\/tr\/wp-json\/wp\/v2\/comments?post=22723"}],"wp:featuredmedia":[{"embeddable":true,"href":"https:\/\/mod.wisdar.net\/tr\/wp-json\/wp\/v2\/media\/51966"}],"wp:attachment":[{"href":"https:\/\/mod.wisdar.net\/tr\/wp-json\/wp\/v2\/media?parent=22723"}],"wp:term":[{"taxonomy":"product_brand","embeddable":true,"href":"https:\/\/mod.wisdar.net\/tr\/wp-json\/wp\/v2\/product_brand?post=22723"},{"taxonomy":"product_cat","embeddable":true,"href":"https:\/\/mod.wisdar.net\/tr\/wp-json\/wp\/v2\/product_cat?post=22723"},{"taxonomy":"product_tag","embeddable":true,"href":"https:\/\/mod.wisdar.net\/tr\/wp-json\/wp\/v2\/product_tag?post=22723"}],"curies":[{"name":"wp","href":"https:\/\/api.w.org\/{rel}","templated":true}]}}