{"id":22743,"date":"2025-11-02T16:08:49","date_gmt":"2025-11-02T16:08:49","guid":{"rendered":"https:\/\/modesthanim.com\/product\/kombinli-lastikli-kap-bej\/"},"modified":"2026-04-15T21:46:43","modified_gmt":"2026-04-15T21:46:43","slug":"kombinli-lastikli-kap-bej","status":"publish","type":"product","link":"https:\/\/mod.wisdar.net\/tr\/urun\/kombinli-lastikli-kap-bej\/","title":{"rendered":"Kombinli Lastikli Kap \u2013 Bej"},"content":{"rendered":"<p>Lastik detaylar\u0131yla rahatl\u0131k sunan bu kap, i\u00e7 kombiniyle tamamlanarak pratik bir \u015f\u0131kl\u0131k sa\u011flar. Modern kesimiyle g\u00fcnl\u00fck stilinize dinamik bir dokunu\u015f katar.<\/p>\n<p>\u2014 Technical Details \u2014<br \/>\nKombin Kuma\u015f: %88 Modal, %12 Polyester<br \/>\nDesen: D\u00fcz<br \/>\nYaka Tipi: Dik Yaka<br \/>\nKol Tipi: D\u00fc\u015f\u00fck Kol<br \/>\nCep: Fleto Cep<br \/>\nAstar: Astars\u0131z<br \/>\n\u00dcr\u00fcn Boyu: 120 cm<br \/>\nKal\u0131p Tipi: Normal Kal\u0131p<br \/>\nMankenin Giydi\u011fi Beden: 38<br \/>\nManken \u00d6l\u00e7\u00fcleri: {&#8216;Boy&#8217;: &#8216;176 cm&#8217;, &#8216;G\u00f6\u011f\u00fcs&#8217;: &#8217;80 cm&#8217;, &#8216;Bel&#8217;: &#8217;69 cm&#8217;, &#8216;Basen&#8217;: &#8217;90 cm&#8217;}<br \/>\nBeden \u00d6l\u00e7\u00fcleri (cm): {&#8217;38&#8217;: {&#8216;Omuz&#8217;: 53, &#8216;G\u00f6\u011f\u00fcs&#8217;: 111, &#8216;Basen&#8217;: 128, &#8216;Boy&#8217;: 120, &#8216;Kol Boyu&#8217;: 52.5}, &#8217;40&#8217;: {&#8216;Omuz&#8217;: 54, &#8216;G\u00f6\u011f\u00fcs&#8217;: 115, &#8216;Basen&#8217;: 132, &#8216;Boy&#8217;: 120.5, &#8216;Kol Boyu&#8217;: 53}, &#8217;42&#8217;: {&#8216;Omuz&#8217;: 55, &#8216;G\u00f6\u011f\u00fcs&#8217;: 119, &#8216;Basen&#8217;: 136, &#8216;Boy&#8217;: 121, &#8216;Kol Boyu&#8217;: 53.5}, &#8217;44&#8217;: {&#8216;Omuz&#8217;: 56, &#8216;G\u00f6\u011f\u00fcs&#8217;: 123, &#8216;Basen&#8217;: 140, &#8216;Boy&#8217;: 121.5, &#8216;Kol Boyu&#8217;: 54}, &#8217;46&#8217;: {&#8216;Omuz&#8217;: 57, &#8216;G\u00f6\u011f\u00fcs&#8217;: 129, &#8216;Basen&#8217;: 146, &#8216;Boy&#8217;: 122, &#8216;Kol Boyu&#8217;: 54.5}, &#8217;48&#8217;: {&#8216;Omuz&#8217;: 58, &#8216;G\u00f6\u011f\u00fcs&#8217;: 133, &#8216;Basen&#8217;: 150, &#8216;Boy&#8217;: 122.5, &#8216;Kol Boyu&#8217;: 55}}<\/p>\n","protected":false},"excerpt":{"rendered":"<p>Lastik detaylar\u0131yla rahatl\u0131k sunan bu kap, i\u00e7 kombiniyle tamamlanarak pratik bir \u015f\u0131kl\u0131k sa\u011flar. Modern kesimiyle g\u00fcnl\u00fck stilinize dinamik bir dokunu\u015f katar. \u2014 Technical Details \u2014 Kombin Kuma\u015f: %88 Modal, %12 Polyester Desen: D\u00fcz Yaka Tipi: Dik Yaka Kol Tipi: D\u00fc\u015f\u00fck Kol Cep: Fleto Cep Astar: Astars\u0131z \u00dcr\u00fcn Boyu: 120 cm Kal\u0131p Tipi: Normal Kal\u0131p Mankenin [&hellip;]<\/p>\n","protected":false},"featured_media":51965,"comment_status":"open","ping_status":"closed","template":"","meta":[],"product_brand":[],"product_cat":[2047],"product_tag":[6759,5013,5016],"class_list":{"0":"post-22743","1":"product","2":"type-product","3":"status-publish","4":"has-post-thumbnail","6":"product_cat-paltolar","7":"product_tag-konfor","8":"product_tag-modern","9":"product_tag-unlined","10":"pa_brand-tugba","11":"pa_color-bej","12":"pa_size-4706","13":"pa_size-4711","14":"pa_size-4713","15":"pa_size-4751","16":"pa_size-4749","17":"pa_size-4747","19":"first","20":"instock","21":"sale","22":"shipping-taxable","23":"purchasable","24":"product-type-variable"},"_links":{"self":[{"href":"https:\/\/mod.wisdar.net\/tr\/wp-json\/wp\/v2\/product\/22743","targetHints":{"allow":["GET"]}}],"collection":[{"href":"https:\/\/mod.wisdar.net\/tr\/wp-json\/wp\/v2\/product"}],"about":[{"href":"https:\/\/mod.wisdar.net\/tr\/wp-json\/wp\/v2\/types\/product"}],"replies":[{"embeddable":true,"href":"https:\/\/mod.wisdar.net\/tr\/wp-json\/wp\/v2\/comments?post=22743"}],"wp:featuredmedia":[{"embeddable":true,"href":"https:\/\/mod.wisdar.net\/tr\/wp-json\/wp\/v2\/media\/51965"}],"wp:attachment":[{"href":"https:\/\/mod.wisdar.net\/tr\/wp-json\/wp\/v2\/media?parent=22743"}],"wp:term":[{"taxonomy":"product_brand","embeddable":true,"href":"https:\/\/mod.wisdar.net\/tr\/wp-json\/wp\/v2\/product_brand?post=22743"},{"taxonomy":"product_cat","embeddable":true,"href":"https:\/\/mod.wisdar.net\/tr\/wp-json\/wp\/v2\/product_cat?post=22743"},{"taxonomy":"product_tag","embeddable":true,"href":"https:\/\/mod.wisdar.net\/tr\/wp-json\/wp\/v2\/product_tag?post=22743"}],"curies":[{"name":"wp","href":"https:\/\/api.w.org\/{rel}","templated":true}]}}