{"id":22776,"date":"2025-11-07T20:16:06","date_gmt":"2025-11-02T16:10:08","guid":{"rendered":"https:\/\/modesthanim.com\/product\/pile-detayli-ve-elastik-bel-indigo-pantolon\/"},"modified":"2026-04-15T20:49:16","modified_gmt":"2026-04-15T20:49:16","slug":"pile-detayli-ve-elastik-bel-indigo-pantolon","status":"publish","type":"product","link":"https:\/\/mod.wisdar.net\/tr\/urun\/pile-detayli-ve-elastik-bel-indigo-pantolon\/","title":{"rendered":"Pile Detayl\u0131 ve Elastik Bel \u0130ndigo Pantolon"},"content":{"rendered":"<p>Bu pantolonlar, \u00f6n k\u0131sm\u0131nda pile detaylar\u0131 ile klasik formu geli\u015ftirir ve elastik beli sayesinde g\u00fcn boyu rahatl\u0131k sunar.<\/p>\n<p>Kuma\u015f Kompozisyonu: %61 Lyocell, %35 Keten<br \/>\nDesen: D\u00fcz<br \/>\nBel Tipi: Normal Bel<br \/>\nBacak Tipi: Geni\u015f Bacak<br \/>\nCepler: Yan Cepler<br \/>\nAstar: Astars\u0131z<br \/>\n\u00dcr\u00fcn Uzunlu\u011fu: 100 cm<br \/>\nKal\u0131p Tipi: Normal Kal\u0131p<br \/>\nModelin Giydi\u011fi Beden: 36<br \/>\nModel \u00d6l\u00e7\u00fcleri: Boy: 174 cm, G\u00f6\u011f\u00fcs: 81 cm, Bel: 61 cm, Kal\u00e7a: 92 cm<\/p>\n<p>\u2014 Teknik Detaylar \u2014<br \/>\nDesen: D\u00fcz<br \/>\nBel Tipi: Normal Bel<br \/>\nBacak Tipi: Geni\u015f Bacak<br \/>\nCepler: Yan Cepler<br \/>\nAstar: Astars\u0131z<br \/>\n\u00dcr\u00fcn Uzunlu\u011fu: 100 cm<br \/>\nKal\u0131p Tipi: Normal Kal\u0131p<br \/>\nModelin Giydi\u011fi Beden: 36<br \/>\nModel \u00d6l\u00e7\u00fcleri: Boy: 174 cm, G\u00f6\u011f\u00fcs: 81 cm, Bel: 61 cm, Kal\u00e7a: 92 cm<\/p>\n","protected":false},"excerpt":{"rendered":"<p>Bu pantolonlar, \u00f6n k\u0131sm\u0131nda pile detaylar\u0131 ile klasik formu geli\u015ftirir ve elastik beli sayesinde g\u00fcn boyu rahatl\u0131k sunar. Kuma\u015f Kompozisyonu: %61 Lyocell, %35 Keten Desen: D\u00fcz Bel Tipi: Normal Bel Bacak Tipi: Geni\u015f Bacak Cepler: Yan Cepler Astar: Astars\u0131z \u00dcr\u00fcn Uzunlu\u011fu: 100 cm Kal\u0131p Tipi: Normal Kal\u0131p Modelin Giydi\u011fi Beden: 36 Model \u00d6l\u00e7\u00fcleri: Boy: 174 [&hellip;]<\/p>\n","protected":false},"featured_media":0,"comment_status":"open","ping_status":"closed","template":"","meta":[],"product_brand":[],"product_cat":[1882],"product_tag":[4998,8088,6747,6751],"class_list":{"0":"post-22776","1":"product","2":"type-product","3":"status-publish","5":"product_cat-alt-giyim","6":"product_tag-indigo","7":"product_tag-lastikli-bel-2","8":"product_tag-pile-detayli","9":"product_tag-rahat","10":"pa_brand-tugba","11":"pa_color-indigo","12":"pa_size-4701","13":"pa_size-4706","14":"pa_size-4711","15":"pa_size-4713","16":"pa_size-4751","18":"first","19":"instock","20":"sale","21":"shipping-taxable","22":"purchasable","23":"product-type-variable"},"_links":{"self":[{"href":"https:\/\/mod.wisdar.net\/tr\/wp-json\/wp\/v2\/product\/22776","targetHints":{"allow":["GET"]}}],"collection":[{"href":"https:\/\/mod.wisdar.net\/tr\/wp-json\/wp\/v2\/product"}],"about":[{"href":"https:\/\/mod.wisdar.net\/tr\/wp-json\/wp\/v2\/types\/product"}],"replies":[{"embeddable":true,"href":"https:\/\/mod.wisdar.net\/tr\/wp-json\/wp\/v2\/comments?post=22776"}],"wp:attachment":[{"href":"https:\/\/mod.wisdar.net\/tr\/wp-json\/wp\/v2\/media?parent=22776"}],"wp:term":[{"taxonomy":"product_brand","embeddable":true,"href":"https:\/\/mod.wisdar.net\/tr\/wp-json\/wp\/v2\/product_brand?post=22776"},{"taxonomy":"product_cat","embeddable":true,"href":"https:\/\/mod.wisdar.net\/tr\/wp-json\/wp\/v2\/product_cat?post=22776"},{"taxonomy":"product_tag","embeddable":true,"href":"https:\/\/mod.wisdar.net\/tr\/wp-json\/wp\/v2\/product_tag?post=22776"}],"curies":[{"name":"wp","href":"https:\/\/api.w.org\/{rel}","templated":true}]}}