{"id":23446,"date":"2025-11-02T21:29:40","date_gmt":"2025-11-02T21:29:40","guid":{"rendered":"https:\/\/modesthanim.com\/product\/yandan-metal-toka-kemerli-yelek-bej\/"},"modified":"2026-03-17T23:27:03","modified_gmt":"2026-03-17T23:27:03","slug":"yandan-metal-toka-kemerli-yelek-bej","status":"publish","type":"product","link":"https:\/\/mod.wisdar.net\/tr\/urun\/yandan-metal-toka-kemerli-yelek-bej\/","title":{"rendered":"Yandan Metal Toka Kemerli Yelek \u2013 Bej"},"content":{"rendered":"<p>Yandan metal tokal\u0131 kemeriyle \u015f\u0131kl\u0131k ve fonksiyonelli\u011fi bir arada sunan bu yelek, zarif bir siluet olu\u015fturur. Modern tasar\u0131m\u0131 ve metal detaylar\u0131yla stilinize sofistike bir dokunu\u015f katarken, rahat kesimi g\u00fcnl\u00fck kullan\u0131ma uygundur.<\/p>\n<p>\u2014 Teknik Detaylar \u2014<br \/>\nDesen: D\u00fcz<br \/>\nYaka Tipi: Blazer Yaka<br \/>\nKol Tipi: S\u0131f\u0131r Kol<br \/>\nCep: Cepsiz<br \/>\nAstar: Astars\u0131z<br \/>\n\u00dcr\u00fcn Boyu: 90 cm<br \/>\nKal\u0131p Tipi: Normal Kal\u0131p<br \/>\nMankenin Giydi\u011fi Beden: 38<br \/>\nManken \u00d6l\u00e7\u00fcleri: Boy: 176 cm, G\u00f6\u011f\u00fcs: 75 cm, Bel: 59 cm, Basen: 87 cm<\/p>\n","protected":false},"excerpt":{"rendered":"<p>Yandan metal tokal\u0131 kemeriyle \u015f\u0131kl\u0131k ve fonksiyonelli\u011fi bir arada sunan bu yelek, zarif bir siluet olu\u015fturur. Modern tasar\u0131m\u0131 ve metal detaylar\u0131yla stilinize sofistike bir dokunu\u015f katarken, rahat kesimi g\u00fcnl\u00fck kullan\u0131ma uygundur. \u2014 Teknik Detaylar \u2014 Desen: D\u00fcz Yaka Tipi: Blazer Yaka Kol Tipi: S\u0131f\u0131r Kol Cep: Cepsiz Astar: Astars\u0131z \u00dcr\u00fcn Boyu: 90 cm Kal\u0131p Tipi: [&hellip;]<\/p>\n","protected":false},"featured_media":23433,"comment_status":"open","ping_status":"closed","template":"","meta":[],"product_brand":[],"product_cat":[2053],"product_tag":[],"class_list":{"0":"post-23446","1":"product","2":"type-product","3":"status-publish","4":"has-post-thumbnail","6":"product_cat-yelekler-yelekler","7":"pa_color-bej","8":"pa_size-4706","9":"pa_size-4711","10":"pa_size-4713","11":"pa_size-4751","13":"first","14":"instock","15":"sale","16":"shipping-taxable","17":"purchasable","18":"product-type-variable"},"_links":{"self":[{"href":"https:\/\/mod.wisdar.net\/tr\/wp-json\/wp\/v2\/product\/23446","targetHints":{"allow":["GET"]}}],"collection":[{"href":"https:\/\/mod.wisdar.net\/tr\/wp-json\/wp\/v2\/product"}],"about":[{"href":"https:\/\/mod.wisdar.net\/tr\/wp-json\/wp\/v2\/types\/product"}],"replies":[{"embeddable":true,"href":"https:\/\/mod.wisdar.net\/tr\/wp-json\/wp\/v2\/comments?post=23446"}],"wp:featuredmedia":[{"embeddable":true,"href":"https:\/\/mod.wisdar.net\/tr\/wp-json\/wp\/v2\/media\/23433"}],"wp:attachment":[{"href":"https:\/\/mod.wisdar.net\/tr\/wp-json\/wp\/v2\/media?parent=23446"}],"wp:term":[{"taxonomy":"product_brand","embeddable":true,"href":"https:\/\/mod.wisdar.net\/tr\/wp-json\/wp\/v2\/product_brand?post=23446"},{"taxonomy":"product_cat","embeddable":true,"href":"https:\/\/mod.wisdar.net\/tr\/wp-json\/wp\/v2\/product_cat?post=23446"},{"taxonomy":"product_tag","embeddable":true,"href":"https:\/\/mod.wisdar.net\/tr\/wp-json\/wp\/v2\/product_tag?post=23446"}],"curies":[{"name":"wp","href":"https:\/\/api.w.org\/{rel}","templated":true}]}}