{"id":23614,"date":"2025-11-07T19:53:19","date_gmt":"2025-11-07T19:53:19","guid":{"rendered":"https:\/\/modesthanim.com\/product\/yargic-yaka-pileli-cicekli-yaprak-desenli-tunik-mercan\/"},"modified":"2026-04-02T21:19:46","modified_gmt":"2026-04-02T21:19:46","slug":"yargic-yaka-pileli-cicekli-yaprak-desenli-tunik-mercan","status":"publish","type":"product","link":"https:\/\/mod.wisdar.net\/tr\/urun\/yargic-yaka-pileli-cicekli-yaprak-desenli-tunik-mercan\/","title":{"rendered":"Yarg\u0131\u00e7 Yaka Pileli \u00c7i\u00e7ekli Yaprak Desenli Tunik \u2013 Mercan"},"content":{"rendered":"<p>Do\u011fadan ilham alan yaprak desenleriyle canlanan bu tunik, yakadaki toplama detay\u0131 ile feminen bir dokunu\u015f sunar. Hafif ve ak\u0131c\u0131 kuma\u015f\u0131 ile g\u00fcn boyu konfor sa\u011flar. Hem \u015f\u0131kl\u0131k hem de rahatl\u0131k arayanlar i\u00e7in ideal bir se\u00e7imdir.<\/p>\n<p>\u2014 Teknik Detaylar \u2014<br \/>\nDesen: \u00c7i\u00e7ekli Yaprak Deseni<br \/>\nYaka Tipi: Bisiklet Yaka<br \/>\nKol Tipi: Uzun Kol<br \/>\nCep: Cepsiz<br \/>\nAstar: Astars\u0131z<br \/>\n\u00dcr\u00fcn Uzunlu\u011fu: 90 cm<br \/>\nKal\u0131p Tipi: Normal Kal\u0131p<br \/>\nModelin Giydi\u011fi Beden: 38<br \/>\nModel \u00d6l\u00e7\u00fcleri: {&#8216;Boy&#8217;: &#8216;179 cm&#8217;, &#8216;G\u00f6\u011f\u00fcs&#8217;: &#8217;84 cm&#8217;, &#8216;Bel&#8217;: &#8217;62 cm&#8217;, &#8216;Kal\u00e7a&#8217;: &#8217;90 cm&#8217;}<\/p>\n","protected":false},"excerpt":{"rendered":"<p>Do\u011fadan ilham alan yaprak desenleriyle canlanan bu tunik, yakadaki toplama detay\u0131 ile feminen bir dokunu\u015f sunar. Hafif ve ak\u0131c\u0131 kuma\u015f\u0131 ile g\u00fcn boyu konfor sa\u011flar. Hem \u015f\u0131kl\u0131k hem de rahatl\u0131k arayanlar i\u00e7in ideal bir se\u00e7imdir. \u2014 Teknik Detaylar \u2014 Desen: \u00c7i\u00e7ekli Yaprak Deseni Yaka Tipi: Bisiklet Yaka Kol Tipi: Uzun Kol Cep: Cepsiz Astar: Astars\u0131z [&hellip;]<\/p>\n","protected":false},"featured_media":0,"comment_status":"open","ping_status":"closed","template":"","meta":[],"product_brand":[],"product_cat":[2050,1909],"product_tag":[],"class_list":{"0":"post-23614","1":"product","2":"type-product","3":"status-publish","5":"product_cat-blazer-ceketler","6":"product_cat-bluzlar-ve-gomlekler","7":"pa_brand-tugba","8":"pa_color-coral","9":"pa_size-4706","10":"pa_size-4711","11":"pa_size-4713","12":"pa_size-4751","13":"pa_size-4749","14":"pa_size-4747","16":"first","17":"instock","18":"sale","19":"shipping-taxable","20":"purchasable","21":"product-type-variable"},"_links":{"self":[{"href":"https:\/\/mod.wisdar.net\/tr\/wp-json\/wp\/v2\/product\/23614","targetHints":{"allow":["GET"]}}],"collection":[{"href":"https:\/\/mod.wisdar.net\/tr\/wp-json\/wp\/v2\/product"}],"about":[{"href":"https:\/\/mod.wisdar.net\/tr\/wp-json\/wp\/v2\/types\/product"}],"replies":[{"embeddable":true,"href":"https:\/\/mod.wisdar.net\/tr\/wp-json\/wp\/v2\/comments?post=23614"}],"wp:attachment":[{"href":"https:\/\/mod.wisdar.net\/tr\/wp-json\/wp\/v2\/media?parent=23614"}],"wp:term":[{"taxonomy":"product_brand","embeddable":true,"href":"https:\/\/mod.wisdar.net\/tr\/wp-json\/wp\/v2\/product_brand?post=23614"},{"taxonomy":"product_cat","embeddable":true,"href":"https:\/\/mod.wisdar.net\/tr\/wp-json\/wp\/v2\/product_cat?post=23614"},{"taxonomy":"product_tag","embeddable":true,"href":"https:\/\/mod.wisdar.net\/tr\/wp-json\/wp\/v2\/product_tag?post=23614"}],"curies":[{"name":"wp","href":"https:\/\/api.w.org\/{rel}","templated":true}]}}