{"id":23646,"date":"2025-11-07T21:02:09","date_gmt":"2025-11-07T21:02:09","guid":{"rendered":"https:\/\/modesthanim.com\/product\/ftz-women-kadin-varak-detay-kimono-takim-beige-30811\/"},"modified":"2026-03-26T06:51:44","modified_gmt":"2026-03-26T06:51:44","slug":"ftz-women-kadin-varak-detay-kimono-takim-beige-30811","status":"publish","type":"product","link":"https:\/\/mod.wisdar.net\/tr\/urun\/ftz-women-kadin-varak-detay-kimono-takim-beige-30811\/","title":{"rendered":"FTZ Women Kad\u0131n Varak Detay Kimono Tak\u0131m  Beige 30811"},"content":{"rendered":"<p>Kuma\u015f : %40 Viskon %30 Pamuk %30 Akrilik<br \/>\nKol : 37\u00a0cm<br \/>\nYaka Tipi : D\u00fcz<br \/>\nDesen : Desenli<br \/>\nKal\u0131p : Rahat\u00a0Kal\u0131p<br \/>\nModel \u00d6l\u00e7\u00fcs\u00fc<br \/>\nBeden: 36\u00a0 Boy: 1.73 cm\u00a0 \u00a0 G\u00f6\u011f\u00fcs: 85 cm\u00a0 \u00a0 Bel: 63 cm\u00a0 \u00a0Kal\u00e7a: 95 cm<br \/>\n\u00dcr\u00fcn \u00d6l\u00e7\u00fcs\u00fc<br \/>\nBoy: 78\u00a0cm\u00a0 \u00a0 G\u00f6\u011f\u00fcs: 62\u00a0cm\u00a0 \u00a0 Bel: 36\u00a0cm\u00a0 \u00a0Kal\u00e7a: 50\u00a0cm<br \/>\nY\u0131kama Talimat\u0131 :<br \/>\n\u2013 Makine ile So\u011fuk Y\u0131kama Yap\u0131n\u0131z (30C veya 65F ile 85F)<br \/>\n\u2013 Kurutma Makinesinde Kurutulamaz<br \/>\n\u2013 Kuru Temizleme , Trikloretilen Ay\u0131r\u0131\u00e7\u0131s\u0131yla Az \u00c7\u00f6z\u00fcc\u00fc Kullan\u0131n\u0131z<br \/>\n\u2013 D\u00fc\u015f\u00fck Is\u0131da \u00dct\u00fcleme Yap\u0131n\u0131z<br \/>\n\u2013 \u00c7ama\u015f\u0131r Suyu Kullanmay\u0131n\u0131z<\/p>\n<p>\u2014 Technical Details \u2014<br \/>\nKuma\u015f Tipi: \u0130ki \u0130plik<br \/>\nKal\u0131p: Normal Kal\u0131p<br \/>\nKal\u0131p \u00d6zellikleri: Normal Kal\u0131p<br \/>\nBoy: 78<br \/>\nDesen: Desenli<br \/>\nAstar Durumu: Astars\u0131z<br \/>\nBel: 36<br \/>\nCep: Var<br \/>\nKal\u0131nl\u0131k: \u0130nce<br \/>\nKemer Ku\u015fak Durumu: Ku\u015fakl\u0131<br \/>\nKol Boyu: 37<br \/>\nKol Tipi: Standart<br \/>\nMateryal: Viskon Kar\u0131\u015f\u0131ml\u0131<br \/>\nPar\u00e7a Say\u0131s\u0131: 2<br \/>\nBeden Aral\u0131\u011f\u0131: 38\/44<\/p>\n","protected":false},"excerpt":{"rendered":"<p>Kuma\u015f : %40 Viskon %30 Pamuk %30 Akrilik Kol : 37\u00a0cm Yaka Tipi : D\u00fcz Desen : Desenli Kal\u0131p : Rahat\u00a0Kal\u0131p Model \u00d6l\u00e7\u00fcs\u00fc Beden: 36\u00a0 Boy: 1.73 cm\u00a0 \u00a0 G\u00f6\u011f\u00fcs: 85 cm\u00a0 \u00a0 Bel: 63 cm\u00a0 \u00a0Kal\u00e7a: 95 cm \u00dcr\u00fcn \u00d6l\u00e7\u00fcs\u00fc Boy: 78\u00a0cm\u00a0 \u00a0 G\u00f6\u011f\u00fcs: 62\u00a0cm\u00a0 \u00a0 Bel: 36\u00a0cm\u00a0 \u00a0Kal\u00e7a: 50\u00a0cm Y\u0131kama Talimat\u0131 : \u2013 [&hellip;]<\/p>\n","protected":false},"featured_media":23630,"comment_status":"open","ping_status":"closed","template":"","meta":[],"product_brand":[],"product_cat":[1900],"product_tag":[4594,6753,6769,6882],"class_list":{"0":"post-23646","1":"product","2":"type-product","3":"status-publish","4":"has-post-thumbnail","6":"product_cat-koordinatlar-setler","7":"product_tag-4594","8":"product_tag-bej","9":"product_tag-desenli","10":"product_tag-rahat-kesim-2","11":"pa_brand-ftz-women","12":"pa_color-beige","13":"pa_size-4706","14":"pa_size-4711","15":"pa_size-4713","16":"pa_size-4751","18":"first","19":"outofstock","20":"shipping-taxable","21":"product-type-variable"},"_links":{"self":[{"href":"https:\/\/mod.wisdar.net\/tr\/wp-json\/wp\/v2\/product\/23646","targetHints":{"allow":["GET"]}}],"collection":[{"href":"https:\/\/mod.wisdar.net\/tr\/wp-json\/wp\/v2\/product"}],"about":[{"href":"https:\/\/mod.wisdar.net\/tr\/wp-json\/wp\/v2\/types\/product"}],"replies":[{"embeddable":true,"href":"https:\/\/mod.wisdar.net\/tr\/wp-json\/wp\/v2\/comments?post=23646"}],"wp:featuredmedia":[{"embeddable":true,"href":"https:\/\/mod.wisdar.net\/tr\/wp-json\/wp\/v2\/media\/23630"}],"wp:attachment":[{"href":"https:\/\/mod.wisdar.net\/tr\/wp-json\/wp\/v2\/media?parent=23646"}],"wp:term":[{"taxonomy":"product_brand","embeddable":true,"href":"https:\/\/mod.wisdar.net\/tr\/wp-json\/wp\/v2\/product_brand?post=23646"},{"taxonomy":"product_cat","embeddable":true,"href":"https:\/\/mod.wisdar.net\/tr\/wp-json\/wp\/v2\/product_cat?post=23646"},{"taxonomy":"product_tag","embeddable":true,"href":"https:\/\/mod.wisdar.net\/tr\/wp-json\/wp\/v2\/product_tag?post=23646"}],"curies":[{"name":"wp","href":"https:\/\/api.w.org\/{rel}","templated":true}]}}