{"id":23666,"date":"2025-11-07T21:03:25","date_gmt":"2025-11-07T21:03:25","guid":{"rendered":"https:\/\/modesthanim.com\/product\/ftz-women-kadin-kesme-jakar-uclu-takim-beige-30847\/"},"modified":"2026-04-03T18:17:39","modified_gmt":"2026-04-03T18:17:39","slug":"ftz-women-kadin-kesme-jakar-uclu-takim-beige-30847","status":"publish","type":"product","link":"https:\/\/mod.wisdar.net\/tr\/urun\/ftz-women-kadin-kesme-jakar-uclu-takim-beige-30847\/","title":{"rendered":"FTZ Women Kad\u0131n Kesme Jakar \u00dc\u00e7l\u00fc Tak\u0131m  Beige 30847"},"content":{"rendered":"<p>Kuma\u015f : %40 Viskon %30 Pamuk %30 Akrilik<br \/>\nKol : 46\u00a0cm<br \/>\nYaka Tipi : G\u00f6mlek Yaka<br \/>\nDesen : Desenli<br \/>\nKal\u0131p : Rahat\u00a0Kal\u0131p<br \/>\nModel \u00d6l\u00e7\u00fcs\u00fc<br \/>\nBeden: 36\u00a0 Boy: 1.73 cm\u00a0 \u00a0 G\u00f6\u011f\u00fcs: 85 cm\u00a0 \u00a0 Bel: 63 cm\u00a0 \u00a0Kal\u00e7a: 95 cm<br \/>\n\u00dcr\u00fcn \u00d6l\u00e7\u00fcs\u00fc<br \/>\nBoy: 120\u00a0cm\u00a0 \u00a0 G\u00f6\u011f\u00fcs: 54\u00a0cm\u00a0 \u00a0 Bel: 40\u00a0cm\u00a0 \u00a0Kal\u00e7a: 50\u00a0cm<br \/>\nY\u0131kama Talimat\u0131 :<br \/>\n\u2013 Makine ile So\u011fuk Y\u0131kama Yap\u0131n\u0131z (30C veya 65F ile 85F)<br \/>\n\u2013 Kurutma Makinesinde Kurutulamaz<br \/>\n\u2013 Kuru Temizleme , Trikloretilen Ay\u0131r\u0131\u00e7\u0131s\u0131yla Az \u00c7\u00f6z\u00fcc\u00fc Kullan\u0131n\u0131z<br \/>\n\u2013 D\u00fc\u015f\u00fck Is\u0131da \u00dct\u00fcleme Yap\u0131n\u0131z<br \/>\n\u2013 \u00c7ama\u015f\u0131r Suyu Kullanmay\u0131n\u0131z<\/p>\n<p>\u2014 Technical Details \u2014<br \/>\nKuma\u015f Tipi: \u015e\u0130FON<br \/>\nKal\u0131p: Regular<br \/>\nKal\u0131p \u00d6zellikleri: Regular<br \/>\nBoy: 120<br \/>\nDesen: Desenli<br \/>\nAstar Durumu: Astarl\u0131<br \/>\nBel: 40<br \/>\nCep: Var<br \/>\nKal\u0131nl\u0131k: \u0130nce<br \/>\nKemer Ku\u015fak Durumu: Ba\u011fc\u0131kl\u0131<br \/>\nKol Boyu: 46<br \/>\nKol Tipi: Standart<br \/>\nMateryal: Viskon Kar\u0131\u015f\u0131ml\u0131<br \/>\nPar\u00e7a Say\u0131s\u0131: 3<br \/>\nBeden Aral\u0131\u011f\u0131: 38\/44<\/p>\n","protected":false},"excerpt":{"rendered":"<p>Kuma\u015f : %40 Viskon %30 Pamuk %30 Akrilik Kol : 46\u00a0cm Yaka Tipi : G\u00f6mlek Yaka Desen : Desenli Kal\u0131p : Rahat\u00a0Kal\u0131p Model \u00d6l\u00e7\u00fcs\u00fc Beden: 36\u00a0 Boy: 1.73 cm\u00a0 \u00a0 G\u00f6\u011f\u00fcs: 85 cm\u00a0 \u00a0 Bel: 63 cm\u00a0 \u00a0Kal\u00e7a: 95 cm \u00dcr\u00fcn \u00d6l\u00e7\u00fcs\u00fc Boy: 120\u00a0cm\u00a0 \u00a0 G\u00f6\u011f\u00fcs: 54\u00a0cm\u00a0 \u00a0 Bel: 40\u00a0cm\u00a0 \u00a0Kal\u00e7a: 50\u00a0cm Y\u0131kama Talimat\u0131 : [&hellip;]<\/p>\n","protected":false},"featured_media":0,"comment_status":"open","ping_status":"closed","template":"","meta":[],"product_brand":[],"product_cat":[1900],"product_tag":[4597,6753,6769,6882,6924],"class_list":{"0":"post-23666","1":"product","2":"type-product","3":"status-publish","5":"product_cat-koordinatlar-setler","6":"product_tag-4597","7":"product_tag-bej","8":"product_tag-desenli","9":"product_tag-rahat-kesim-2","10":"product_tag-sifon","11":"pa_brand-ftz-women","12":"pa_color-beige","13":"pa_size-4706","14":"pa_size-4711","15":"pa_size-4713","16":"pa_size-4751","18":"first","19":"instock","20":"sale","21":"shipping-taxable","22":"purchasable","23":"product-type-variable"},"_links":{"self":[{"href":"https:\/\/mod.wisdar.net\/tr\/wp-json\/wp\/v2\/product\/23666","targetHints":{"allow":["GET"]}}],"collection":[{"href":"https:\/\/mod.wisdar.net\/tr\/wp-json\/wp\/v2\/product"}],"about":[{"href":"https:\/\/mod.wisdar.net\/tr\/wp-json\/wp\/v2\/types\/product"}],"replies":[{"embeddable":true,"href":"https:\/\/mod.wisdar.net\/tr\/wp-json\/wp\/v2\/comments?post=23666"}],"wp:attachment":[{"href":"https:\/\/mod.wisdar.net\/tr\/wp-json\/wp\/v2\/media?parent=23666"}],"wp:term":[{"taxonomy":"product_brand","embeddable":true,"href":"https:\/\/mod.wisdar.net\/tr\/wp-json\/wp\/v2\/product_brand?post=23666"},{"taxonomy":"product_cat","embeddable":true,"href":"https:\/\/mod.wisdar.net\/tr\/wp-json\/wp\/v2\/product_cat?post=23666"},{"taxonomy":"product_tag","embeddable":true,"href":"https:\/\/mod.wisdar.net\/tr\/wp-json\/wp\/v2\/product_tag?post=23666"}],"curies":[{"name":"wp","href":"https:\/\/api.w.org\/{rel}","templated":true}]}}