{"id":23714,"date":"2025-11-07T21:08:41","date_gmt":"2025-11-07T21:08:41","guid":{"rendered":"https:\/\/modesthanim.com\/product\/ftz-women-kadin-jakar-takim-siyah-30877\/"},"modified":"2026-04-02T21:35:21","modified_gmt":"2026-04-02T21:35:21","slug":"ftz-women-kadin-jakar-takim-siyah-30877","status":"publish","type":"product","link":"https:\/\/mod.wisdar.net\/tr\/urun\/ftz-women-kadin-jakar-takim-siyah-30877\/","title":{"rendered":"FTZ Women Kad\u0131n Jakar Tak\u0131m  Siyah 30877"},"content":{"rendered":"<p>Kuma\u015f : %30 Viskon %20 Pamuk %50 Akrilik<br \/>\nKol : 44\u00a0cm<br \/>\nYaka Tipi : V\u00a0Yaka<br \/>\nDesen : Desenli<br \/>\nKal\u0131p : Standart<br \/>\nModel \u00d6l\u00e7\u00fcs\u00fc: Beden: 36\u00a0 Boy: 1.73 cm\u00a0 \u00a0 G\u00f6\u011f\u00fcs: 85 cm\u00a0 \u00a0 Bel: 63 cm\u00a0 \u00a0Kal\u00e7a: 95 cm<br \/>\n\u00dcr\u00fcn \u00d6l\u00e7\u00fcs\u00fc: Boy: 80\u00a0cm\u00a0 \u00a0 G\u00f6\u011f\u00fcs: 61\u00a0cm\u00a0 \u00a0 Bel: 36\u00a0cm\u00a0 \u00a0Kal\u00e7a: 47 cm<br \/>\nY\u0131kama Talimat\u0131 : Makine ile So\u011fuk Y\u0131kama Yap\u0131n\u0131z (30C veya 65F ile 85F), Kurutma Makinesinde Kurutulamaz, Kuru Temizleme , Trikloretilen Ay\u0131r\u0131\u00e7\u0131s\u0131yla Az \u00c7\u00f6z\u00fcc\u00fc Kullan\u0131n\u0131z, D\u00fc\u015f\u00fck Is\u0131da \u00dct\u00fcleme Yap\u0131n\u0131z, \u00c7ama\u015f\u0131r Suyu Kullanmay\u0131n\u0131z.<\/p>\n<p>\u2014 Technical Details \u2014<br \/>\nKuma\u015f Tipi: JAKAR KUMA\u015e<br \/>\nKal\u0131p: Regular<br \/>\nKal\u0131p \u00d6zellikleri: Regular<br \/>\nBoy: 80<br \/>\nDesen: Desenli<br \/>\nAstar Durumu: Astars\u0131z<br \/>\nBel: 36<br \/>\nCep: Var<br \/>\nKal\u0131nl\u0131k: \u0130nce<br \/>\nKemer Ku\u015fak Durumu: Kemersiz<br \/>\nKol Boyu: 44<br \/>\nKol Tipi: Standart<br \/>\nMateryal: Viskon Kar\u0131\u015f\u0131ml\u0131<br \/>\nPar\u00e7a Say\u0131s\u0131: 2<br \/>\nBeden Aral\u0131\u011f\u0131: 38\/44<\/p>\n","protected":false},"excerpt":{"rendered":"<p>Kuma\u015f : %30 Viskon %20 Pamuk %50 Akrilik Kol : 44\u00a0cm Yaka Tipi : V\u00a0Yaka Desen : Desenli Kal\u0131p : Standart Model \u00d6l\u00e7\u00fcs\u00fc: Beden: 36\u00a0 Boy: 1.73 cm\u00a0 \u00a0 G\u00f6\u011f\u00fcs: 85 cm\u00a0 \u00a0 Bel: 63 cm\u00a0 \u00a0Kal\u00e7a: 95 cm \u00dcr\u00fcn \u00d6l\u00e7\u00fcs\u00fc: Boy: 80\u00a0cm\u00a0 \u00a0 G\u00f6\u011f\u00fcs: 61\u00a0cm\u00a0 \u00a0 Bel: 36\u00a0cm\u00a0 \u00a0Kal\u00e7a: 47 cm Y\u0131kama Talimat\u0131 : [&hellip;]<\/p>\n","protected":false},"featured_media":0,"comment_status":"open","ping_status":"closed","template":"","meta":[],"product_brand":[],"product_cat":[1900],"product_tag":[4566,6769,7488,7074,5016],"class_list":{"0":"post-23714","1":"product","2":"type-product","3":"status-publish","5":"product_cat-koordinatlar-setler","6":"product_tag-38-44","7":"product_tag-desenli","8":"product_tag-pamuk","9":"product_tag-siyah","10":"product_tag-unlined","11":"pa_brand-ftz-women","12":"pa_color-siyah","13":"pa_size-4706","14":"pa_size-4711","15":"pa_size-4713","16":"pa_size-4751","18":"first","19":"outofstock","20":"shipping-taxable","21":"product-type-variable"},"_links":{"self":[{"href":"https:\/\/mod.wisdar.net\/tr\/wp-json\/wp\/v2\/product\/23714","targetHints":{"allow":["GET"]}}],"collection":[{"href":"https:\/\/mod.wisdar.net\/tr\/wp-json\/wp\/v2\/product"}],"about":[{"href":"https:\/\/mod.wisdar.net\/tr\/wp-json\/wp\/v2\/types\/product"}],"replies":[{"embeddable":true,"href":"https:\/\/mod.wisdar.net\/tr\/wp-json\/wp\/v2\/comments?post=23714"}],"wp:attachment":[{"href":"https:\/\/mod.wisdar.net\/tr\/wp-json\/wp\/v2\/media?parent=23714"}],"wp:term":[{"taxonomy":"product_brand","embeddable":true,"href":"https:\/\/mod.wisdar.net\/tr\/wp-json\/wp\/v2\/product_brand?post=23714"},{"taxonomy":"product_cat","embeddable":true,"href":"https:\/\/mod.wisdar.net\/tr\/wp-json\/wp\/v2\/product_cat?post=23714"},{"taxonomy":"product_tag","embeddable":true,"href":"https:\/\/mod.wisdar.net\/tr\/wp-json\/wp\/v2\/product_tag?post=23714"}],"curies":[{"name":"wp","href":"https:\/\/api.w.org\/{rel}","templated":true}]}}