{"id":23990,"date":"2025-11-08T14:15:00","date_gmt":"2025-11-08T14:15:00","guid":{"rendered":"https:\/\/modesthanim.com\/product\/karpuz-kol-kemerli-davet-elbise\/"},"modified":"2026-03-24T07:52:28","modified_gmt":"2026-03-24T07:52:28","slug":"karpuz-kol-kemerli-davet-elbise","status":"publish","type":"product","link":"https:\/\/mod.wisdar.net\/tr\/urun\/karpuz-kol-kemerli-davet-elbise\/","title":{"rendered":"Karpuz Kol Kemerli Davet Elbise"},"content":{"rendered":"<p>\u2014 Technical Details \u2014<br \/>\nRenk: MOR<br \/>\nSezon: D\u00f6rt Mevsim<br \/>\nTarz: Abiye | Davet \u015e\u0131kl\u0131\u011f\u0131<\/p>\n","protected":false},"excerpt":{"rendered":"<p>\u2014 Technical Details \u2014 Renk: MOR Sezon: D\u00f6rt Mevsim Tarz: Abiye | Davet \u015e\u0131kl\u0131\u011f\u0131<\/p>\n","protected":false},"featured_media":51881,"comment_status":"open","ping_status":"closed","template":"","meta":[],"product_brand":[],"product_cat":[6249],"product_tag":[4856,7054],"class_list":{"0":"post-23990","1":"product","2":"type-product","3":"status-publish","4":"has-post-thumbnail","6":"product_cat-elbiseler","7":"product_tag-all-season","8":"product_tag-mor","9":"pa_brand-setre-konfeksiyon-tekstil-kuyumculuk-saglik-urunleri-san-ve-tic-a-s","10":"pa_color-ekru","11":"pa_color-mor","12":"pa_size-4706","13":"pa_size-4711","14":"pa_size-4713","15":"pa_size-4751","17":"first","18":"outofstock","19":"shipping-taxable","20":"product-type-variable"},"_links":{"self":[{"href":"https:\/\/mod.wisdar.net\/tr\/wp-json\/wp\/v2\/product\/23990","targetHints":{"allow":["GET"]}}],"collection":[{"href":"https:\/\/mod.wisdar.net\/tr\/wp-json\/wp\/v2\/product"}],"about":[{"href":"https:\/\/mod.wisdar.net\/tr\/wp-json\/wp\/v2\/types\/product"}],"replies":[{"embeddable":true,"href":"https:\/\/mod.wisdar.net\/tr\/wp-json\/wp\/v2\/comments?post=23990"}],"wp:featuredmedia":[{"embeddable":true,"href":"https:\/\/mod.wisdar.net\/tr\/wp-json\/wp\/v2\/media\/51881"}],"wp:attachment":[{"href":"https:\/\/mod.wisdar.net\/tr\/wp-json\/wp\/v2\/media?parent=23990"}],"wp:term":[{"taxonomy":"product_brand","embeddable":true,"href":"https:\/\/mod.wisdar.net\/tr\/wp-json\/wp\/v2\/product_brand?post=23990"},{"taxonomy":"product_cat","embeddable":true,"href":"https:\/\/mod.wisdar.net\/tr\/wp-json\/wp\/v2\/product_cat?post=23990"},{"taxonomy":"product_tag","embeddable":true,"href":"https:\/\/mod.wisdar.net\/tr\/wp-json\/wp\/v2\/product_tag?post=23990"}],"curies":[{"name":"wp","href":"https:\/\/api.w.org\/{rel}","templated":true}]}}