{"id":24220,"date":"2025-11-12T17:48:11","date_gmt":"2025-11-12T17:48:11","guid":{"rendered":"https:\/\/modesthanim.com\/product\/kusakli-jakar-ceket-tas\/"},"modified":"2026-04-02T20:20:20","modified_gmt":"2026-04-02T20:20:20","slug":"kusakli-jakar-ceket-tas","status":"publish","type":"product","link":"https:\/\/mod.wisdar.net\/tr\/urun\/kusakli-jakar-ceket-tas\/","title":{"rendered":"Ku\u015fakl\u0131 Jakar Ceket \u2013 Ta\u015f"},"content":{"rendered":"<p>Zarif jakar dokusu ve ku\u015fak detay\u0131yla feminen bir siluet sunan bu ceket, \u015f\u0131kl\u0131\u011f\u0131 \u00f6n plana \u00e7\u0131kar\u0131r. \u00d6zel g\u00fcnlerden g\u00fcnl\u00fck kombinlere kadar geni\u015f bir kullan\u0131m alan\u0131 sunar.<\/p>\n<p>Kuma\u015f \u0130\u00e7eri\u011fi: %88 Lyocell, %14 Polyester<br \/>\nDesen: Jakar Desen<br \/>\nYaka Tipi: Blazer Yaka<br \/>\nKol Tipi: Uzun Kol<br \/>\nCep: Gizli Cep<br \/>\nAstar: Astars\u0131z<br \/>\n\u00dcr\u00fcn Boyu: 100 cm<br \/>\nKal\u0131p Tipi: Normal Kal\u0131p<br \/>\nMankenin Giydi\u011fi Beden: 38<br \/>\nManken \u00d6l\u00e7\u00fcleri: Boy: 176 cm G\u00f6\u011f\u00fcs: 86 cm Bel: 61 cm Basen: 90 cm<\/p>\n<p>\u2014 Technical Details \u2014<br \/>\nDesen: Jakar Desen<br \/>\nYaka Tipi: Blazer Yaka<br \/>\nKol Tipi: Uzun Kol<br \/>\nCep: Gizli Cep<br \/>\nAstar: Astars\u0131z<br \/>\n\u00dcr\u00fcn Boyu: 100 cm<br \/>\nKal\u0131p Tipi: Normal Kal\u0131p<br \/>\nMankenin Giydi\u011fi Beden: 38<br \/>\nManken \u00d6l\u00e7\u00fcleri: Boy: 176 cm, G\u00f6\u011f\u00fcs: 86 cm, Bel: 61 cm, Basen: 90 cm<\/p>\n","protected":false},"excerpt":{"rendered":"<p>Zarif jakar dokusu ve ku\u015fak detay\u0131yla feminen bir siluet sunan bu ceket, \u015f\u0131kl\u0131\u011f\u0131 \u00f6n plana \u00e7\u0131kar\u0131r. \u00d6zel g\u00fcnlerden g\u00fcnl\u00fck kombinlere kadar geni\u015f bir kullan\u0131m alan\u0131 sunar. Kuma\u015f \u0130\u00e7eri\u011fi: %88 Lyocell, %14 Polyester Desen: Jakar Desen Yaka Tipi: Blazer Yaka Kol Tipi: Uzun Kol Cep: Gizli Cep Astar: Astars\u0131z \u00dcr\u00fcn Boyu: 100 cm Kal\u0131p Tipi: Normal [&hellip;]<\/p>\n","protected":false},"featured_media":0,"comment_status":"open","ping_status":"closed","template":"","meta":[],"product_brand":[],"product_cat":[2044],"product_tag":[5012,7668],"class_list":{"0":"post-24220","1":"product","2":"type-product","3":"status-publish","5":"product_cat-ceketler","6":"product_tag-elegant","7":"product_tag-kemerli","8":"pa_brand-tugba","9":"pa_color-tas","10":"pa_size-4706","11":"pa_size-4711","12":"pa_size-4713","13":"pa_size-4751","14":"pa_size-4749","15":"pa_size-4747","17":"first","18":"instock","19":"sale","20":"shipping-taxable","21":"purchasable","22":"product-type-variable"},"_links":{"self":[{"href":"https:\/\/mod.wisdar.net\/tr\/wp-json\/wp\/v2\/product\/24220","targetHints":{"allow":["GET"]}}],"collection":[{"href":"https:\/\/mod.wisdar.net\/tr\/wp-json\/wp\/v2\/product"}],"about":[{"href":"https:\/\/mod.wisdar.net\/tr\/wp-json\/wp\/v2\/types\/product"}],"replies":[{"embeddable":true,"href":"https:\/\/mod.wisdar.net\/tr\/wp-json\/wp\/v2\/comments?post=24220"}],"wp:attachment":[{"href":"https:\/\/mod.wisdar.net\/tr\/wp-json\/wp\/v2\/media?parent=24220"}],"wp:term":[{"taxonomy":"product_brand","embeddable":true,"href":"https:\/\/mod.wisdar.net\/tr\/wp-json\/wp\/v2\/product_brand?post=24220"},{"taxonomy":"product_cat","embeddable":true,"href":"https:\/\/mod.wisdar.net\/tr\/wp-json\/wp\/v2\/product_cat?post=24220"},{"taxonomy":"product_tag","embeddable":true,"href":"https:\/\/mod.wisdar.net\/tr\/wp-json\/wp\/v2\/product_tag?post=24220"}],"curies":[{"name":"wp","href":"https:\/\/api.w.org\/{rel}","templated":true}]}}