{"id":24284,"date":"2025-11-12T17:50:02","date_gmt":"2025-11-12T17:50:02","guid":{"rendered":"https:\/\/modesthanim.com\/product\/islemeli-sal-yaka-palto-lacivert\/"},"modified":"2026-04-03T14:52:11","modified_gmt":"2026-04-03T14:52:11","slug":"islemeli-sal-yaka-palto-lacivert","status":"publish","type":"product","link":"https:\/\/mod.wisdar.net\/tr\/urun\/islemeli-sal-yaka-palto-lacivert\/","title":{"rendered":"\u0130\u015flemeli \u015eal Yaka Palto \u2013 Lacivert"},"content":{"rendered":"<p>Bu palto, zarafet ve i\u015flevselli\u011fi bir araya getirerek mevsim ge\u00e7i\u015flerinde ideal koruma sa\u011flar. Yakadaki ince i\u015fleme detaylar\u0131 sanatsal bir incelik katarken, \u015fal yaka asil bir g\u00f6r\u00fcn\u00fcm sunar.<\/p>\n<p>\u2014 Teknik Detaylar \u2014<br \/>\nDesen: D\u00fcz<br \/>\nYaka Tipi: \u015eal Yaka<br \/>\nKol Tipi: Uzun Kol<br \/>\nCep: Gizli Cep<br \/>\nAstar: Astars\u0131z<br \/>\n\u00dcr\u00fcn Uzunlu\u011fu: 142 cm<br \/>\nKal\u0131p: Normal Kal\u0131p<br \/>\nModelin Giydi\u011fi Beden: 38<br \/>\nModel \u00d6l\u00e7\u00fcleri: {&#8216;Boy&#8217;: &#8216;179 cm&#8217;, &#8216;G\u00f6\u011f\u00fcs&#8217;: &#8217;84 cm&#8217;, &#8216;Bel&#8217;: &#8217;62 cm&#8217;, &#8216;Kal\u00e7a&#8217;: &#8217;90 cm&#8217;}<br \/>\nBeden Tablosu: {&#8217;38&#8217;: {&#8216;Omuz&#8217;: 40, &#8216;G\u00f6\u011f\u00fcs&#8217;: 103, &#8216;Bel&#8217;: 100, &#8216;Kal\u00e7a&#8217;: 118, &#8216;Uzunluk&#8217;: 140, &#8216;Kol Uzunlu\u011fu&#8217;: 61}, &#8217;40&#8217;: {&#8216;Omuz&#8217;: 41, &#8216;G\u00f6\u011f\u00fcs&#8217;: 107, &#8216;Bel&#8217;: 104, &#8216;Kal\u00e7a&#8217;: 122, &#8216;Uzunluk&#8217;: 140.5, &#8216;Kol Uzunlu\u011fu&#8217;: 61.5}, &#8217;42&#8217;: {&#8216;Omuz&#8217;: 42, &#8216;G\u00f6\u011f\u00fcs&#8217;: 111, &#8216;Bel&#8217;: 108, &#8216;Kal\u00e7a&#8217;: 126, &#8216;Uzunluk&#8217;: 141, &#8216;Kol Uzunlu\u011fu&#8217;: 62}, &#8217;44&#8217;: {&#8216;Omuz&#8217;: 43, &#8216;G\u00f6\u011f\u00fcs&#8217;: 115, &#8216;Bel&#8217;: 112, &#8216;Kal\u00e7a&#8217;: 130, &#8216;Uzunluk&#8217;: 141.5, &#8216;Kol Uzunlu\u011fu&#8217;: 62.5}, &#8217;46&#8217;: {&#8216;Omuz&#8217;: 44, &#8216;G\u00f6\u011f\u00fcs&#8217;: 121, &#8216;Bel&#8217;: 118, &#8216;Kal\u00e7a&#8217;: 136, &#8216;Uzunluk&#8217;: 142, &#8216;Kol Uzunlu\u011fu&#8217;: 63}}<\/p>\n","protected":false},"excerpt":{"rendered":"<p>Bu palto, zarafet ve i\u015flevselli\u011fi bir araya getirerek mevsim ge\u00e7i\u015flerinde ideal koruma sa\u011flar. Yakadaki ince i\u015fleme detaylar\u0131 sanatsal bir incelik katarken, \u015fal yaka asil bir g\u00f6r\u00fcn\u00fcm sunar. \u2014 Teknik Detaylar \u2014 Desen: D\u00fcz Yaka Tipi: \u015eal Yaka Kol Tipi: Uzun Kol Cep: Gizli Cep Astar: Astars\u0131z \u00dcr\u00fcn Uzunlu\u011fu: 142 cm Kal\u0131p: Normal Kal\u0131p Modelin Giydi\u011fi [&hellip;]<\/p>\n","protected":false},"featured_media":47861,"comment_status":"open","ping_status":"closed","template":"","meta":[],"product_brand":[],"product_cat":[2047],"product_tag":[5012],"class_list":{"0":"post-24284","1":"product","2":"type-product","3":"status-publish","4":"has-post-thumbnail","6":"product_cat-paltolar","7":"product_tag-elegant","8":"pa_brand-tugba","9":"pa_color-indigo","10":"pa_size-4706","11":"pa_size-4711","12":"pa_size-4713","13":"pa_size-4751","14":"pa_size-4749","16":"first","17":"instock","18":"sale","19":"shipping-taxable","20":"purchasable","21":"product-type-variable"},"_links":{"self":[{"href":"https:\/\/mod.wisdar.net\/tr\/wp-json\/wp\/v2\/product\/24284","targetHints":{"allow":["GET"]}}],"collection":[{"href":"https:\/\/mod.wisdar.net\/tr\/wp-json\/wp\/v2\/product"}],"about":[{"href":"https:\/\/mod.wisdar.net\/tr\/wp-json\/wp\/v2\/types\/product"}],"replies":[{"embeddable":true,"href":"https:\/\/mod.wisdar.net\/tr\/wp-json\/wp\/v2\/comments?post=24284"}],"wp:featuredmedia":[{"embeddable":true,"href":"https:\/\/mod.wisdar.net\/tr\/wp-json\/wp\/v2\/media\/47861"}],"wp:attachment":[{"href":"https:\/\/mod.wisdar.net\/tr\/wp-json\/wp\/v2\/media?parent=24284"}],"wp:term":[{"taxonomy":"product_brand","embeddable":true,"href":"https:\/\/mod.wisdar.net\/tr\/wp-json\/wp\/v2\/product_brand?post=24284"},{"taxonomy":"product_cat","embeddable":true,"href":"https:\/\/mod.wisdar.net\/tr\/wp-json\/wp\/v2\/product_cat?post=24284"},{"taxonomy":"product_tag","embeddable":true,"href":"https:\/\/mod.wisdar.net\/tr\/wp-json\/wp\/v2\/product_tag?post=24284"}],"curies":[{"name":"wp","href":"https:\/\/api.w.org\/{rel}","templated":true}]}}