{"id":24308,"date":"2025-11-12T17:50:39","date_gmt":"2025-11-12T17:50:39","guid":{"rendered":"https:\/\/modesthanim.com\/product\/tas-rengi-kruvaze-kollu-kusakli-palto\/"},"modified":"2026-01-15T08:23:44","modified_gmt":"2026-01-15T08:23:44","slug":"tas-rengi-kruvaze-kollu-kusakli-palto","status":"publish","type":"product","link":"https:\/\/mod.wisdar.net\/tr\/urun\/tas-rengi-kruvaze-kollu-kusakli-palto\/","title":{"rendered":"Ta\u015f Rengi Kruvaze Kollu Ku\u015fakl\u0131 Palto"},"content":{"rendered":"<p>Bu palto, mevsim ge\u00e7i\u015flerinde tarz\u0131n\u0131z\u0131 tamamlamak i\u00e7in m\u00fckemmel bir d\u0131\u015f giyim par\u00e7as\u0131d\u0131r, g\u00fcnl\u00fck ve \u00f6zel kombinasyonlar i\u00e7in kolayca tercih edilir.<\/p>\n<p>\u2014 Teknik Detaylar \u2014<br \/>\nDesen: D\u00fcz<br \/>\nYaka Tipi: G\u00f6mlek Yaka<br \/>\nKol Tipi: Uzun Kol<br \/>\nCep: Gizli Cep<br \/>\nAstar: Astars\u0131z<br \/>\n\u00dcr\u00fcn Uzunlu\u011fu: 140 cm<br \/>\nKal\u0131p: Normal Kal\u0131p<br \/>\nModelin Giydi\u011fi Beden: 38<br \/>\nModel \u00d6l\u00e7\u00fcleri: {&#8216;Boy&#8217;: &#8216;176 cm&#8217;, &#8216;G\u00f6\u011f\u00fcs&#8217;: &#8217;82 cm&#8217;, &#8216;Bel&#8217;: &#8217;61 cm&#8217;, &#8216;Kal\u00e7a&#8217;: &#8217;88 cm&#8217;}<br \/>\nBeden Tablosu: {&#8217;38&#8217;: {&#8216;Omuz&#8217;: &#8217;41&#8217;, &#8216;G\u00f6\u011f\u00fcs&#8217;: &#8216;104&#8217;, &#8216;Bel&#8217;: &#8216;107&#8217;, &#8216;Kal\u00e7a&#8217;: &#8216;118&#8217;, &#8216;Uzunluk&#8217;: &#8216;140&#8217;, &#8216;Kol Uzunlu\u011fu&#8217;: &#8217;61&#8217;}, &#8217;40&#8217;: {&#8216;Omuz&#8217;: &#8216;41.5&#8217;, &#8216;G\u00f6\u011f\u00fcs&#8217;: &#8216;108&#8217;, &#8216;Bel&#8217;: &#8216;111&#8217;, &#8216;Kal\u00e7a&#8217;: &#8216;122&#8217;, &#8216;Uzunluk&#8217;: &#8216;140.5&#8217;, &#8216;Kol Uzunlu\u011fu&#8217;: &#8216;61.3&#8217;}, &#8217;42&#8217;: {&#8216;Omuz&#8217;: &#8217;42&#8217;, &#8216;G\u00f6\u011f\u00fcs&#8217;: &#8216;112&#8217;, &#8216;Bel&#8217;: &#8216;115&#8217;, &#8216;Kal\u00e7a&#8217;: &#8216;126&#8217;, &#8216;Uzunluk&#8217;: &#8216;141&#8217;, &#8216;Kol Uzunlu\u011fu&#8217;: &#8216;61.6&#8217;}, &#8217;44&#8217;: {&#8216;Omuz&#8217;: &#8216;42.5&#8217;, &#8216;G\u00f6\u011f\u00fcs&#8217;: &#8216;116&#8217;, &#8216;Bel&#8217;: &#8216;119&#8217;, &#8216;Kal\u00e7a&#8217;: &#8216;130&#8217;, &#8216;Uzunluk&#8217;: &#8216;141.5&#8217;, &#8216;Kol Uzunlu\u011fu&#8217;: &#8217;62&#8217;}, &#8217;46&#8217;: {&#8216;Omuz&#8217;: &#8217;43&#8217;, &#8216;G\u00f6\u011f\u00fcs&#8217;: &#8216;122&#8217;, &#8216;Bel&#8217;: &#8216;125&#8217;, &#8216;Kal\u00e7a&#8217;: &#8216;136&#8217;, &#8216;Uzunluk&#8217;: &#8216;142&#8217;, &#8216;Kol Uzunlu\u011fu&#8217;: &#8216;62.3&#8217;}, &#8217;48&#8217;: {&#8216;Omuz&#8217;: &#8216;43.5&#8217;, &#8216;G\u00f6\u011f\u00fcs&#8217;: &#8216;126&#8217;, &#8216;Bel&#8217;: &#8216;129&#8217;, &#8216;Kal\u00e7a&#8217;: &#8216;140&#8217;, &#8216;Uzunluk&#8217;: &#8216;142.5&#8217;, &#8216;Kol Uzunlu\u011fu&#8217;: &#8216;62.5&#8217;}, &#8217;50&#8217;: {&#8216;Omuz&#8217;: &#8217;44&#8217;, &#8216;G\u00f6\u011f\u00fcs&#8217;: &#8216;130&#8217;, &#8216;Bel&#8217;: &#8216;133&#8217;, &#8216;Kal\u00e7a&#8217;: &#8216;144&#8217;, &#8216;Uzunluk&#8217;: &#8216;143&#8217;, &#8216;Kol Uzunlu\u011fu&#8217;: &#8216;62.8&#8217;}}<\/p>\n","protected":false},"excerpt":{"rendered":"<p>Bu palto, mevsim ge\u00e7i\u015flerinde tarz\u0131n\u0131z\u0131 tamamlamak i\u00e7in m\u00fckemmel bir d\u0131\u015f giyim par\u00e7as\u0131d\u0131r, g\u00fcnl\u00fck ve \u00f6zel kombinasyonlar i\u00e7in kolayca tercih edilir. \u2014 Teknik Detaylar \u2014 Desen: D\u00fcz Yaka Tipi: G\u00f6mlek Yaka Kol Tipi: Uzun Kol Cep: Gizli Cep Astar: Astars\u0131z \u00dcr\u00fcn Uzunlu\u011fu: 140 cm Kal\u0131p: Normal Kal\u0131p Modelin Giydi\u011fi Beden: 38 Model \u00d6l\u00e7\u00fcleri: {&#8216;Boy&#8217;: &#8216;176 cm&#8217;, [&hellip;]<\/p>\n","protected":false},"featured_media":47844,"comment_status":"open","ping_status":"closed","template":"","meta":[],"product_brand":[],"product_cat":[2047],"product_tag":[5016],"class_list":{"0":"post-24308","1":"product","2":"type-product","3":"status-publish","4":"has-post-thumbnail","6":"product_cat-paltolar","7":"product_tag-unlined","8":"pa_color-tas","9":"pa_size-4706","10":"pa_size-4711","11":"pa_size-4713","12":"pa_size-4751","13":"pa_size-4749","14":"pa_size-4747","15":"pa_size-4746","17":"first","18":"instock","19":"sale","20":"shipping-taxable","21":"purchasable","22":"product-type-variable"},"_links":{"self":[{"href":"https:\/\/mod.wisdar.net\/tr\/wp-json\/wp\/v2\/product\/24308","targetHints":{"allow":["GET"]}}],"collection":[{"href":"https:\/\/mod.wisdar.net\/tr\/wp-json\/wp\/v2\/product"}],"about":[{"href":"https:\/\/mod.wisdar.net\/tr\/wp-json\/wp\/v2\/types\/product"}],"replies":[{"embeddable":true,"href":"https:\/\/mod.wisdar.net\/tr\/wp-json\/wp\/v2\/comments?post=24308"}],"wp:featuredmedia":[{"embeddable":true,"href":"https:\/\/mod.wisdar.net\/tr\/wp-json\/wp\/v2\/media\/47844"}],"wp:attachment":[{"href":"https:\/\/mod.wisdar.net\/tr\/wp-json\/wp\/v2\/media?parent=24308"}],"wp:term":[{"taxonomy":"product_brand","embeddable":true,"href":"https:\/\/mod.wisdar.net\/tr\/wp-json\/wp\/v2\/product_brand?post=24308"},{"taxonomy":"product_cat","embeddable":true,"href":"https:\/\/mod.wisdar.net\/tr\/wp-json\/wp\/v2\/product_cat?post=24308"},{"taxonomy":"product_tag","embeddable":true,"href":"https:\/\/mod.wisdar.net\/tr\/wp-json\/wp\/v2\/product_tag?post=24308"}],"curies":[{"name":"wp","href":"https:\/\/api.w.org\/{rel}","templated":true}]}}