{"id":24335,"date":"2025-11-12T17:51:39","date_gmt":"2025-11-12T17:51:39","guid":{"rendered":"https:\/\/modesthanim.com\/product\/kravat-yaka-piliseli-pardesu-bej\/"},"modified":"2026-04-03T14:52:52","modified_gmt":"2026-04-03T14:52:52","slug":"kravat-yaka-piliseli-pardesu-bej","status":"publish","type":"product","link":"https:\/\/mod.wisdar.net\/tr\/urun\/kravat-yaka-piliseli-pardesu-bej\/","title":{"rendered":"Kravat Yaka Piliseli Pardes\u00fc \u2013 Bej"},"content":{"rendered":"<p>Zarif kravat yaka detay\u0131 ve etek k\u0131sm\u0131ndaki piliseleriyle feminen bir duru\u015f sergileyen bu pardes\u00fc, klasik \u015f\u0131kl\u0131\u011f\u0131 modern dokunu\u015flarla bulu\u015fturur. Ak\u0131c\u0131 yap\u0131s\u0131yla her ad\u0131mda zarafet sunar. \u00d6zel g\u00fcnlerden g\u00fcnl\u00fck kombinlere kadar geni\u015f bir kullan\u0131m alan\u0131 sa\u011flar.<\/p>\n<p>\u2014 Teknik Detaylar \u2014<br \/>\nDesen: D\u00fcz<br \/>\nYaka Tipi: G\u00f6mlek Yaka<br \/>\nKol Tipi: Uzun Kol<br \/>\nCep: Gizli Cep<br \/>\nAstar: Astars\u0131z<br \/>\n\u00dcr\u00fcn Boyu: 130 cm<br \/>\nKal\u0131p Tipi: Normal Kal\u0131p<br \/>\nMankenin Giydi\u011fi Beden: 38<br \/>\nManken \u00d6l\u00e7\u00fcleri: {&#8216;Boy&#8217;: &#8216;175 cm&#8217;, &#8216;G\u00f6\u011f\u00fcs&#8217;: &#8217;80 cm&#8217;, &#8216;Bel&#8217;: &#8217;62 cm&#8217;, &#8216;Basen&#8217;: &#8217;90 cm&#8217;}<\/p>\n","protected":false},"excerpt":{"rendered":"<p>Zarif kravat yaka detay\u0131 ve etek k\u0131sm\u0131ndaki piliseleriyle feminen bir duru\u015f sergileyen bu pardes\u00fc, klasik \u015f\u0131kl\u0131\u011f\u0131 modern dokunu\u015flarla bulu\u015fturur. Ak\u0131c\u0131 yap\u0131s\u0131yla her ad\u0131mda zarafet sunar. \u00d6zel g\u00fcnlerden g\u00fcnl\u00fck kombinlere kadar geni\u015f bir kullan\u0131m alan\u0131 sa\u011flar. \u2014 Teknik Detaylar \u2014 Desen: D\u00fcz Yaka Tipi: G\u00f6mlek Yaka Kol Tipi: Uzun Kol Cep: Gizli Cep Astar: Astars\u0131z \u00dcr\u00fcn [&hellip;]<\/p>\n","protected":false},"featured_media":47871,"comment_status":"open","ping_status":"closed","template":"","meta":[],"product_brand":[],"product_cat":[2047],"product_tag":[],"class_list":{"0":"post-24335","1":"product","2":"type-product","3":"status-publish","4":"has-post-thumbnail","6":"product_cat-paltolar","7":"pa_brand-tugba","8":"pa_color-bej","9":"pa_size-4706","10":"pa_size-4711","11":"pa_size-4713","12":"pa_size-4751","13":"pa_size-4749","14":"pa_size-4747","16":"first","17":"instock","18":"sale","19":"shipping-taxable","20":"purchasable","21":"product-type-variable"},"_links":{"self":[{"href":"https:\/\/mod.wisdar.net\/tr\/wp-json\/wp\/v2\/product\/24335","targetHints":{"allow":["GET"]}}],"collection":[{"href":"https:\/\/mod.wisdar.net\/tr\/wp-json\/wp\/v2\/product"}],"about":[{"href":"https:\/\/mod.wisdar.net\/tr\/wp-json\/wp\/v2\/types\/product"}],"replies":[{"embeddable":true,"href":"https:\/\/mod.wisdar.net\/tr\/wp-json\/wp\/v2\/comments?post=24335"}],"wp:featuredmedia":[{"embeddable":true,"href":"https:\/\/mod.wisdar.net\/tr\/wp-json\/wp\/v2\/media\/47871"}],"wp:attachment":[{"href":"https:\/\/mod.wisdar.net\/tr\/wp-json\/wp\/v2\/media?parent=24335"}],"wp:term":[{"taxonomy":"product_brand","embeddable":true,"href":"https:\/\/mod.wisdar.net\/tr\/wp-json\/wp\/v2\/product_brand?post=24335"},{"taxonomy":"product_cat","embeddable":true,"href":"https:\/\/mod.wisdar.net\/tr\/wp-json\/wp\/v2\/product_cat?post=24335"},{"taxonomy":"product_tag","embeddable":true,"href":"https:\/\/mod.wisdar.net\/tr\/wp-json\/wp\/v2\/product_tag?post=24335"}],"curies":[{"name":"wp","href":"https:\/\/api.w.org\/{rel}","templated":true}]}}