{"id":24403,"date":"2025-11-12T17:53:00","date_gmt":"2025-11-12T17:53:00","guid":{"rendered":"https:\/\/modesthanim.com\/product\/yan-gizli-ilik-kapamali-ceket-findik-rengi\/"},"modified":"2026-04-10T15:12:26","modified_gmt":"2026-04-10T15:12:26","slug":"yan-gizli-ilik-kapamali-ceket-findik-rengi","status":"publish","type":"product","link":"https:\/\/mod.wisdar.net\/tr\/urun\/yan-gizli-ilik-kapamali-ceket-findik-rengi\/","title":{"rendered":"Yan Gizli Il\u0131k Kapamal\u0131 Ceket \u2013 F\u0131nd\u0131k Rengi"},"content":{"rendered":"<p>Bu ceket, yan gizli il\u0131k kapamas\u0131 ile basit ve kusursuz bir siluet sunar ve modern \u00e7izgileriyle dikkat \u00e7eker. D\u00fcz formu \u00e7e\u015fitli tarzlara kolayca uyum sa\u011flar, zamans\u0131z zarafet arayanlar i\u00e7in ideal bir se\u00e7imdir.<br \/>\nKuma\u015f \u0130\u00e7eri\u011fi: %90 Lyocell, %10 Polyester<br \/>\nDesen: D\u00fcz<br \/>\nYaka Tipi: G\u00f6mlek Yakas\u0131<br \/>\nKol Tipi: Uzun Kol<br \/>\nCep: D\u00fcnya Cebi<br \/>\nAstar: Astars\u0131z<br \/>\n\u00dcr\u00fcn Uzunlu\u011fu: 140 cm<br \/>\nKal\u0131p: Normal Kal\u0131p<br \/>\nModelin Giydi\u011fi Beden: 40<br \/>\nModel \u00d6l\u00e7\u00fcleri: Boy: 179 cm, G\u00f6\u011f\u00fcs: 84 cm, Bel: 62 cm, Kal\u00e7a: 90 cm<\/p>\n","protected":false},"excerpt":{"rendered":"<p>Bu ceket, yan gizli il\u0131k kapamas\u0131 ile basit ve kusursuz bir siluet sunar ve modern \u00e7izgileriyle dikkat \u00e7eker. D\u00fcz formu \u00e7e\u015fitli tarzlara kolayca uyum sa\u011flar, zamans\u0131z zarafet arayanlar i\u00e7in ideal bir se\u00e7imdir. Kuma\u015f \u0130\u00e7eri\u011fi: %90 Lyocell, %10 Polyester Desen: D\u00fcz Yaka Tipi: G\u00f6mlek Yakas\u0131 Kol Tipi: Uzun Kol Cep: D\u00fcnya Cebi Astar: Astars\u0131z \u00dcr\u00fcn Uzunlu\u011fu: [&hellip;]<\/p>\n","protected":false},"featured_media":51933,"comment_status":"open","ping_status":"closed","template":"","meta":[],"product_brand":[],"product_cat":[2047],"product_tag":[5010,5012,5013],"class_list":{"0":"post-24403","1":"product","2":"type-product","3":"status-publish","4":"has-post-thumbnail","6":"product_cat-paltolar","7":"product_tag-coat","8":"product_tag-elegant","9":"product_tag-modern","10":"pa_brand-tugba","11":"pa_color-findik","12":"pa_size-4711","13":"pa_size-4713","14":"pa_size-4751","15":"pa_size-4749","16":"pa_size-4747","17":"pa_size-4746","19":"first","20":"instock","21":"sale","22":"shipping-taxable","23":"purchasable","24":"product-type-variable"},"_links":{"self":[{"href":"https:\/\/mod.wisdar.net\/tr\/wp-json\/wp\/v2\/product\/24403","targetHints":{"allow":["GET"]}}],"collection":[{"href":"https:\/\/mod.wisdar.net\/tr\/wp-json\/wp\/v2\/product"}],"about":[{"href":"https:\/\/mod.wisdar.net\/tr\/wp-json\/wp\/v2\/types\/product"}],"replies":[{"embeddable":true,"href":"https:\/\/mod.wisdar.net\/tr\/wp-json\/wp\/v2\/comments?post=24403"}],"wp:featuredmedia":[{"embeddable":true,"href":"https:\/\/mod.wisdar.net\/tr\/wp-json\/wp\/v2\/media\/51933"}],"wp:attachment":[{"href":"https:\/\/mod.wisdar.net\/tr\/wp-json\/wp\/v2\/media?parent=24403"}],"wp:term":[{"taxonomy":"product_brand","embeddable":true,"href":"https:\/\/mod.wisdar.net\/tr\/wp-json\/wp\/v2\/product_brand?post=24403"},{"taxonomy":"product_cat","embeddable":true,"href":"https:\/\/mod.wisdar.net\/tr\/wp-json\/wp\/v2\/product_cat?post=24403"},{"taxonomy":"product_tag","embeddable":true,"href":"https:\/\/mod.wisdar.net\/tr\/wp-json\/wp\/v2\/product_tag?post=24403"}],"curies":[{"name":"wp","href":"https:\/\/api.w.org\/{rel}","templated":true}]}}