{"id":24511,"date":"2025-11-12T17:59:02","date_gmt":"2025-11-12T17:59:02","guid":{"rendered":"https:\/\/modesthanim.com\/product\/ftz-women-kadin-dugme-detayli-tunik-siyah-20825\/"},"modified":"2026-02-18T23:41:10","modified_gmt":"2026-02-18T23:41:10","slug":"ftz-women-kadin-dugme-detayli-tunik-siyah-20825","status":"publish","type":"product","link":"https:\/\/mod.wisdar.net\/tr\/urun\/ftz-women-kadin-dugme-detayli-tunik-siyah-20825\/","title":{"rendered":"FTZ Women Kad\u0131n D\u00fc\u011fme Detayl\u0131 Tunik  Siyah 20825"},"content":{"rendered":"<p>Kuma\u015f : %5 Y\u00fcn %40 Akrilik %55 Viskon<br \/>\nKol : 47 cm<br \/>\nYaka Tipi : D\u00fcz<br \/>\nDesen : D\u00fcz<br \/>\nKal\u0131p : Tam Kal\u0131p<br \/>\nModel \u00d6l\u00e7\u00fcs\u00fc<br \/>\nBeden: 36\u00a0 Boy: 1.73 cm\u00a0 \u00a0 G\u00f6\u011f\u00fcs: 85 cm\u00a0 \u00a0 Bel: 63 cm\u00a0 \u00a0Kal\u00e7a: 95 cm<br \/>\n\u00dcr\u00fcn \u00d6l\u00e7\u00fcs\u00fc<br \/>\nBoy: 69 cm\u00a0 \u00a0 G\u00f6\u011f\u00fcs: 51 cm\u00a0 \u00a0 Bel: 50 cm\u00a0 \u00a0Kal\u00e7a: 49 cm<br \/>\nY\u0131kama Talimat\u0131 :<br \/>\n\u2013 Makine ile So\u011fuk Y\u0131kama Yap\u0131n\u0131z (30C veya 65F ile 85F)<br \/>\n\u2013 Kurutma Makinesinde Kurutulamaz<br \/>\n\u2013 Kuru Temizleme , Trikloretilen Ay\u0131r\u0131\u00e7\u0131s\u0131yla Az \u00c7\u00f6z\u00fcc\u00fc Kullan\u0131n\u0131z<br \/>\n\u2013 D\u00fc\u015f\u00fck Is\u0131da \u00dct\u00fcleme Yap\u0131n\u0131z<br \/>\n\u2013 \u00c7ama\u015f\u0131r Suyu Kullanmay\u0131n\u0131z<\/p>\n<p>\u2014 Technical Details \u2014<br \/>\nKuma\u015f Tipi: CORSMAN \u0130P<br \/>\nKal\u0131p: Normal Kal\u0131p<br \/>\nKal\u0131p \u00d6zellikleri: Normal Kal\u0131p<br \/>\nBoy: 69<br \/>\nDesen: D\u00fcz<br \/>\nAstar Durumu: Astars\u0131z<br \/>\nBel: 50<br \/>\nCep: Yok<br \/>\nKal\u0131nl\u0131k: Kal\u0131n<br \/>\nKemer Ku\u015fak Durumu: Kemersiz<br \/>\nKol Boyu: 47<br \/>\nKol Tipi: Standart<br \/>\nMateryal: Viskon Kar\u0131\u015f\u0131ml\u0131<br \/>\nPar\u00e7a Say\u0131s\u0131: 1<br \/>\nBeden Aral\u0131\u011f\u0131: (38-40\/42-44)<\/p>\n","protected":false},"excerpt":{"rendered":"<p>Kuma\u015f : %5 Y\u00fcn %40 Akrilik %55 Viskon Kol : 47 cm Yaka Tipi : D\u00fcz Desen : D\u00fcz Kal\u0131p : Tam Kal\u0131p Model \u00d6l\u00e7\u00fcs\u00fc Beden: 36\u00a0 Boy: 1.73 cm\u00a0 \u00a0 G\u00f6\u011f\u00fcs: 85 cm\u00a0 \u00a0 Bel: 63 cm\u00a0 \u00a0Kal\u00e7a: 95 cm \u00dcr\u00fcn \u00d6l\u00e7\u00fcs\u00fc Boy: 69 cm\u00a0 \u00a0 G\u00f6\u011f\u00fcs: 51 cm\u00a0 \u00a0 Bel: 50 cm\u00a0 \u00a0Kal\u00e7a: [&hellip;]<\/p>\n","protected":false},"featured_media":0,"comment_status":"open","ping_status":"closed","template":"","meta":[],"product_brand":[],"product_cat":[2050],"product_tag":[],"class_list":{"0":"post-24511","1":"product","2":"type-product","3":"status-publish","5":"product_cat-blazer-ceketler","6":"pa_brand-ftz-women","7":"pa_color-siyah","8":"pa_size-38-40","9":"pa_size-42-44","11":"first","12":"instock","13":"sale","14":"shipping-taxable","15":"purchasable","16":"product-type-variable"},"_links":{"self":[{"href":"https:\/\/mod.wisdar.net\/tr\/wp-json\/wp\/v2\/product\/24511","targetHints":{"allow":["GET"]}}],"collection":[{"href":"https:\/\/mod.wisdar.net\/tr\/wp-json\/wp\/v2\/product"}],"about":[{"href":"https:\/\/mod.wisdar.net\/tr\/wp-json\/wp\/v2\/types\/product"}],"replies":[{"embeddable":true,"href":"https:\/\/mod.wisdar.net\/tr\/wp-json\/wp\/v2\/comments?post=24511"}],"wp:attachment":[{"href":"https:\/\/mod.wisdar.net\/tr\/wp-json\/wp\/v2\/media?parent=24511"}],"wp:term":[{"taxonomy":"product_brand","embeddable":true,"href":"https:\/\/mod.wisdar.net\/tr\/wp-json\/wp\/v2\/product_brand?post=24511"},{"taxonomy":"product_cat","embeddable":true,"href":"https:\/\/mod.wisdar.net\/tr\/wp-json\/wp\/v2\/product_cat?post=24511"},{"taxonomy":"product_tag","embeddable":true,"href":"https:\/\/mod.wisdar.net\/tr\/wp-json\/wp\/v2\/product_tag?post=24511"}],"curies":[{"name":"wp","href":"https:\/\/api.w.org\/{rel}","templated":true}]}}