{"id":24519,"date":"2025-11-12T17:59:09","date_gmt":"2025-11-12T17:59:09","guid":{"rendered":"https:\/\/modesthanim.com\/product\/ftz-kadin-tas-detayli-safran-tunik-20894\/"},"modified":"2026-03-26T03:53:38","modified_gmt":"2026-03-26T03:53:38","slug":"ftz-kadin-tas-detayli-safran-tunik-20894","status":"publish","type":"product","link":"https:\/\/mod.wisdar.net\/tr\/urun\/ftz-kadin-tas-detayli-safran-tunik-20894\/","title":{"rendered":"FTZ Kad\u0131n Ta\u015f Detayl\u0131 Safran Tunik 20894"},"content":{"rendered":"<p>Kuma\u015f: %5 Y\u00fcn, %40 Akrilik, %55 Viskon<br \/>\nKol: 44 cm<br \/>\nYaka Tipi: Yuvarlak<br \/>\nDesen: S\u00fcslemeli<br \/>\nKal\u0131p: Tam Beden<br \/>\nModel \u00d6l\u00e7\u00fcleri<br \/>\nBeden: 36\u00a0 Boy: 1.73 cm\u00a0 \u00a0G\u00f6\u011f\u00fcs: 85 cm\u00a0 \u00a0Bel: 63 cm\u00a0 \u00a0Kal\u00e7a: 95 cm<br \/>\n\u00dcr\u00fcn \u00d6l\u00e7\u00fcleri<br \/>\nUzunluk: 79 cm\u00a0 \u00a0G\u00f6\u011f\u00fcs: 50 cm\u00a0 \u00a0Bel: 49 cm\u00a0 \u00a0Kal\u00e7a: 50 cm<br \/>\nY\u0131kama Talimatlar\u0131 :<br \/>\n\u2013 So\u011fuk y\u0131kama (30C veya 65F ile 85F)<br \/>\n\u2013 Kurutma makinesinde kurutmay\u0131n<br \/>\n\u2013 Kuru temizleme, Trichloroethylene ile minimum solvent kullan\u0131n<br \/>\n\u2013 D\u00fc\u015f\u00fck s\u0131cakl\u0131kta \u00fct\u00fcleyin<br \/>\n\u2013 \u00c7ama\u015f\u0131r suyu kullanmay\u0131n<\/p>\n<p>\u2014 Teknik Detaylar \u2014<br \/>\nKuma\u015f T\u00fcr\u00fc: CORSMAN \u0130PL\u0130K<br \/>\nKal\u0131p: D\u00fczenli Kal\u0131p<br \/>\nKal\u0131p \u00d6zellikleri: D\u00fczenli Kal\u0131p<br \/>\nUzunluk: 79<br \/>\nDesen: S\u00fcslemeli<br \/>\nAstar Durumu: Astars\u0131z<br \/>\nBel: 49<br \/>\nCep: Yok<br \/>\nKal\u0131nl\u0131k: Orta<br \/>\nKemer Ge\u00e7irme Durumu: Kemersiz<br \/>\nKol Uzunlu\u011fu: 44<br \/>\nKol Tipi: Standart<br \/>\nMalzeme: Viskon Kar\u0131\u015f\u0131m\u0131<br \/>\nPar\u00e7a Say\u0131s\u0131: 1<br \/>\nBeden Aral\u0131\u011f\u0131: (38-40\/42-44)<\/p>\n","protected":false},"excerpt":{"rendered":"<p>Kuma\u015f: %5 Y\u00fcn, %40 Akrilik, %55 Viskon Kol: 44 cm Yaka Tipi: Yuvarlak Desen: S\u00fcslemeli Kal\u0131p: Tam Beden Model \u00d6l\u00e7\u00fcleri Beden: 36\u00a0 Boy: 1.73 cm\u00a0 \u00a0G\u00f6\u011f\u00fcs: 85 cm\u00a0 \u00a0Bel: 63 cm\u00a0 \u00a0Kal\u00e7a: 95 cm \u00dcr\u00fcn \u00d6l\u00e7\u00fcleri Uzunluk: 79 cm\u00a0 \u00a0G\u00f6\u011f\u00fcs: 50 cm\u00a0 \u00a0Bel: 49 cm\u00a0 \u00a0Kal\u00e7a: 50 cm Y\u0131kama Talimatlar\u0131 : \u2013 So\u011fuk y\u0131kama (30C [&hellip;]<\/p>\n","protected":false},"featured_media":0,"comment_status":"open","ping_status":"closed","template":"","meta":[],"product_brand":[],"product_cat":[2050],"product_tag":[],"class_list":{"0":"post-24519","1":"product","2":"type-product","3":"status-publish","5":"product_cat-blazer-ceketler","6":"pa_brand-ftz-women","7":"pa_color-safran","8":"pa_size-38-40","9":"pa_size-42-44","11":"first","12":"outofstock","13":"shipping-taxable","14":"product-type-variable"},"_links":{"self":[{"href":"https:\/\/mod.wisdar.net\/tr\/wp-json\/wp\/v2\/product\/24519","targetHints":{"allow":["GET"]}}],"collection":[{"href":"https:\/\/mod.wisdar.net\/tr\/wp-json\/wp\/v2\/product"}],"about":[{"href":"https:\/\/mod.wisdar.net\/tr\/wp-json\/wp\/v2\/types\/product"}],"replies":[{"embeddable":true,"href":"https:\/\/mod.wisdar.net\/tr\/wp-json\/wp\/v2\/comments?post=24519"}],"wp:attachment":[{"href":"https:\/\/mod.wisdar.net\/tr\/wp-json\/wp\/v2\/media?parent=24519"}],"wp:term":[{"taxonomy":"product_brand","embeddable":true,"href":"https:\/\/mod.wisdar.net\/tr\/wp-json\/wp\/v2\/product_brand?post=24519"},{"taxonomy":"product_cat","embeddable":true,"href":"https:\/\/mod.wisdar.net\/tr\/wp-json\/wp\/v2\/product_cat?post=24519"},{"taxonomy":"product_tag","embeddable":true,"href":"https:\/\/mod.wisdar.net\/tr\/wp-json\/wp\/v2\/product_tag?post=24519"}],"curies":[{"name":"wp","href":"https:\/\/api.w.org\/{rel}","templated":true}]}}