{"id":24547,"date":"2025-11-12T18:01:40","date_gmt":"2025-11-12T18:01:40","guid":{"rendered":"https:\/\/modesthanim.com\/product\/orme-bluzlu-uzun-tunik-takim-mercan\/"},"modified":"2026-04-15T22:23:21","modified_gmt":"2026-04-15T22:23:21","slug":"orme-bluzlu-uzun-tunik-takim-mercan","status":"publish","type":"product","link":"https:\/\/mod.wisdar.net\/tr\/urun\/orme-bluzlu-uzun-tunik-takim-mercan\/","title":{"rendered":"\u00d6rme Bluzlu Uzun Tunik Tak\u0131m \u2013 Mercan"},"content":{"rendered":"<p>Yumu\u015fak dokulu \u00f6rme bluzu ve sade uzun tuni\u011fiyle \u00f6ne \u00e7\u0131kan bu tak\u0131m, konforlu \u015f\u0131kl\u0131\u011f\u0131n ideal yans\u0131mas\u0131d\u0131r. Uyumlu tasar\u0131m\u0131 sayesinde zahmetsizce \u015f\u0131k bir g\u00f6r\u00fcn\u00fcm sunar. G\u00fcnl\u00fck kullan\u0131mda hem rahat hem stil sahibi olmak isteyenler i\u00e7in m\u00fckemmel bir se\u00e7imdir.<\/p>\n<p>\u00dcST DI\u015e<br \/>\nKuma\u015f \u0130\u00e7eri\u011fi: %100 Lyocell<br \/>\nKombin Kuma\u015f: %95 Viskon, %5 Elastan<br \/>\nDesen: D\u00fcz<br \/>\nYaka Tipi: G\u00f6mlek Yaka<br \/>\nKol Tipi: D\u00fc\u015f\u00fck Kol<br \/>\nCep: S\u00fcs Cep<br \/>\nAstar: Astars\u0131z<br \/>\n\u00dcr\u00fcn Boyu: 90 cm<br \/>\nKal\u0131p Tipi: Rahat Kal\u0131p<\/p>\n<p>\u00dcST \u0130\u00c7<br \/>\nKuma\u015f \u0130\u00e7eri\u011fi: %100 Lyocell<br \/>\nKombin Kuma\u015f: %95 Viskon, %5 Elastan<br \/>\nDesen: D\u00fcz<br \/>\nYaka Tipi: S\u0131f\u0131r Yaka<br \/>\nKol Tipi: S\u0131f\u0131r Kol<br \/>\nCep: Cepsiz<br \/>\nAstar: Astars\u0131z<br \/>\n\u00dcr\u00fcn Boyu: 54 cm<br \/>\nKal\u0131p Tipi: Rahat Kal\u0131p<br \/>\nMankenin Giydi\u011fi Beden: 38<br \/>\nManken \u00d6l\u00e7\u00fcleri: Boy: 175 cm, G\u00f6\u011f\u00fcs: 84 cm, Bel: 60 cm, Basen: 90 cm<\/p>\n<p>\u2014 Technical Details \u2014<br \/>\nDesen: D\u00fcz<br \/>\nYaka Tipi: G\u00f6mlek Yaka, S\u0131f\u0131r Yaka<br \/>\nKol Tipi: D\u00fc\u015f\u00fck Kol, S\u0131f\u0131r Kol<br \/>\nCep: S\u00fcs Cep, Cepsiz<br \/>\nAstar: Astars\u0131z<br \/>\n\u00dcr\u00fcn Boyu: 90 cm (\u00dcst D\u0131\u015f), 54 cm (\u00dcst \u0130\u00e7)<br \/>\nKal\u0131p Tipi: Rahat Kal\u0131p<\/p>\n","protected":false},"excerpt":{"rendered":"<p>Yumu\u015fak dokulu \u00f6rme bluzu ve sade uzun tuni\u011fiyle \u00f6ne \u00e7\u0131kan bu tak\u0131m, konforlu \u015f\u0131kl\u0131\u011f\u0131n ideal yans\u0131mas\u0131d\u0131r. Uyumlu tasar\u0131m\u0131 sayesinde zahmetsizce \u015f\u0131k bir g\u00f6r\u00fcn\u00fcm sunar. G\u00fcnl\u00fck kullan\u0131mda hem rahat hem stil sahibi olmak isteyenler i\u00e7in m\u00fckemmel bir se\u00e7imdir. \u00dcST DI\u015e Kuma\u015f \u0130\u00e7eri\u011fi: %100 Lyocell Kombin Kuma\u015f: %95 Viskon, %5 Elastan Desen: D\u00fcz Yaka Tipi: G\u00f6mlek Yaka [&hellip;]<\/p>\n","protected":false},"featured_media":0,"comment_status":"open","ping_status":"closed","template":"","meta":[],"product_brand":[],"product_cat":[2050],"product_tag":[5012,6770,6751,8107],"class_list":{"0":"post-24547","1":"product","2":"type-product","3":"status-publish","5":"product_cat-blazer-ceketler","6":"product_tag-elegant","7":"product_tag-gunluk-giyim","8":"product_tag-rahat","9":"product_tag-sik","10":"pa_brand-tugba","11":"pa_color-coral","12":"pa_size-4706","13":"pa_size-4711","14":"pa_size-4713","15":"pa_size-4751","16":"pa_size-4749","17":"pa_size-4747","19":"first","20":"instock","21":"sale","22":"shipping-taxable","23":"purchasable","24":"product-type-variable"},"_links":{"self":[{"href":"https:\/\/mod.wisdar.net\/tr\/wp-json\/wp\/v2\/product\/24547","targetHints":{"allow":["GET"]}}],"collection":[{"href":"https:\/\/mod.wisdar.net\/tr\/wp-json\/wp\/v2\/product"}],"about":[{"href":"https:\/\/mod.wisdar.net\/tr\/wp-json\/wp\/v2\/types\/product"}],"replies":[{"embeddable":true,"href":"https:\/\/mod.wisdar.net\/tr\/wp-json\/wp\/v2\/comments?post=24547"}],"wp:attachment":[{"href":"https:\/\/mod.wisdar.net\/tr\/wp-json\/wp\/v2\/media?parent=24547"}],"wp:term":[{"taxonomy":"product_brand","embeddable":true,"href":"https:\/\/mod.wisdar.net\/tr\/wp-json\/wp\/v2\/product_brand?post=24547"},{"taxonomy":"product_cat","embeddable":true,"href":"https:\/\/mod.wisdar.net\/tr\/wp-json\/wp\/v2\/product_cat?post=24547"},{"taxonomy":"product_tag","embeddable":true,"href":"https:\/\/mod.wisdar.net\/tr\/wp-json\/wp\/v2\/product_tag?post=24547"}],"curies":[{"name":"wp","href":"https:\/\/api.w.org\/{rel}","templated":true}]}}